{"id":16941,"date":"2022-08-27T11:37:46","date_gmt":"2022-08-27T09:37:46","guid":{"rendered":"https:\/\/baselle.com\/?post_type=product&#038;p=16941"},"modified":"2023-09-06T10:06:23","modified_gmt":"2023-09-06T08:06:23","slug":"louis-vuitton-haumea-tote-mahina-leder-16941","status":"publish","type":"product","link":"https:\/\/baselle.com\/en\/product\/louis-vuitton-haumea-tote-mahina-leder-16941\/","title":{"rendered":"Louis Vuitton Haumea Mahina"},"content":{"rendered":"<p>\n<strong>Louis Vuitton Haumea Tote Mahina Leder Handtasche Beschreibung<\/strong><\/p>\n<p>Diese originale Louis Vuitton Haumea Tote Mahina Leder Handtasche zeichnet sich durch hochwertig verarbeitete Details aus. Sie ist aus Monogram perforierten Mahina Leder sowie glattem Kalbsleder gefertigt und verf\u00fcgt \u00fcber silberne Beschl\u00e4ge und verspielte Quasten aus Leder. Die geflochtenen Griffe verleihen dieser Mahina Tote eine besonders elegante Ausstrahlung. Der abnehmbare und verstellbare Schulterriemen verspricht maximalen Tragekomfort und macht die Haumea zum idealen Begleiter f\u00fcr unterwegs. <\/p>\n<p>Der Rei\u00dfverschluss \u00f6ffnet sich zu einem mit dunkelgrauem Mikrofaser gef\u00fctterten Tascheninneren mit drei Steckf\u00e4chern. Zwei weitere Steckf\u00e4cher befinden sich auf der Vorder- und R\u00fcckseite der Tasche, die sich durch einen versteckten Magnetverschluss \u00f6ffnen lassen. Die vielen praktischen Details machen die Louis Vuitton Haumea Tote zum eleganten Lieblingsst\u00fcck f\u00fcr den t\u00e4glichen Gebrauch.\n<\/p>\n<p>\n<strong>Excellent condition<\/strong><br \/>\nDiese Louis Vuitton Haumea Tote Mahina Leder Handtasche aus zweiter Hand ist insgesamt in einem hervorragenden Zustand. Das Kalbsleder mit der Mahina Lochpr\u00e4gung ist in einem einwandfreien Zustand. Unter den Quasten befindet sich ein Hot-Stamping, welches sich jedoch durch die Quasten leicht verdecken l\u00e4sst. Das Tascheninnere ist sauber und weist keine L\u00f6cher\/Risse noch Ger\u00fcche auf.\n<\/p>\n<p>\n<strong>Style:<\/strong> Shoulder bag, handbag, crossbody<br \/>\n<strong>Size:<\/strong> NM<br \/>\n<strong>Dimensions (approx.):<\/strong> Breite 40 cm * H\u00f6he 25 cm * Tiefe 18 cm\n<\/p>\n<p>\n<strong>Exterior material:<\/strong> calfskin leather<br \/>\n<strong>Interior Material<\/strong> microfibre lining\n<\/p>\n<p>The pictures represent the offered bag. The picture rights are held by MyLovelyBoutique.com. <\/p>\n<p>Follow us on <a href=\"https:\/\/www.instagram.com\/mylovelyboutique.de\/\" rel=\"noopener noreferrer\" target=\"_blank\"><span style=\"color: #96588a;\">Instagram<\/span><\/a> and get inspired.<\/p>","protected":false},"excerpt":{"rendered":"<table class=\"mlb-product-details\">\n<tbody>\n<tr>\n<td class=\"mlb-details-caption\">Model<\/td>\n<td class=\"mlb-details-value\">Haumea Tote<\/td>\n<\/tr>\n<tr>\n<td class=\"mlb-details-caption\">Colour<\/td>\n<td class=\"mlb-details-value\">Black<\/td>\n<\/tr>\n<tr>\n<td class=\"mlb-details-caption\">Hardware<\/td>\n<td class=\"mlb-details-value\">Silver<\/td>\n<\/tr>\n<tr>\n<td class=\"mlb-details-caption\">Year<\/td>\n<td class=\"mlb-details-value\">2018<\/td>\n<\/tr>\n<tr>\n<td class=\"mlb-details-caption\">Accessoires<\/td>\n<td class=\"mlb-details-value\">Staubbeutel, abnehmbarer Schulterriemen, abnehmbare Quasten<\/td>\n<\/tr>\n<tr>\n<td class=\"mlb-details-caption\">Condition<\/td>\n<td class=\"mlb-details-value\">Excellent condition<\/td>\n<\/tr>\n<\/tbody>\n<\/table>","protected":false},"featured_media":16983,"template":"","meta":[],"product_brand":[],"product_cat":[87,154,68,1431,85,99],"product_tag":[],"class_list":{"0":"post-16941","1":"product","2":"type-product","3":"status-publish","4":"has-post-thumbnail","6":"product_cat-crossbodytaschen","7":"product_cat-designer","8":"product_cat-handtaschen","9":"product_cat-louisvuitton","10":"product_cat-schultertaschen","11":"product_cat-taschen","12":"product_shipping_class-bis2500","14":"first","15":"outofstock","16":"sold-individually","17":"shipping-taxable","18":"purchasable","19":"product-type-simple"},"_links":{"self":[{"href":"https:\/\/baselle.com\/en\/wp-json\/wp\/v2\/product\/16941","targetHints":{"allow":["GET"]}}],"collection":[{"href":"https:\/\/baselle.com\/en\/wp-json\/wp\/v2\/product"}],"about":[{"href":"https:\/\/baselle.com\/en\/wp-json\/wp\/v2\/types\/product"}],"wp:featuredmedia":[{"embeddable":true,"href":"https:\/\/baselle.com\/en\/wp-json\/wp\/v2\/media\/16983"}],"wp:attachment":[{"href":"https:\/\/baselle.com\/en\/wp-json\/wp\/v2\/media?parent=16941"}],"wp:term":[{"taxonomy":"product_brand","embeddable":true,"href":"https:\/\/baselle.com\/en\/wp-json\/wp\/v2\/product_brand?post=16941"},{"taxonomy":"product_cat","embeddable":true,"href":"https:\/\/baselle.com\/en\/wp-json\/wp\/v2\/product_cat?post=16941"},{"taxonomy":"product_tag","embeddable":true,"href":"https:\/\/baselle.com\/en\/wp-json\/wp\/v2\/product_tag?post=16941"}],"curies":[{"name":"wp","href":"https:\/\/api.w.org\/{rel}","templated":true}]}}