{"id":16839,"date":"2022-07-27T20:15:35","date_gmt":"2022-07-27T18:15:35","guid":{"rendered":"https:\/\/baselle.com\/?post_type=product&#038;p=16839"},"modified":"2022-08-05T11:07:47","modified_gmt":"2022-08-05T09:07:47","slug":"louis-vuitton-zoe-geldboerse-monogram-escale-pastel","status":"publish","type":"product","link":"https:\/\/baselle.com\/en\/product\/louis-vuitton-zoe-geldboerse-monogram-escale-pastel\/","title":{"rendered":"Louis Vuitton Zo\u00e9 Geldb\u00f6rse"},"content":{"rendered":"<p>\n<strong>Louis Vuitton Zo\u00e9 Geldb\u00f6rse Monogram Escale Pastel Beschreibung<\/strong> <\/p>\n<p>Diese originale Louis Vuitton Zo\u00e9 Geldb\u00f6rse Monogram Escale Pastel ist ein streng limitiertes Modell aus dem Jahr 2020. Sie besticht durch das Kn\u00fcpfbatik-Motiv und das wundersch\u00f6ne Zusammenspiel ihrer Pastellfarben. Die kleine Geldb\u00f6rse ist aus robustem Canvas und Rindsleder gefertigt und verf\u00fcgt \u00fcber silberne Beschl\u00e4ge. In ihrer kompakten Gr\u00f6\u00dfe passt sie hervorragend in jede kleine Handtasche und bietet dennoch genug Platz f\u00fcr Kreditkarten, Kleingeld sowie Geldscheine.\n<\/p>\n<p>\n<strong>Mint condition<\/strong><br \/>\nDiese  Louis Vuitton Zo\u00e9 Geldb\u00f6rse Monogram Escale Pastel aus zweiter Hand ist ungetragen und daher in einem neuwertigen Zustand. Das beschichtete Canvas, das Rindsleder sowie die silberfarbenen Beschl\u00e4ge sind dementsprechend in einem einwandfreien Zustand.\n<\/p>\n<p>\n<strong>Wallet size:<\/strong>  small<br \/>\n<strong>Dimensions (approx.):<\/strong> Breite 9,5 cm * H\u00f6he 7,5 cm * Tiefe 3 cm\n<\/p>\n<p>\n<strong>Exterior material:<\/strong> Coatet canvas<br \/>\n<strong>Interior Material<\/strong> cowhide leather\n<\/p>\n<p>The pictures represent the offered wallet. The picture rights are held by MyLovelyBoutique.com. <\/p>\n<p>Follow us on <a href=\"https:\/\/www.instagram.com\/mylovelyboutique.de\/\" rel=\"noopener noreferrer\" target=\"_blank\"><span style=\"color: #96588a;\">Instagram<\/span><\/a> and get inspired. <\/p>","protected":false},"excerpt":{"rendered":"<table class=\"mlb-product-details\">\n<tbody>\n<tr>\n<td class=\"mlb-details-caption\">Model<\/td>\n<td class=\"mlb-details-value\">Zo\u00e9 Geldb\u00f6rse Monogram Escale Pastel<\/td>\n<\/tr>\n<tr>\n<td class=\"mlb-details-caption\">Colour<\/td>\n<td class=\"mlb-details-value\">Rosa, Bunt<\/td>\n<\/tr>\n<tr>\n<td class=\"mlb-details-caption\">Hardware<\/td>\n<td class=\"mlb-details-value\">Silver<\/td>\n<\/tr>\n<tr>\n<td class=\"mlb-details-caption\">Year<\/td>\n<td class=\"mlb-details-value\">2020<\/td>\n<\/tr>\n<tr>\n<td class=\"mlb-details-caption\">Accessoires<\/td>\n<td class=\"mlb-details-value\">Rechnung, Box, Staubbeutel, LV-Booklet, LV-Materialinfo<\/td>\n<\/tr>\n<tr>\n<td class=\"mlb-details-caption\">Condition<\/td>\n<td class=\"mlb-details-value\">Mint condition<\/td>\n<\/tr>\n<\/tbody>\n<\/table>","protected":false},"featured_media":16842,"template":"","meta":[],"product_brand":[],"product_cat":[57,154,1431,89],"product_tag":[],"class_list":{"0":"post-16839","1":"product","2":"type-product","3":"status-publish","4":"has-post-thumbnail","6":"product_cat-accessories","7":"product_cat-designer","8":"product_cat-louisvuitton","9":"product_cat-portemonnaie","10":"product_shipping_class-bis1000","12":"first","13":"outofstock","14":"sold-individually","15":"shipping-taxable","16":"purchasable","17":"product-type-simple"},"_links":{"self":[{"href":"https:\/\/baselle.com\/en\/wp-json\/wp\/v2\/product\/16839","targetHints":{"allow":["GET"]}}],"collection":[{"href":"https:\/\/baselle.com\/en\/wp-json\/wp\/v2\/product"}],"about":[{"href":"https:\/\/baselle.com\/en\/wp-json\/wp\/v2\/types\/product"}],"wp:featuredmedia":[{"embeddable":true,"href":"https:\/\/baselle.com\/en\/wp-json\/wp\/v2\/media\/16842"}],"wp:attachment":[{"href":"https:\/\/baselle.com\/en\/wp-json\/wp\/v2\/media?parent=16839"}],"wp:term":[{"taxonomy":"product_brand","embeddable":true,"href":"https:\/\/baselle.com\/en\/wp-json\/wp\/v2\/product_brand?post=16839"},{"taxonomy":"product_cat","embeddable":true,"href":"https:\/\/baselle.com\/en\/wp-json\/wp\/v2\/product_cat?post=16839"},{"taxonomy":"product_tag","embeddable":true,"href":"https:\/\/baselle.com\/en\/wp-json\/wp\/v2\/product_tag?post=16839"}],"curies":[{"name":"wp","href":"https:\/\/api.w.org\/{rel}","templated":true}]}}