{"id":16749,"date":"2022-07-11T09:51:32","date_gmt":"2022-07-11T07:51:32","guid":{"rendered":"https:\/\/baselle.com\/?post_type=product&#038;p=16749"},"modified":"2022-11-02T13:08:24","modified_gmt":"2022-11-02T12:08:24","slug":"chanel-2-55-reissue-double-flap-bag-16749","status":"publish","type":"product","link":"https:\/\/baselle.com\/en\/product\/chanel-2-55-reissue-double-flap-bag-16749\/","title":{"rendered":"CHANEL 2.55 Denim Bag"},"content":{"rendered":"<p>\n<strong>CHANEL 2.55 Denim Camellia Reissue Double Flap Bag Handtasche Beschreibung<\/strong><\/p>\n<p>Diese originale CHANEL 2.55 Denim Camellia Reissue Double Flap Bag Handtasche ist eine schicke und klassische Tasche im typisch zeitlosen Stil von Chanel. In ihrer mittleren Gr\u00f6\u00dfe eignet sie sich perfekt als Everyday-Bag, denn sie bietet genug Platz f\u00fcr Portemonnaie, Schl\u00fcssel, Smartphone und Kosmetik. Die Reissue Bag ist aus gestepptem Denim sowie Kamelien Blumen gefertigt und verf\u00fcgt \u00fcber einen flexiblen Kettenriemen, ein Mademoiselle-Turnlock und silberne Hardware-Akzente.<\/p>\n<p>Der Mademoiselle-Turnlock-Verschluss und die Klappe mit Druckknopfverschluss \u00f6ffnen sich zu einem blauen Textilfutter, aufgeteilt in ein Hauptfach, zwei Steckf\u00e4cher und ein vorne aufgesetztes Steckfach. Des weiteren befindet sich unter der Lasche ein kleines Rei\u00dfverschlussfach und am Taschenr\u00fccken ein aufgesetztes Steckfach. Die Double Flap Bag kann kurz oder lang \u00fcber der Schulter getragen werden, so dass maximaler Tragekomfort garantiert ist. Eine komfortable und schlichte Handtasche, die Chanels klassisches Design verk\u00f6rpert.\n<\/p>\n<p>\n<strong>Excellent condition<\/strong><br \/>\nDiese CHANEL 2.55 Denim Camellia Reissue Double Flap Bag Handtasche aus zweiter Hand ist insgesamt in einem hervorragenden Zustand. Der Denim Stoff sowie die silberne Hardware sind in einem einwandfreien Zustand. Das Tascheninnere ist sauber, ohne Ger\u00fcche und weist keine L\u00f6cher\/Risse auf.\n<\/p>\n<p>\n<strong>Style:<\/strong> Shoulder bag, clutch, crossbody<br \/>\n<strong>Size:<\/strong> Medium<br \/>\n<strong>Dimensions (approx.):<\/strong> Breite 25 cm * H\u00f6he 15 cm * Tiefe 8,5 cm<br \/>\n<strong>Shoulder chain:<\/strong> einfach = 105 cm; doppelt = 64 cm\n<\/p>\n<p>\n<strong>Exterior material:<\/strong> Denim<br \/>\n<strong>Interior Material<\/strong> fabric lining\n<\/p>\n<p>The pictures represent the offered bag. The picture rights are held by MyLovelyBoutique.com. <\/p>\n<p>Follow us on <a href=\"https:\/\/www.instagram.com\/mylovelyboutique.de\/\" rel=\"noopener noreferrer\" target=\"_blank\"><span style=\"color: #96588a;\">Instagram<\/span><\/a> and get inspired.  <\/p>","protected":false},"excerpt":{"rendered":"<br \/>\n<table class=\"mlb-product-details\">\n<tbody>\n<tr>\n<td class=\"mlb-details-caption\">Model<\/td>\n<td class=\"mlb-details-value\">2.55 Denim Reissue Double Flap Bag<\/td>\n<\/tr>\n<tr>\n<td class=\"mlb-details-caption\">Colour<\/td>\n<td class=\"mlb-details-value\">Blau<\/td>\n<\/tr>\n<tr>\n<td class=\"mlb-details-caption\">Hardware<\/td>\n<td class=\"mlb-details-value\">Silver<\/td>\n<\/tr>\n<tr>\n<td class=\"mlb-details-caption\">Year<\/td>\n<td class=\"mlb-details-value\">2017<\/td>\n<\/tr>\n<tr>\n<td class=\"mlb-details-caption\">Accessoires<\/td>\n<td class=\"mlb-details-value\">Box, dustbag, serialnumber with hologram<\/td>\n<\/tr>\n<tr>\n<td class=\"mlb-details-caption\">Condition<\/td>\n<td class=\"mlb-details-value\">Excellent condition<\/td>\n<\/tr>\n<\/tbody>\n<\/table>","protected":false},"featured_media":16753,"template":"","meta":[],"product_brand":[],"product_cat":[1430,87,154,85,99],"product_tag":[],"class_list":{"0":"post-16749","1":"product","2":"type-product","3":"status-publish","4":"has-post-thumbnail","6":"product_cat-chanel","7":"product_cat-crossbodytaschen","8":"product_cat-designer","9":"product_cat-schultertaschen","10":"product_cat-taschen","11":"product_shipping_class-bis5000","13":"first","14":"outofstock","15":"sold-individually","16":"shipping-taxable","17":"purchasable","18":"product-type-simple"},"_links":{"self":[{"href":"https:\/\/baselle.com\/en\/wp-json\/wp\/v2\/product\/16749","targetHints":{"allow":["GET"]}}],"collection":[{"href":"https:\/\/baselle.com\/en\/wp-json\/wp\/v2\/product"}],"about":[{"href":"https:\/\/baselle.com\/en\/wp-json\/wp\/v2\/types\/product"}],"wp:featuredmedia":[{"embeddable":true,"href":"https:\/\/baselle.com\/en\/wp-json\/wp\/v2\/media\/16753"}],"wp:attachment":[{"href":"https:\/\/baselle.com\/en\/wp-json\/wp\/v2\/media?parent=16749"}],"wp:term":[{"taxonomy":"product_brand","embeddable":true,"href":"https:\/\/baselle.com\/en\/wp-json\/wp\/v2\/product_brand?post=16749"},{"taxonomy":"product_cat","embeddable":true,"href":"https:\/\/baselle.com\/en\/wp-json\/wp\/v2\/product_cat?post=16749"},{"taxonomy":"product_tag","embeddable":true,"href":"https:\/\/baselle.com\/en\/wp-json\/wp\/v2\/product_tag?post=16749"}],"curies":[{"name":"wp","href":"https:\/\/api.w.org\/{rel}","templated":true}]}}