{"id":16660,"date":"2022-06-13T13:32:26","date_gmt":"2022-06-13T11:32:26","guid":{"rendered":"https:\/\/baselle.com\/?post_type=product&#038;p=16660"},"modified":"2022-08-09T21:21:22","modified_gmt":"2022-08-09T19:21:22","slug":"louis-vuitton-stephen-sprouse-giant-leopard-silk-carre-16660","status":"publish","type":"product","link":"https:\/\/baselle.com\/en\/product\/louis-vuitton-stephen-sprouse-giant-leopard-silk-carre-16660\/","title":{"rendered":"Louis Vuitton Leo Carr\u00e9"},"content":{"rendered":"<p><strong>Louis Vuitton Stephen Sprouse Giant Leopard Silk Carr\u00e9 Seidentuch Beschreibung<\/strong><\/p>\n<p>Dieses originale Louis Vuitton Stephen Sprouse Giant Leopard Silk Carr\u00e9 Seidentuch ist ein zeitloses Bandeau, das auf viele verschiedene Arten getragen werden kann. Ob im Haar oder um den Hals, es ist in jedem Fall ein Hingucker und ein Lieblingsaccessoire!<\/p>\n<p><strong>Excellent condition<\/strong><br \/>\nDieses Louis Vuitton Stephen Sprouse Giant Leopard Silk Carr\u00e9 ist insgesamt in einem hervorragenden Zustand. Es ist frei von Ger\u00fcchen, Flecken oder Ziehf\u00e4den.  <\/p>\n<p><strong>Dimensions (approx.):<\/strong> Breite 135 cm * L\u00e4nge 135 cm<\/p>\n<p><strong>Material:<\/strong> 100 % silk<\/p>\n<p>Die Bilder stellen das angebotene Seidentuch dar und sind Eigentum von MyLovelyBoutique.com.<\/p>\n<p>Follow us on <a href=\"https:\/\/www.instagram.com\/mylovelyboutique.de\/\" rel=\"noopener noreferrer\" target=\"_blank\"><span style=\"color: #96588a;\">Instagram<\/span><\/a> and get inspired. <\/p>","protected":false},"excerpt":{"rendered":"<table class=\"mlb-product-details\">\n<tbody>\n<tr>\n<td class=\"mlb-details-caption\">Model<\/td>\n<td class=\"mlb-details-value\">Giant Leopard Silk Carr\u00e9 Seidentuch<\/td>\n<\/tr>\n<tr>\n<td class=\"mlb-details-caption\">Colour<\/td>\n<td class=\"mlb-details-value\">Blau, Koralle<\/td>\n<\/tr>\n<tr>\n<td class=\"mlb-details-caption\">Hardware<\/td>\n<td class=\"mlb-details-value\">&#8211;<\/td>\n<\/tr>\n<tr>\n<td class=\"mlb-details-caption\">Year<\/td>\n<td class=\"mlb-details-value\">2009<\/td>\n<\/tr>\n<tr>\n<td class=\"mlb-details-caption\">Accessoires<\/td>\n<td class=\"mlb-details-value\">&#8211;<\/td>\n<\/tr>\n<tr>\n<td class=\"mlb-details-caption\">Condition<\/td>\n<td class=\"mlb-details-value\">Excellent condition<\/td>\n<\/tr>\n<\/tbody>\n<\/table>","protected":false},"featured_media":16665,"template":"","meta":[],"product_brand":[],"product_cat":[57,154,1431,70],"product_tag":[],"class_list":{"0":"post-16660","1":"product","2":"type-product","3":"status-publish","4":"has-post-thumbnail","6":"product_cat-accessories","7":"product_cat-designer","8":"product_cat-louisvuitton","9":"product_cat-schalstuecher","10":"product_shipping_class-0-500","12":"first","13":"outofstock","14":"sold-individually","15":"shipping-taxable","16":"purchasable","17":"product-type-simple"},"_links":{"self":[{"href":"https:\/\/baselle.com\/en\/wp-json\/wp\/v2\/product\/16660","targetHints":{"allow":["GET"]}}],"collection":[{"href":"https:\/\/baselle.com\/en\/wp-json\/wp\/v2\/product"}],"about":[{"href":"https:\/\/baselle.com\/en\/wp-json\/wp\/v2\/types\/product"}],"wp:featuredmedia":[{"embeddable":true,"href":"https:\/\/baselle.com\/en\/wp-json\/wp\/v2\/media\/16665"}],"wp:attachment":[{"href":"https:\/\/baselle.com\/en\/wp-json\/wp\/v2\/media?parent=16660"}],"wp:term":[{"taxonomy":"product_brand","embeddable":true,"href":"https:\/\/baselle.com\/en\/wp-json\/wp\/v2\/product_brand?post=16660"},{"taxonomy":"product_cat","embeddable":true,"href":"https:\/\/baselle.com\/en\/wp-json\/wp\/v2\/product_cat?post=16660"},{"taxonomy":"product_tag","embeddable":true,"href":"https:\/\/baselle.com\/en\/wp-json\/wp\/v2\/product_tag?post=16660"}],"curies":[{"name":"wp","href":"https:\/\/api.w.org\/{rel}","templated":true}]}}