{"id":16636,"date":"2022-06-11T22:37:37","date_gmt":"2022-06-11T20:37:37","guid":{"rendered":"https:\/\/baselle.com\/?post_type=product&#038;p=16636"},"modified":"2022-08-23T16:40:30","modified_gmt":"2022-08-23T14:40:30","slug":"chanel-terry-cloth-backpack-16636","status":"publish","type":"product","link":"https:\/\/baselle.com\/en\/product\/chanel-terry-cloth-backpack-16636\/","title":{"rendered":"CHANEL Terry Cloth Backpack"},"content":{"rendered":"<p>\n<strong>CHANEL Terry Cloth Backpack Beschreibung<\/strong><\/p>\n<p>Dieser originale CHANEL Terry Cloth Backpack ist ein seltenes Vintage-Piece aus der CHANEL Fr\u00fchjahr-Sommer Kollektion 1994. Gefertigt ist der Rucksack aus weichem Frottee und verf\u00fcgt \u00fcber elastische und verstellbare Schulterriemen, eine abnehmbare Pochette sowie goldfarbene und schwarze Hardware.<\/p>\n<p>Durch den Kordelverschluss \u00f6ffnet sich der CHANEL Vintage Backpack zu einem wei\u00dfen Innenfutter mit einem ger\u00e4umigen Rucksackinneren.\n<\/p>\n<p>\n<strong>Very good condition:<\/strong><br \/>\nDieser CHANEL Terry Cloth Backpack aus zweiter Hand ist insgesamt in einem sehr guten Zustand. Die Baumwolle sowie das Innenfutter sind in einem gepflegten Zustand. Die Hardware ist in einem sehr guten Zustand.\n<\/p>\n<p>\n<strong>Style:<\/strong> Backpack<br \/>\n<strong>Size:<\/strong> Large<br \/>\n<strong>Dimensions (approx.):<\/strong> Breite 40 cm * H\u00f6he 43 cm * Tiefe 13 cm\n<\/p>\n<p>\n<strong>Exterior material:<\/strong> Baumwolle<br \/>\n<strong>Interior Material<\/strong> Seideninnenfutter\n<\/p>\n<p>Die Bilder stellen den angebotenen Rucksack dar und sind Eigentum von MyLovelyBoutique.com. <\/p>\n<p>Follow us on <a href=\"https:\/\/www.instagram.com\/mylovelyboutique.de\/\" rel=\"noopener noreferrer\" target=\"_blank\"><span style=\"color: #96588a;\">Instagram<\/span><\/a> and get inspired. <\/p>","protected":false},"excerpt":{"rendered":"<table class=\"mlb-product-details\">\n<tbody>\n<tr>\n<td class=\"mlb-details-caption\">Model<\/td>\n<td class=\"mlb-details-value\">Terry Cloth Backpack<\/td>\n<\/tr>\n<tr>\n<td class=\"mlb-details-caption\">Colour<\/td>\n<td class=\"mlb-details-value\">Beige, Schwarz<\/td>\n<\/tr>\n<tr>\n<td class=\"mlb-details-caption\">Hardware<\/td>\n<td class=\"mlb-details-value\">Gold, black<\/td>\n<\/tr>\n<tr>\n<td class=\"mlb-details-caption\">Year<\/td>\n<td class=\"mlb-details-value\">1994<\/td>\n<\/tr>\n<tr>\n<td class=\"mlb-details-caption\">Accessoires<\/td>\n<td class=\"mlb-details-value\">Dustbag, serialnumber with hologram<\/td>\n<\/tr>\n<tr>\n<td class=\"mlb-details-caption\">Condition<\/td>\n<td class=\"mlb-details-value\">Very good condition<\/td>\n<\/tr>\n<\/tbody>\n<\/table>","protected":false},"featured_media":16652,"template":"","meta":[],"product_brand":[],"product_cat":[1430,154,88,99],"product_tag":[],"class_list":{"0":"post-16636","1":"product","2":"type-product","3":"status-publish","4":"has-post-thumbnail","6":"product_cat-chanel","7":"product_cat-designer","8":"product_cat-rucksaecke","9":"product_cat-taschen","10":"product_shipping_class-bis5000","12":"first","13":"outofstock","14":"sold-individually","15":"shipping-taxable","16":"purchasable","17":"product-type-simple"},"_links":{"self":[{"href":"https:\/\/baselle.com\/en\/wp-json\/wp\/v2\/product\/16636","targetHints":{"allow":["GET"]}}],"collection":[{"href":"https:\/\/baselle.com\/en\/wp-json\/wp\/v2\/product"}],"about":[{"href":"https:\/\/baselle.com\/en\/wp-json\/wp\/v2\/types\/product"}],"wp:featuredmedia":[{"embeddable":true,"href":"https:\/\/baselle.com\/en\/wp-json\/wp\/v2\/media\/16652"}],"wp:attachment":[{"href":"https:\/\/baselle.com\/en\/wp-json\/wp\/v2\/media?parent=16636"}],"wp:term":[{"taxonomy":"product_brand","embeddable":true,"href":"https:\/\/baselle.com\/en\/wp-json\/wp\/v2\/product_brand?post=16636"},{"taxonomy":"product_cat","embeddable":true,"href":"https:\/\/baselle.com\/en\/wp-json\/wp\/v2\/product_cat?post=16636"},{"taxonomy":"product_tag","embeddable":true,"href":"https:\/\/baselle.com\/en\/wp-json\/wp\/v2\/product_tag?post=16636"}],"curies":[{"name":"wp","href":"https:\/\/api.w.org\/{rel}","templated":true}]}}