{"id":16575,"date":"2022-05-25T23:22:23","date_gmt":"2022-05-25T21:22:23","guid":{"rendered":"https:\/\/baselle.com\/?post_type=product&#038;p=16575"},"modified":"2023-01-22T17:08:27","modified_gmt":"2023-01-22T16:08:27","slug":"louis-vuitton-lockmeto-schwarz-16575","status":"publish","type":"product","link":"https:\/\/baselle.com\/en\/product\/louis-vuitton-lockmeto-schwarz-16575\/","title":{"rendered":"Louis Vuitton Lockmeto"},"content":{"rendered":"<p><strong>Louis Vuitton Lockmeto Leder Handtasche Beschreibung<\/strong><\/p>\n<p>Diese originale Louis Vuitton Lockmeto Leder Handtasche ist ein zeitlos elegantes und wundersch\u00f6nes Modell. Sie ist aus feinem Kalbsleder gefertigt und verf\u00fcgt \u00fcber sch\u00fctzende Taschenf\u00fc\u00dfe, goldfarbene Beschl\u00e4ge und einen Drehverschluss mit LV-Signatur.<\/p>\n<p>Die weichen Ledergriffe sowie der abnehmbare und verstellbare Schulterriemen garantieren Dir maximalen Tragekomfort im Alltag. Durch den Derverschluss und einen Magnetverschluss \u00f6ffnet sich die Lockmeto Handtasche zu einem schwarzen Mikrofaserinnenfutter mit zwei ger\u00e4umigen Innenf\u00e4chern getrennt durch ein gro\u00dfes Rei\u00dfverschlussfach mit zwei Steckf\u00e4chern.<\/p>\n<p><strong>Very good condition:<\/strong><br \/>\nDiese Louis Vuitton Lockmeto Leder Handtasche aus zweiter Hand ist insgesamt in einem sehr guten Zustand. Das Kalbsleder sowie die goldfarbene Hardware sind in einem sehr gepflegten Zustand. Auch das Tascheninnere ist sauber, ohne Ger\u00fcche und weist keine L\u00f6cher\/Risse auf.<\/p>\n<p><strong>Style:<\/strong> Handbag, shoulder bag<br \/>\n<strong>Size:<\/strong> MM<br \/>\n<strong>Dimensions (approx.):<\/strong> Breite 32 cm (unten) \/ 37 cm (oben) * H\u00f6he 23 cm * Tiefe 15 cm<br \/>\n<strong>Strap length (approx.):<\/strong> 112 cm<\/p>\n<p><strong>Exterior material:<\/strong> Grained calfskin leather<br \/>\n<strong>Interior Material<\/strong> microfibre lining<\/p>\n<p>The pictures represent the offered bag. The picture rights are held by MyLovelyBoutique.com.<\/p>\n<p>Follow us on <a href=\"https:\/\/www.instagram.com\/mylovelyboutique.de\/\" target=\"_blank\" rel=\"noopener noreferrer\"><span style=\"color: #96588a;\">Instagram<\/span><\/a> and get inspired.<\/p>","protected":false},"excerpt":{"rendered":"<table class=\"mlb-product-details\">\n<tbody>\n<tr>\n<td class=\"mlb-details-caption\">Model<\/td>\n<td class=\"mlb-details-value\">Lockmeto<\/td>\n<\/tr>\n<tr>\n<td class=\"mlb-details-caption\">Colour<\/td>\n<td class=\"mlb-details-value\">Black<\/td>\n<\/tr>\n<tr>\n<td class=\"mlb-details-caption\">Hardware<\/td>\n<td class=\"mlb-details-value\">Gold<\/td>\n<\/tr>\n<tr>\n<td class=\"mlb-details-caption\">Year<\/td>\n<td class=\"mlb-details-value\">2017<\/td>\n<\/tr>\n<tr>\n<td class=\"mlb-details-caption\">Accessoires<\/td>\n<td class=\"mlb-details-value\">LV-Rechnung, Box, Staubbeutel, abnehmbarer Schulterriemen<\/td>\n<\/tr>\n<tr>\n<td class=\"mlb-details-caption\">Condition<\/td>\n<td class=\"mlb-details-value\">Very good condition<\/td>\n<\/tr>\n<\/tbody>\n<\/table>","protected":false},"featured_media":16578,"template":"","meta":[],"product_brand":[],"product_cat":[154,68,1431,85,99],"product_tag":[],"class_list":{"0":"post-16575","1":"product","2":"type-product","3":"status-publish","4":"has-post-thumbnail","6":"product_cat-designer","7":"product_cat-handtaschen","8":"product_cat-louisvuitton","9":"product_cat-schultertaschen","10":"product_cat-taschen","11":"product_shipping_class-bis2500","13":"first","14":"outofstock","15":"sold-individually","16":"shipping-taxable","17":"purchasable","18":"product-type-simple"},"_links":{"self":[{"href":"https:\/\/baselle.com\/en\/wp-json\/wp\/v2\/product\/16575","targetHints":{"allow":["GET"]}}],"collection":[{"href":"https:\/\/baselle.com\/en\/wp-json\/wp\/v2\/product"}],"about":[{"href":"https:\/\/baselle.com\/en\/wp-json\/wp\/v2\/types\/product"}],"wp:featuredmedia":[{"embeddable":true,"href":"https:\/\/baselle.com\/en\/wp-json\/wp\/v2\/media\/16578"}],"wp:attachment":[{"href":"https:\/\/baselle.com\/en\/wp-json\/wp\/v2\/media?parent=16575"}],"wp:term":[{"taxonomy":"product_brand","embeddable":true,"href":"https:\/\/baselle.com\/en\/wp-json\/wp\/v2\/product_brand?post=16575"},{"taxonomy":"product_cat","embeddable":true,"href":"https:\/\/baselle.com\/en\/wp-json\/wp\/v2\/product_cat?post=16575"},{"taxonomy":"product_tag","embeddable":true,"href":"https:\/\/baselle.com\/en\/wp-json\/wp\/v2\/product_tag?post=16575"}],"curies":[{"name":"wp","href":"https:\/\/api.w.org\/{rel}","templated":true}]}}