{"id":16534,"date":"2022-05-20T13:12:57","date_gmt":"2022-05-20T11:12:57","guid":{"rendered":"https:\/\/baselle.com\/?post_type=product&#038;p=16534"},"modified":"2022-10-01T11:02:19","modified_gmt":"2022-10-01T09:02:19","slug":"chanel-subtle-flap-bag-16534","status":"publish","type":"product","link":"https:\/\/baselle.com\/en\/product\/chanel-subtle-flap-bag-16534\/","title":{"rendered":"CHANEL Subtle Flap Bag"},"content":{"rendered":"<p>\n<strong>CHANEL Large Subtle Flap Bag Handtasche Beschreibung<\/strong><\/p>\n<p>Diese originale CHANEL Large Subtle Flap Bag Handtasche ist ein elegantes Lieblingsst\u00fcck f\u00fcr den t\u00e4glichen Gebrauch. Die aufwendig eingen\u00e4hten feinen Goldketten im Chevron Design setzen bei diesem Modell ein besonderes Highlight. Die Flap Bag ist aus Schafsleder gefertigt und verf\u00fcgt \u00fcber gewebte Kettenriemen, ein CC-Klappverschluss sowie hellgoldene Hardware Akzente.<\/p>\n<p>Die CHANEL Subtle Bag kann als Schultertasche oder diagonal am K\u00f6rper getragen werden. F\u00fcr maximalen Tragekomfort geht der gewebte Kettenriemen in weiches Leder \u00fcber. Die Klappe \u00f6ffnet sich zu einem aus hellem Leder gef\u00fctterten Tascheninneren mit zwei Steckf\u00e4chern und einem Rei\u00dfverschlussfach. Am Taschenr\u00fccken befindet sich ein weiteres Steckfach mit verstecktem Magnetverschluss.\n<\/p>\n<p>\n<strong>Excellent condition<\/strong><br \/>\nDiese CHANEL Large Subtle Flap Bag Handtasche aus zweiter Hand ist insgesamt in einem hervorragenden Zustand. Das Schafsleder sowie die goldfarbene Hardware sind in einem sehr gepflegten Zustand. Auch das Tascheninnere ist sauber, ohne Flecken und weist keine L\u00f6cher\/Risse auf.\n<\/p>\n<p>\n<strong>Style:<\/strong> Shoulder bag, clutch, crossbody<br \/>\n<strong>Size:<\/strong> Medium<br \/>\n<strong>Dimensions (approx.):<\/strong> Breite 25 cm * H\u00f6he 16,5 cm * Tiefe 8 cm<br \/>\n<strong>Shoulder strap (approx.):<\/strong> einfach = 104 cm, doppelt = 64 cm\n<\/p>\n<p>\n<strong>Exterior material:<\/strong> Schafsleder<br \/>\n<strong>Interior Material<\/strong> Leather lining\n<\/p>\n<p>The pictures represent the offered bag. The picture rights are held by MyLovelyBoutique.com. <\/p>\n<p>Follow us on <a href=\"https:\/\/www.instagram.com\/mylovelyboutique.de\/\" rel=\"noopener noreferrer\" target=\"_blank\"><span style=\"color: #96588a;\">Instagram<\/span><\/a> and get inspired. <\/p>","protected":false},"excerpt":{"rendered":"<table class=\"mlb-product-details\">\n<tbody>\n<tr>\n<td class=\"mlb-details-caption\">Model<\/td>\n<td class=\"mlb-details-value\">Large Subtle Flap Bag<\/td>\n<\/tr>\n<tr>\n<td class=\"mlb-details-caption\">Colour<\/td>\n<td class=\"mlb-details-value\">Brown<\/td>\n<\/tr>\n<tr>\n<td class=\"mlb-details-caption\">Hardware<\/td>\n<td class=\"mlb-details-value\">Light gold<\/td>\n<\/tr>\n<tr>\n<td class=\"mlb-details-caption\">Year<\/td>\n<td class=\"mlb-details-value\">2018<\/td>\n<\/tr>\n<tr>\n<td class=\"mlb-details-caption\">Accessoires<\/td>\n<td class=\"mlb-details-value\">Box, dustbag, serialnumber with hologram<\/td>\n<\/tr>\n<tr>\n<td class=\"mlb-details-caption\">Condition<\/td>\n<td class=\"mlb-details-value\">Excellent condition<\/td>\n<\/tr>\n<\/tbody>\n<\/table>","protected":false},"featured_media":16535,"template":"","meta":[],"product_brand":[],"product_cat":[1430,87,154,85,99],"product_tag":[],"class_list":{"0":"post-16534","1":"product","2":"type-product","3":"status-publish","4":"has-post-thumbnail","6":"product_cat-chanel","7":"product_cat-crossbodytaschen","8":"product_cat-designer","9":"product_cat-schultertaschen","10":"product_cat-taschen","11":"product_shipping_class-bis5000","13":"first","14":"outofstock","15":"sold-individually","16":"shipping-taxable","17":"purchasable","18":"product-type-simple"},"_links":{"self":[{"href":"https:\/\/baselle.com\/en\/wp-json\/wp\/v2\/product\/16534","targetHints":{"allow":["GET"]}}],"collection":[{"href":"https:\/\/baselle.com\/en\/wp-json\/wp\/v2\/product"}],"about":[{"href":"https:\/\/baselle.com\/en\/wp-json\/wp\/v2\/types\/product"}],"wp:featuredmedia":[{"embeddable":true,"href":"https:\/\/baselle.com\/en\/wp-json\/wp\/v2\/media\/16535"}],"wp:attachment":[{"href":"https:\/\/baselle.com\/en\/wp-json\/wp\/v2\/media?parent=16534"}],"wp:term":[{"taxonomy":"product_brand","embeddable":true,"href":"https:\/\/baselle.com\/en\/wp-json\/wp\/v2\/product_brand?post=16534"},{"taxonomy":"product_cat","embeddable":true,"href":"https:\/\/baselle.com\/en\/wp-json\/wp\/v2\/product_cat?post=16534"},{"taxonomy":"product_tag","embeddable":true,"href":"https:\/\/baselle.com\/en\/wp-json\/wp\/v2\/product_tag?post=16534"}],"curies":[{"name":"wp","href":"https:\/\/api.w.org\/{rel}","templated":true}]}}