{"id":16411,"date":"2022-04-14T11:59:12","date_gmt":"2022-04-14T09:59:12","guid":{"rendered":"https:\/\/baselle.com\/?post_type=product&#038;p=16411"},"modified":"2022-05-16T15:53:45","modified_gmt":"2022-05-16T13:53:45","slug":"louis-vuitton-mini-monogram-guertel-16411","status":"publish","type":"product","link":"https:\/\/baselle.com\/en\/product\/louis-vuitton-mini-monogram-guertel-16411\/","title":{"rendered":"Louis Vuitton Mini Monogram G\u00fcrtel"},"content":{"rendered":"<p>\n<strong>Louis Vuitton Mini Monogram G\u00fcrtel 25 MM Beschreibung<\/strong> <\/p>\n<p>Dieser originale Louis Vuitton Mini Monogram G\u00fcrtel 25 MM ist aus Monogram Canvas gefertigt und verf\u00fcgt \u00fcber eine Lederinnenseite und eine gl\u00e4nzende goldfarbene Schlie\u00dfe.\n<\/p>\n<p>\n<strong>Very good condition:<\/strong><br \/>\nDieser Louis Vuitton Mini Monogram G\u00fcrtel 25 MM aus zweiter Hand ist insgesamt in einem sehr guten Zustand.\n<\/p>\n<p>\n<strong>Dimensions (approx.):<\/strong> L\u00e4nge = 95 cm\n<\/p>\n<p>\n<strong>Materials:<\/strong> Canvas, Leder\n<\/p>\n<p>The pictures represent the offered belt. The picture rights are held by MyLovelyBoutique.com. <\/p>\n<p>Follow us on <a href=\"https:\/\/www.instagram.com\/mylovelyboutique.de\/\" rel=\"noopener noreferrer\" target=\"_blank\"><span style=\"color: #96588a;\">Instagram<\/span><\/a> and get inspired. <\/p>","protected":false},"excerpt":{"rendered":"<table class=\"mlb-product-details\">\n<tbody>\n<tr>\n<td class=\"mlb-details-caption\">Model<\/td>\n<td class=\"mlb-details-value\">Mini Monogram G\u00fcrtel 25 MM<\/td>\n<\/tr>\n<tr>\n<td class=\"mlb-details-caption\">Colour<\/td>\n<td class=\"mlb-details-value\">Brown<\/td>\n<\/tr>\n<tr>\n<td class=\"mlb-details-caption\">Hardware<\/td>\n<td class=\"mlb-details-value\">Gold<\/td>\n<\/tr>\n<tr>\n<td class=\"mlb-details-caption\">Year<\/td>\n<td class=\"mlb-details-value\">2020<\/td>\n<\/tr>\n<tr>\n<td class=\"mlb-details-caption\">Accessoires<\/td>\n<td class=\"mlb-details-value\">Invoice, box, dustbag<\/td>\n<\/tr>\n<tr>\n<td class=\"mlb-details-caption\">Condition<\/td>\n<td class=\"mlb-details-value\">Very good condition<\/td>\n<\/tr>\n<\/tbody>\n<\/table>","protected":false},"featured_media":16414,"template":"","meta":[],"product_brand":[],"product_cat":[57,154,90,1431],"product_tag":[],"class_list":{"0":"post-16411","1":"product","2":"type-product","3":"status-publish","4":"has-post-thumbnail","6":"product_cat-accessories","7":"product_cat-designer","8":"product_cat-kleinlederwaren","9":"product_cat-louisvuitton","10":"product_shipping_class-0-500","12":"first","13":"outofstock","14":"sold-individually","15":"shipping-taxable","16":"purchasable","17":"product-type-simple"},"_links":{"self":[{"href":"https:\/\/baselle.com\/en\/wp-json\/wp\/v2\/product\/16411","targetHints":{"allow":["GET"]}}],"collection":[{"href":"https:\/\/baselle.com\/en\/wp-json\/wp\/v2\/product"}],"about":[{"href":"https:\/\/baselle.com\/en\/wp-json\/wp\/v2\/types\/product"}],"wp:featuredmedia":[{"embeddable":true,"href":"https:\/\/baselle.com\/en\/wp-json\/wp\/v2\/media\/16414"}],"wp:attachment":[{"href":"https:\/\/baselle.com\/en\/wp-json\/wp\/v2\/media?parent=16411"}],"wp:term":[{"taxonomy":"product_brand","embeddable":true,"href":"https:\/\/baselle.com\/en\/wp-json\/wp\/v2\/product_brand?post=16411"},{"taxonomy":"product_cat","embeddable":true,"href":"https:\/\/baselle.com\/en\/wp-json\/wp\/v2\/product_cat?post=16411"},{"taxonomy":"product_tag","embeddable":true,"href":"https:\/\/baselle.com\/en\/wp-json\/wp\/v2\/product_tag?post=16411"}],"curies":[{"name":"wp","href":"https:\/\/api.w.org\/{rel}","templated":true}]}}