{"id":16394,"date":"2022-04-09T16:49:25","date_gmt":"2022-04-09T14:49:25","guid":{"rendered":"https:\/\/baselle.com\/?post_type=product&#038;p=16394"},"modified":"2024-04-06T12:22:05","modified_gmt":"2024-04-06T10:22:05","slug":"louis-vuitton-lockme-rose-ballerine-16394","status":"publish","type":"product","link":"https:\/\/baselle.com\/en\/product\/louis-vuitton-lockme-rose-ballerine-16394\/","title":{"rendered":"Louis Vuitton Lockme II"},"content":{"rendered":"<p>\n<strong>Louis Vuitton Lockme II Leder Handtasche Beschreibung<\/strong><\/p>\n<p>Diese originale Louis Vuitton Lockme II Leder Handtasche ist ein elegantes Lieblingsst\u00fcck f\u00fcr die moderne Frau. Das schlichte Design und das ger\u00e4umige Interieur machen aus diesem Modell die perfekte Alltagsbegleitung. Diese stilvolle Tasche ist aus geschmeidigem, genarbten Kalbsleder gefertigt und verf\u00fcgt \u00fcber eine eckige Silhouette. Weitere raffinierte Details sind der komfortable Ledergriff, ein gro\u00dfes LV-Logo, eine abnehmbare Clochette mit verstecktem Schl\u00fcsselring sowie silberfarbene Beschl\u00e4ge.  <\/p>\n<p>Der Drehverschluss mit LV Signatur \u00f6ffnet sich zu einem gro\u00dfz\u00fcgigen Inneren. Dieses ist unterteilt in zwei separate Innenf\u00e4cher, eine offene Innentasche und zwei aufgesetzte Steckf\u00e4chern. Die Louis Vuitton Lockme II Leder Handtasche kann an der Hand oder durch den abnehmbaren, f\u00fcnffach verstellbaren Schulterriemen bequem \u00fcber der Schulter sowie diagonal am K\u00f6rper getragen werden.\n<\/p>\n<p>\n<strong>Excellent condition<\/strong><br \/>\nDiese Louis Vuitton Lockme II Leder Handtasche aus zweiter Hand ist insgesamt in einem hervorragenden Zustand. Das genarbte Kalbsleder ist rundum in einem einwandfreien Zustand. Die silberne Hardware ist in einem sehr guten Zustand. Das Tascheninnere ist sauber, ohne Ger\u00fcche und weist keine L\u00f6cher\/Risse auf. Bitte beachte, dass auf den Produktbildern ein Produktst\u00e4nder am Taschenhenkel wegretuschiert wurde &#8211; der Taschenhenkel ist in einem einwandfreien Zustand.\n<\/p>\n<p>\n<strong>Style:<\/strong> Hand-\/Schultertasche\/Crossbody<br \/>\n<strong>Size:<\/strong> NM<br \/>\n<strong>Dimensions (approx.):<\/strong> Breite 28 cm * H\u00f6he 22 cm * Tiefe 10 cm<br \/>\n<strong>Strap length:<\/strong> min. 90 cm, max. 117 cm\n<\/p>\n<p>\n<strong>Exterior material:<\/strong> Grained calfskin leather<br \/>\n<strong>Interior Material<\/strong> fabric lining\n<\/p>\n<p>The pictures represent the offered bag. The picture rights are held by MyLovelyBoutique.com.<\/p>\n<p>Follow us on <a href=\"https:\/\/www.instagram.com\/mylovelyboutique.de\/\" rel=\"noopener noreferrer\" target=\"_blank\"><span style=\"color: #96588a;\">Instagram<\/span><\/a> and get inspired. <\/p>","protected":false},"excerpt":{"rendered":"<table class=\"mlb-product-details\">\n<tbody>\n<tr>\n<td class=\"mlb-details-caption\">Model<\/td>\n<td class=\"mlb-details-value\">Louis Vuitton Lockme II<\/td>\n<\/tr>\n<tr>\n<td class=\"mlb-details-caption\">Colour<\/td>\n<td class=\"mlb-details-value\">Rose Ballerine<\/td>\n<\/tr>\n<tr>\n<td class=\"mlb-details-caption\">Hardware<\/td>\n<td class=\"mlb-details-value\">Silver<\/td>\n<\/tr>\n<tr>\n<td class=\"mlb-details-caption\">Year<\/td>\n<td class=\"mlb-details-value\">2015<\/td>\n<\/tr>\n<tr>\n<td class=\"mlb-details-caption\">Accessoires<\/td>\n<td class=\"mlb-details-value\">Rechnung, Staubbeutel, Schulterriemen, Clochette mit Schl\u00fcsselring, LV-Booklet, LV-Materialinfo<\/td>\n<\/tr>\n<tr>\n<td class=\"mlb-details-caption\">Condition<\/td>\n<td class=\"mlb-details-value\">Excellent condition<\/td>\n<\/tr>\n<\/tbody>\n<\/table>","protected":false},"featured_media":16397,"template":"","meta":[],"product_brand":[],"product_cat":[87,154,68,1431,85,99],"product_tag":[],"class_list":{"0":"post-16394","1":"product","2":"type-product","3":"status-publish","4":"has-post-thumbnail","6":"product_cat-crossbodytaschen","7":"product_cat-designer","8":"product_cat-handtaschen","9":"product_cat-louisvuitton","10":"product_cat-schultertaschen","11":"product_cat-taschen","12":"product_shipping_class-bis2500","14":"first","15":"outofstock","16":"sold-individually","17":"shipping-taxable","18":"purchasable","19":"product-type-simple"},"_links":{"self":[{"href":"https:\/\/baselle.com\/en\/wp-json\/wp\/v2\/product\/16394","targetHints":{"allow":["GET"]}}],"collection":[{"href":"https:\/\/baselle.com\/en\/wp-json\/wp\/v2\/product"}],"about":[{"href":"https:\/\/baselle.com\/en\/wp-json\/wp\/v2\/types\/product"}],"wp:featuredmedia":[{"embeddable":true,"href":"https:\/\/baselle.com\/en\/wp-json\/wp\/v2\/media\/16397"}],"wp:attachment":[{"href":"https:\/\/baselle.com\/en\/wp-json\/wp\/v2\/media?parent=16394"}],"wp:term":[{"taxonomy":"product_brand","embeddable":true,"href":"https:\/\/baselle.com\/en\/wp-json\/wp\/v2\/product_brand?post=16394"},{"taxonomy":"product_cat","embeddable":true,"href":"https:\/\/baselle.com\/en\/wp-json\/wp\/v2\/product_cat?post=16394"},{"taxonomy":"product_tag","embeddable":true,"href":"https:\/\/baselle.com\/en\/wp-json\/wp\/v2\/product_tag?post=16394"}],"curies":[{"name":"wp","href":"https:\/\/api.w.org\/{rel}","templated":true}]}}