{"id":16366,"date":"2022-04-01T14:14:26","date_gmt":"2022-04-01T12:14:26","guid":{"rendered":"https:\/\/baselle.com\/?post_type=product&#038;p=16366"},"modified":"2022-04-21T17:33:27","modified_gmt":"2022-04-21T15:33:27","slug":"louis-vuitton-taschenschmuck-schluesselanhaenger-16366","status":"publish","type":"product","link":"https:\/\/baselle.com\/en\/product\/louis-vuitton-taschenschmuck-schluesselanhaenger-16366\/","title":{"rendered":"Louis Vuitton Taschenschmuck"},"content":{"rendered":"<p>\n<strong>Louis Vuitton Monogram Jungle Taschenschmuck Schl\u00fcsselanh\u00e4nger Beschreibung<\/strong> <\/p>\n<p>Dieser originale Louis Vuitton Monogram Jungle Taschenschmuck Schl\u00fcsselanh\u00e4nger ist aus Monogram Canvas gefertigt und verf\u00fcgt \u00fcber einen Karabiner sowie einen Schl\u00fcsselring. Ob an Deiner Tasche befestigt oder als Schl\u00fcsselanh\u00e4nger &#8211; er ist immer ein Hingucker!\n<\/p>\n<p>\n<strong>Mint condition<\/strong><br \/>\nDieser Louis Vuitton Monogram Jungle Taschenschmuck Schl\u00fcsselanh\u00e4nger aus zweiter Hand ist in einem neuwertigen Zustand. Er ist ungetragen, dementsprechend sind die goldfarbene Hardware sowie das Canvas in einem einwandfreien Zustand.\n<\/p>\n<p>\n<strong>Dimensions (approx.):<\/strong> Durchmesser = 8 cm\n<\/p>\n<p>\n<strong>Materials:<\/strong> Canvas\n<\/p>\n<p>The pictures represent the offered bag charm. The picture rights are held by MyLovelyBoutique.com. <\/p>\n<p>Follow us on <a href=\"https:\/\/www.instagram.com\/mylovelyboutique.de\/\" rel=\"noopener noreferrer\" target=\"_blank\"><span style=\"color: #96588a;\">Instagram<\/span><\/a> and get inspired. <\/p>","protected":false},"excerpt":{"rendered":"<table class=\"mlb-product-details\">\n<tbody>\n<tr>\n<td class=\"mlb-details-caption\">Model<\/td>\n<td class=\"mlb-details-value\">Monogram Jungle Taschenschmuck Schl\u00fcsselanh\u00e4nger<\/td>\n<\/tr>\n<tr>\n<td class=\"mlb-details-caption\">Colour<\/td>\n<td class=\"mlb-details-value\">Braun, Rot, Blau<\/td>\n<\/tr>\n<tr>\n<td class=\"mlb-details-caption\">Hardware<\/td>\n<td class=\"mlb-details-value\">Gold<\/td>\n<\/tr>\n<tr>\n<td class=\"mlb-details-caption\">Year<\/td>\n<td class=\"mlb-details-value\">2016<\/td>\n<\/tr>\n<tr>\n<td class=\"mlb-details-caption\">Accessoires<\/td>\n<td class=\"mlb-details-value\">Invoice, box, dustbag<\/td>\n<\/tr>\n<tr>\n<td class=\"mlb-details-caption\">Condition<\/td>\n<td class=\"mlb-details-value\">Mint condition<\/td>\n<\/tr>\n<\/tbody>\n<\/table>","protected":false},"featured_media":16369,"template":"","meta":[],"product_brand":[],"product_cat":[57,90,92],"product_tag":[],"class_list":{"0":"post-16366","1":"product","2":"type-product","3":"status-publish","4":"has-post-thumbnail","6":"product_cat-accessories","7":"product_cat-kleinlederwaren","8":"product_cat-taschenschmuck","9":"product_shipping_class-0-500","11":"first","12":"outofstock","13":"sold-individually","14":"shipping-taxable","15":"purchasable","16":"product-type-simple"},"_links":{"self":[{"href":"https:\/\/baselle.com\/en\/wp-json\/wp\/v2\/product\/16366","targetHints":{"allow":["GET"]}}],"collection":[{"href":"https:\/\/baselle.com\/en\/wp-json\/wp\/v2\/product"}],"about":[{"href":"https:\/\/baselle.com\/en\/wp-json\/wp\/v2\/types\/product"}],"wp:featuredmedia":[{"embeddable":true,"href":"https:\/\/baselle.com\/en\/wp-json\/wp\/v2\/media\/16369"}],"wp:attachment":[{"href":"https:\/\/baselle.com\/en\/wp-json\/wp\/v2\/media?parent=16366"}],"wp:term":[{"taxonomy":"product_brand","embeddable":true,"href":"https:\/\/baselle.com\/en\/wp-json\/wp\/v2\/product_brand?post=16366"},{"taxonomy":"product_cat","embeddable":true,"href":"https:\/\/baselle.com\/en\/wp-json\/wp\/v2\/product_cat?post=16366"},{"taxonomy":"product_tag","embeddable":true,"href":"https:\/\/baselle.com\/en\/wp-json\/wp\/v2\/product_tag?post=16366"}],"curies":[{"name":"wp","href":"https:\/\/api.w.org\/{rel}","templated":true}]}}