{"id":16269,"date":"2022-03-15T13:08:55","date_gmt":"2022-03-15T12:08:55","guid":{"rendered":"https:\/\/baselle.com\/?post_type=product&#038;p=16269"},"modified":"2022-04-01T14:15:20","modified_gmt":"2022-04-01T12:15:20","slug":"louis-vuitton-montaigne-bb-monogram-empreinte-leder-schwarz-16269","status":"publish","type":"product","link":"https:\/\/baselle.com\/en\/product\/louis-vuitton-montaigne-bb-monogram-empreinte-leder-schwarz-16269\/","title":{"rendered":"Louis Vuitton Montaigne BB"},"content":{"rendered":"<p>\n<strong>Louis Vuitton Montaigne BB Monogram Empreinte Leder Handtasche Beschreibung<\/strong><\/p>\n<p>Diese originale Louis Vuitton Montaigne BB Monogram Empreinte Leder Handtasche besticht durch ihr funktionales Design und ist perfekt f\u00fcr die moderne Frau. Ob f\u00fcr die Arbeit oder als elegantes Accessoire in der Freizeit, dieses strukturierte Modell eignet sich f\u00fcr zahlreiche Anl\u00e4sse. Sie ist aus Rindsleder mit gepr\u00e4gtem Louis Vuitton Monogram gefertigt und verf\u00fcgt \u00fcber eine eckige Silhouette, goldfarbene Hardware-Akzente, doppelt gerollte Ledergriffe sowie einen abnehmbaren Schulterriemen f\u00fcr maximalen Tragekomfort.<\/p>\n<p>Das graue Innenfutter mit Hakenverschluss umfasst ein mittleres Rei\u00dfverschlussfach und drei Steckf\u00e4cher f\u00fcr die Aufbewahrung von Dingen des t\u00e4glichen Bedarfs. Die Montaigne BB ist ein kompaktes Lieblingsst\u00fcck, das dank einer Vielzahl von F\u00e4chern optimal f\u00fcr den t\u00e4glichen Gebrauch ist.\n<\/p>\n<p>\n<strong>Very good condition:<\/strong><br \/>\nDiese Louis Vuitton Montaigne BB Monogram Empreinte Leder Handtasche aus zweiter Hand ist insgesamt in einem sehr guten Zustand. Das genarbte Rindsleder ist in einem sehr gepflegten Zustand. Das Tascheninnere ist sauber, ohne Ger\u00fcche und weist keine L\u00f6cher\/Risse auf.\n<\/p>\n<p>\n<strong>Style:<\/strong> Shoulder bag, handbag, crossbody<br \/>\n<strong>Size:<\/strong> BB<br \/>\n<strong>Dimensions (approx.):<\/strong> Breite 29 cm * H\u00f6he 20 cm * Tiefe 13 cm<br \/>\n<strong>Strap length (approx.):<\/strong> 115 cm\n<\/p>\n<p>\n<strong>Exterior material:<\/strong> cowhide leather<br \/>\n<strong>Interior Material<\/strong> fabric lining\n<\/p>\n<p>The pictures represent the offered bag. The picture rights are held by MyLovelyBoutique.com. <\/p>\n<p>Follow us on <a href=\"https:\/\/www.instagram.com\/mylovelyboutique.de\/\" rel=\"noopener noreferrer\" target=\"_blank\"><span style=\"color: #96588a;\">Instagram<\/span><\/a> and get inspired. <\/p>","protected":false},"excerpt":{"rendered":"<table class=\"mlb-product-details\">\n<tbody>\n<tr>\n<td class=\"mlb-details-caption\">Model<\/td>\n<td class=\"mlb-details-value\">Montaigne BB Monogram Empreinte<\/td>\n<\/tr>\n<tr>\n<td class=\"mlb-details-caption\">Colour<\/td>\n<td class=\"mlb-details-value\">Black<\/td>\n<\/tr>\n<tr>\n<td class=\"mlb-details-caption\">Hardware<\/td>\n<td class=\"mlb-details-value\">Gold<\/td>\n<\/tr>\n<tr>\n<td class=\"mlb-details-caption\">Year<\/td>\n<td class=\"mlb-details-value\">2015<\/td>\n<\/tr>\n<tr>\n<td class=\"mlb-details-caption\">Accessoires<\/td>\n<td class=\"mlb-details-value\">Staubbeutel, abnehmbarer Schultterriemen, Clochette, Schloss + Schl\u00fcssel, LV-Booklet<\/td>\n<\/tr>\n<tr>\n<td class=\"mlb-details-caption\">Condition<\/td>\n<td class=\"mlb-details-value\">Very good condition<\/td>\n<\/tr>\n<\/tbody>\n<\/table>","protected":false},"featured_media":16272,"template":"","meta":[],"product_brand":[],"product_cat":[87,154,68,1431,85,99],"product_tag":[],"class_list":{"0":"post-16269","1":"product","2":"type-product","3":"status-publish","4":"has-post-thumbnail","6":"product_cat-crossbodytaschen","7":"product_cat-designer","8":"product_cat-handtaschen","9":"product_cat-louisvuitton","10":"product_cat-schultertaschen","11":"product_cat-taschen","12":"product_shipping_class-bis2500","14":"first","15":"outofstock","16":"sold-individually","17":"shipping-taxable","18":"purchasable","19":"product-type-simple"},"_links":{"self":[{"href":"https:\/\/baselle.com\/en\/wp-json\/wp\/v2\/product\/16269","targetHints":{"allow":["GET"]}}],"collection":[{"href":"https:\/\/baselle.com\/en\/wp-json\/wp\/v2\/product"}],"about":[{"href":"https:\/\/baselle.com\/en\/wp-json\/wp\/v2\/types\/product"}],"wp:featuredmedia":[{"embeddable":true,"href":"https:\/\/baselle.com\/en\/wp-json\/wp\/v2\/media\/16272"}],"wp:attachment":[{"href":"https:\/\/baselle.com\/en\/wp-json\/wp\/v2\/media?parent=16269"}],"wp:term":[{"taxonomy":"product_brand","embeddable":true,"href":"https:\/\/baselle.com\/en\/wp-json\/wp\/v2\/product_brand?post=16269"},{"taxonomy":"product_cat","embeddable":true,"href":"https:\/\/baselle.com\/en\/wp-json\/wp\/v2\/product_cat?post=16269"},{"taxonomy":"product_tag","embeddable":true,"href":"https:\/\/baselle.com\/en\/wp-json\/wp\/v2\/product_tag?post=16269"}],"curies":[{"name":"wp","href":"https:\/\/api.w.org\/{rel}","templated":true}]}}