{"id":16233,"date":"2022-03-11T13:16:41","date_gmt":"2022-03-11T12:16:41","guid":{"rendered":"https:\/\/baselle.com\/?post_type=product&#038;p=16233"},"modified":"2022-04-01T14:15:28","modified_gmt":"2022-04-01T12:15:28","slug":"chanel-woven-chain-around-flap-bag-handtasche-16233","status":"publish","type":"product","link":"https:\/\/baselle.com\/en\/product\/chanel-woven-chain-around-flap-bag-handtasche-16233\/","title":{"rendered":"CHANEL Flap Bag"},"content":{"rendered":"<p>\n<strong>CHANEL Woven Chain Around Flap Bag Handtasche Beschreibung<\/strong><\/p>\n<p>Diese originale CHANEL Woven Chain Around Flap Bag Handtasche ist ein elegantes Lieblingsst\u00fcck f\u00fcr den t\u00e4glichen Gebrauch. Durch die schlichte Form und dem ger\u00e4umigen Interieur ist dieses raffinierte Modell ein praktischer und stylischer Alltagsbegleiter. Die  eingewebte Kette setzt bei diesem Modell ein ganz besonderes Highlight. Die Flap Bag ist aus geschmeidigem Kalbsleder in Schwarz gefertigt und verf\u00fcgt \u00fcber gewebte Kettenriemen, einem CC-Turnlock sowie goldfarbene Hardware Akzente. <\/p>\n<p>Der CC-Turnlock-Verschluss \u00f6ffnet sich zu einem schwarzen Innenfutter mit einem Rei\u00dfverschlussinnenfach sowie einem weiteren Fach mit Rei\u00dfverschluss. Die CHANEL Woven Chain Around Flap Bag Handtasche kann als Schultertasche sowie diagonal am K\u00f6rper getragen werden, so dass maximaler Tragekomfort garantiert ist.\n<\/p>\n<p>\n<strong>Mint condition<\/strong><br \/>\nDiese CHANEL Woven Chain Around Flap Bag Handtasche aus zweiter Hand ist ungetragen und daher in einem neuwertigen Zustand. Dementsprechend sind das Kalbsleder, das Tascheninnere sowie die goldfarbene Hardware in einem einwandfreien Zustand.\n<\/p>\n<p>\n<strong>Style:<\/strong> Shoulder bag, clutch, crossbody<br \/>\n<strong>Size:<\/strong> Medium<br \/>\n<strong>Dimensions (approx.):<\/strong> Breite 24 cm * H\u00f6he 13,5 cm * Tiefe 7,5 cm<br \/>\n<strong>Shoulder strap (approx.):<\/strong> einfach = 120 cm; doppelt = 67 cm\n<\/p>\n<p>\n<strong>Exterior material:<\/strong> calfskin leather<br \/>\n<strong>Interior Material<\/strong> fabric lining\n<\/p>\n<p>The pictures represent the offered bag. The picture rights are held by MyLovelyBoutique.com. <\/p>\n<p>Follow us on <a href=\"https:\/\/www.instagram.com\/mylovelyboutique.de\/\" rel=\"noopener noreferrer\" target=\"_blank\"><span style=\"color: #96588a;\">Instagram<\/span><\/a> and get inspired. <\/p>","protected":false},"excerpt":{"rendered":"<table class=\"mlb-product-details\">\n<tbody>\n<tr>\n<td class=\"mlb-details-caption\">Model<\/td>\n<td class=\"mlb-details-value\">Woven Chain Around Flap Bag<\/td>\n<\/tr>\n<tr>\n<td class=\"mlb-details-caption\">Colour<\/td>\n<td class=\"mlb-details-value\">Black<\/td>\n<\/tr>\n<tr>\n<td class=\"mlb-details-caption\">Hardware<\/td>\n<td class=\"mlb-details-value\">Gold<\/td>\n<\/tr>\n<tr>\n<td class=\"mlb-details-caption\">Year<\/td>\n<td class=\"mlb-details-value\">2022<\/td>\n<\/tr>\n<tr>\n<td class=\"mlb-details-caption\">Accessoires<\/td>\n<td class=\"mlb-details-value\">Invoice, box, dustbag, authenticity card, serialnumber with hologram<\/td>\n<\/tr>\n<tr>\n<td class=\"mlb-details-caption\">Condition<\/td>\n<td class=\"mlb-details-value\">Mint condition<\/td>\n<\/tr>\n<\/tbody>\n<\/table>","protected":false},"featured_media":16236,"template":"","meta":[],"product_brand":[],"product_cat":[1430,87,154,85,99],"product_tag":[],"class_list":{"0":"post-16233","1":"product","2":"type-product","3":"status-publish","4":"has-post-thumbnail","6":"product_cat-chanel","7":"product_cat-crossbodytaschen","8":"product_cat-designer","9":"product_cat-schultertaschen","10":"product_cat-taschen","11":"product_shipping_class-bis5000","13":"first","14":"outofstock","15":"sold-individually","16":"shipping-taxable","17":"purchasable","18":"product-type-simple"},"_links":{"self":[{"href":"https:\/\/baselle.com\/en\/wp-json\/wp\/v2\/product\/16233","targetHints":{"allow":["GET"]}}],"collection":[{"href":"https:\/\/baselle.com\/en\/wp-json\/wp\/v2\/product"}],"about":[{"href":"https:\/\/baselle.com\/en\/wp-json\/wp\/v2\/types\/product"}],"wp:featuredmedia":[{"embeddable":true,"href":"https:\/\/baselle.com\/en\/wp-json\/wp\/v2\/media\/16236"}],"wp:attachment":[{"href":"https:\/\/baselle.com\/en\/wp-json\/wp\/v2\/media?parent=16233"}],"wp:term":[{"taxonomy":"product_brand","embeddable":true,"href":"https:\/\/baselle.com\/en\/wp-json\/wp\/v2\/product_brand?post=16233"},{"taxonomy":"product_cat","embeddable":true,"href":"https:\/\/baselle.com\/en\/wp-json\/wp\/v2\/product_cat?post=16233"},{"taxonomy":"product_tag","embeddable":true,"href":"https:\/\/baselle.com\/en\/wp-json\/wp\/v2\/product_tag?post=16233"}],"curies":[{"name":"wp","href":"https:\/\/api.w.org\/{rel}","templated":true}]}}