{"id":16218,"date":"2022-03-06T14:50:56","date_gmt":"2022-03-06T13:50:56","guid":{"rendered":"https:\/\/baselle.com\/?post_type=product&#038;p=16218"},"modified":"2024-02-02T18:44:12","modified_gmt":"2024-02-02T17:44:12","slug":"louis-vuitton-noe-grande-monogram-canvas-16218","status":"publish","type":"product","link":"https:\/\/baselle.com\/en\/product\/louis-vuitton-noe-grande-monogram-canvas-16218\/","title":{"rendered":"Louis Vuitton No\u00e9 Grande"},"content":{"rendered":"<p>\n<strong>Louis Vuitton No\u00e9 Grande Monogram Canvas Handtasche Beschreibung<\/strong><\/p>\n<p>Diese originale Louis Vuitton No\u00e9 Grande Monogram Canvas Handtasche geh\u00f6rt zu den Klassikern des Hauses, inspiriert von Gaston-Louis Vuittons Tragetasche f\u00fcr Champagner-Flaschen aus dem Jahr 1932. Die ger\u00e4umige No\u00e9 Handtasche verf\u00fcgt \u00fcber goldfarbene Beschl\u00e4ge und Bes\u00e4tze aus naturbelassenem Rindsleder. <\/p>\n<p>Durch ein Zugband \u00f6ffnet sich diese klassische Handtasche zu einem braunen Innenfutter mit ausreichend Platz f\u00fcr Dinge des allt\u00e4glichen Bedarfs. Die Louis Vuitton No\u00e9 kann mit dem verstellbaren Schulterriemen bequem \u00fcber der Schulter getragen werden.\n<\/p>\n<p>\n<strong>Very good condition:<\/strong><br \/>\nDiese Louis Vuitton No\u00e9 Grande Monogram Canvas Handtasche aus zweiter Hand ist insgesamt in einem sehr guten Zustand. Das beschichtete Monogram Canvas ist in einem einwandfreien Zustand. Die naturbelassenen Rindslederbes\u00e4tze weisen am Taschenboden vereinzelt Gebrauchspuren auf. Das Tascheninnere ist sauber, ohne Ger\u00fcche und weist keine L\u00f6cher\/Risse auf.\n<\/p>\n<p>\n<strong>Style:<\/strong> Shoulder Bag<br \/>\n<strong>Size:<\/strong> NM<br \/>\n<strong>Dimensions (approx.):<\/strong> Breite 26 cm * H\u00f6he 34 cm * Tiefe 19 cm\n<\/p>\n<p>\n<strong>Exterior material:<\/strong> Canvas, Bes\u00e4tze aus naturbelassenem Rindsleder<br \/>\n<strong>Interior Material<\/strong> fabric lining\n<\/p>\n<p>The pictures represent the offered bag. The picture rights are held by MyLovelyBoutique.com. <\/p>\n<p>Follow us on <a href=\"https:\/\/www.instagram.com\/mylovelyboutique.de\/\" rel=\"noopener noreferrer\" target=\"_blank\"><span style=\"color: #96588a;\">Instagram<\/span><\/a> and get inspired. <\/p>","protected":false},"excerpt":{"rendered":"<table class=\"mlb-product-details\">\n<tbody>\n<tr>\n<td class=\"mlb-details-caption\">Model<\/td>\n<td class=\"mlb-details-value\">No\u00e9 Grande Monogram Canvas<\/td>\n<\/tr>\n<tr>\n<td class=\"mlb-details-caption\">Colour<\/td>\n<td class=\"mlb-details-value\">Brown<\/td>\n<\/tr>\n<tr>\n<td class=\"mlb-details-caption\">Hardware<\/td>\n<td class=\"mlb-details-value\">Gold<\/td>\n<\/tr>\n<tr>\n<td class=\"mlb-details-caption\">Year<\/td>\n<td class=\"mlb-details-value\">2017<\/td>\n<\/tr>\n<tr>\n<td class=\"mlb-details-caption\">Accessoires<\/td>\n<td class=\"mlb-details-value\">Invoice, Dustbag<\/td>\n<\/tr>\n<tr>\n<td class=\"mlb-details-caption\">Condition<\/td>\n<td class=\"mlb-details-value\">Very good condition<\/td>\n<\/tr>\n<\/tbody>\n<\/table>","protected":false},"featured_media":16219,"template":"","meta":[],"product_brand":[],"product_cat":[154,1431,85,99],"product_tag":[],"class_list":{"0":"post-16218","1":"product","2":"type-product","3":"status-publish","4":"has-post-thumbnail","6":"product_cat-designer","7":"product_cat-louisvuitton","8":"product_cat-schultertaschen","9":"product_cat-taschen","10":"product_shipping_class-bis1000","12":"first","13":"outofstock","14":"sold-individually","15":"shipping-taxable","16":"purchasable","17":"product-type-simple"},"_links":{"self":[{"href":"https:\/\/baselle.com\/en\/wp-json\/wp\/v2\/product\/16218","targetHints":{"allow":["GET"]}}],"collection":[{"href":"https:\/\/baselle.com\/en\/wp-json\/wp\/v2\/product"}],"about":[{"href":"https:\/\/baselle.com\/en\/wp-json\/wp\/v2\/types\/product"}],"wp:featuredmedia":[{"embeddable":true,"href":"https:\/\/baselle.com\/en\/wp-json\/wp\/v2\/media\/16219"}],"wp:attachment":[{"href":"https:\/\/baselle.com\/en\/wp-json\/wp\/v2\/media?parent=16218"}],"wp:term":[{"taxonomy":"product_brand","embeddable":true,"href":"https:\/\/baselle.com\/en\/wp-json\/wp\/v2\/product_brand?post=16218"},{"taxonomy":"product_cat","embeddable":true,"href":"https:\/\/baselle.com\/en\/wp-json\/wp\/v2\/product_cat?post=16218"},{"taxonomy":"product_tag","embeddable":true,"href":"https:\/\/baselle.com\/en\/wp-json\/wp\/v2\/product_tag?post=16218"}],"curies":[{"name":"wp","href":"https:\/\/api.w.org\/{rel}","templated":true}]}}