{"id":16133,"date":"2022-02-28T15:17:14","date_gmt":"2022-02-28T14:17:14","guid":{"rendered":"https:\/\/baselle.com\/?post_type=product&#038;p=16133"},"modified":"2022-12-12T13:11:22","modified_gmt":"2022-12-12T12:11:22","slug":"chanel-jersey-flap-bag-schwarz-16133","status":"publish","type":"product","link":"https:\/\/baselle.com\/en\/product\/chanel-jersey-flap-bag-schwarz-16133\/","title":{"rendered":"CHANEL Jersey Flap Bag"},"content":{"rendered":"<p><strong>CHANEL Jersey Flap Bag Handtasche Beschreibung<\/strong><\/p>\n<p>Diese originale CHANEL Jersey Flap Bag Handtasche ist eine schicke Lieblingstasche f\u00fcr die moderne Frau. In ihrer mittleren Gr\u00f6\u00dfe eignet sie sich perfekt als Everyday-Bag, denn sie bietet genug Platz f\u00fcr Portemonnaie, Schl\u00fcssel, Smartphone und Kosmetik. Die Flap Bag ist aus gestepptem Jersey gefertigt und verf\u00fcgt \u00fcber einen gewebten Kettenriemen, eine Retro-Schlie\u00dfe und silberfarbene Hardware-Akzente.<\/p>\n<p>Die Klappe \u00f6ffnet sich zu einem burgunderroten Lederfutter, aufgeteilt in ein Hauptfach, ein Rei\u00dfverschlussfach und ein Steckfach. Die Jersey Flap Bag kann kurz oder lang \u00fcber der Schulter getragen werden, so dass maximaler Tragekomfort garantiert ist. Eine komfortable und schlichte Handtasche, die Chanels klassisches Design verk\u00f6rpert.<\/p>\n<p><strong>Excellent condition<\/strong><br \/>\nDiese CHANEL Jersey Flap Bag Handtasche aus zweiter Hand ist insgesamt in einem hervorragenden Zustand. Die Tasche wurde selten getragen, weshalb der Jersey-Oberstoff sowie das Lederinnenfutter in einem einwandfreien Zustand sind. Das Tascheninnere ist sauber, ohne Ger\u00fcche und weist keine L\u00f6cher\/Risse auf.<\/p>\n<p><strong>Style:<\/strong> Shoulder bag, clutch, crossbody<br \/>\n<strong>Size:<\/strong> Medium<br \/>\n<strong>Dimensions (approx.):<\/strong> Breite 26 cm * H\u00f6he 16 cm * Tiefe 7 cm<br \/>\n<strong>Shoulder chain:<\/strong> einfach = 101 cm; doppelt = 63 cm<\/p>\n<p><strong>Exterior material:<\/strong> Jersey<br \/>\n<strong>Interior Material<\/strong> leather<\/p>\n<p>The pictures represent the offered bag. The picture rights are held by MyLovelyBoutique.com.<\/p>\n<p>Follow us on <a href=\"https:\/\/www.instagram.com\/mylovelyboutique.de\/\" target=\"_blank\" rel=\"noopener noreferrer\"><span style=\"color: #96588a;\">Instagram<\/span><\/a> and get inspired.<\/p>","protected":false},"excerpt":{"rendered":"<p>&nbsp;<\/p>\n<table class=\"mlb-product-details\">\n<tbody>\n<tr>\n<td class=\"mlb-details-caption\">Model<\/td>\n<td class=\"mlb-details-value\">Jersey Flap Bag<\/td>\n<\/tr>\n<tr>\n<td class=\"mlb-details-caption\">Colour<\/td>\n<td class=\"mlb-details-value\">Black<\/td>\n<\/tr>\n<tr>\n<td class=\"mlb-details-caption\">Hardware<\/td>\n<td class=\"mlb-details-value\">Silver<\/td>\n<\/tr>\n<tr>\n<td class=\"mlb-details-caption\">Year<\/td>\n<td class=\"mlb-details-value\">2015<\/td>\n<\/tr>\n<tr>\n<td class=\"mlb-details-caption\">Accessoires<\/td>\n<td class=\"mlb-details-value\">Dustbag, authenticity card, serialnumber with hologram<\/td>\n<\/tr>\n<tr>\n<td class=\"mlb-details-caption\">Condition<\/td>\n<td class=\"mlb-details-value\">Excellent condition<\/td>\n<\/tr>\n<\/tbody>\n<\/table>","protected":false},"featured_media":16162,"template":"","meta":[],"product_brand":[],"product_cat":[1430,87,154,85,99],"product_tag":[],"class_list":{"0":"post-16133","1":"product","2":"type-product","3":"status-publish","4":"has-post-thumbnail","6":"product_cat-chanel","7":"product_cat-crossbodytaschen","8":"product_cat-designer","9":"product_cat-schultertaschen","10":"product_cat-taschen","11":"product_shipping_class-bis5000","13":"first","14":"outofstock","15":"sold-individually","16":"shipping-taxable","17":"purchasable","18":"product-type-simple"},"_links":{"self":[{"href":"https:\/\/baselle.com\/en\/wp-json\/wp\/v2\/product\/16133","targetHints":{"allow":["GET"]}}],"collection":[{"href":"https:\/\/baselle.com\/en\/wp-json\/wp\/v2\/product"}],"about":[{"href":"https:\/\/baselle.com\/en\/wp-json\/wp\/v2\/types\/product"}],"wp:featuredmedia":[{"embeddable":true,"href":"https:\/\/baselle.com\/en\/wp-json\/wp\/v2\/media\/16162"}],"wp:attachment":[{"href":"https:\/\/baselle.com\/en\/wp-json\/wp\/v2\/media?parent=16133"}],"wp:term":[{"taxonomy":"product_brand","embeddable":true,"href":"https:\/\/baselle.com\/en\/wp-json\/wp\/v2\/product_brand?post=16133"},{"taxonomy":"product_cat","embeddable":true,"href":"https:\/\/baselle.com\/en\/wp-json\/wp\/v2\/product_cat?post=16133"},{"taxonomy":"product_tag","embeddable":true,"href":"https:\/\/baselle.com\/en\/wp-json\/wp\/v2\/product_tag?post=16133"}],"curies":[{"name":"wp","href":"https:\/\/api.w.org\/{rel}","templated":true}]}}