{"id":16129,"date":"2022-03-24T13:28:38","date_gmt":"2022-03-24T12:28:38","guid":{"rendered":"https:\/\/baselle.com\/?post_type=product&#038;p=16129"},"modified":"2022-04-14T12:00:58","modified_gmt":"2022-04-14T10:00:58","slug":"louis-vuitton-speedy-tahitienne","status":"publish","type":"product","link":"https:\/\/baselle.com\/en\/product\/louis-vuitton-speedy-tahitienne\/","title":{"rendered":"Louis Vuitton Speedy Tahitienne"},"content":{"rendered":"<p>\n<strong>Louis Vuitton Speedy 30 Damier Azur Tahitienne Handtasche Beschreibung<\/strong><\/p>\n<p>Die originale Louis Vuitton Speedy 30 Damier Azur Tahitienne Handtasche ist aus der limitierten Kollektion 2017. Dieses Modell besticht durch das verspielte Monogram-Motiv in Rosa. Sie ist aus beschichtetem Canvas und Rindslederbes\u00e4tzen gefertigt und verf\u00fcgt \u00fcber doppelt gerollte Griffe, einen abnehmbaren Schulterriemen sowie goldfarbene Beschl\u00e4ge. <\/p>\n<p>Durch einen Rei\u00dfverschluss \u00f6ffnet sich die Speedy zu einem Textilinnenfutter mit einem Rei\u00dfverschlussinnenfach. Durch den vestellbaren Schulterriemen l\u00e4sst sie sich bequem \u00fcber der Schulter oder diagonal am K\u00f6rper tragen, so dass maximaler Tragekomfort garantiert ist. Die wundersch\u00f6ne Speedy Bandouli\u00e8re in Damier Azur ist ein absolutes Lieblingspiece mit Sammlerwert.\n<\/p>\n<p>\n<strong>Very good condition:<\/strong><br \/>\nDiese Louis Vuitton Speedy 30 Damier Azur Tahitienne Handtasche ist insgesamt in einem sehr guten Zustand. Das beschichtete Monogram Canvas sowie die goldfarbenen Beschl\u00e4ge sind in einem gepflegten Zustand. Das naturbelassene Rindsleder hat eine sch\u00f6ne gleichm\u00e4\u00dfige Patina. Das Innenfutter ist in einem einwandfreien Zustand.\n<\/p>\n<p>\n<strong>Style:<\/strong> Shoulder bag, handbag, crossbody<br \/>\n<strong>Size:<\/strong> MM<br \/>\n<strong>Dimensions (approx.):<\/strong> width 30 cm * height 21 cm * depth 17 cm\n<\/p>\n<p>\n<strong>Exterior material:<\/strong> Beschichtetes Monogram Canvas, naturbelassenes Rindsleder<br \/>\n<strong>Interior Material<\/strong> fabric lining\n<\/p>\n<p>The pictures represent the offered bag. The picture rights are held by MyLovelyBoutique.com.<\/p>\n<p>Follow us on <a href=\"https:\/\/www.instagram.com\/mylovelyboutique.de\/\" rel=\"noopener noreferrer\" target=\"_blank\"><span style=\"color: #96588a;\">Instagram<\/span><\/a> and get inspired. <\/p>","protected":false},"excerpt":{"rendered":"<table class=\"mlb-product-details\">\n<tbody>\n<tr>\n<td class=\"mlb-details-caption\">Model<\/td>\n<td class=\"mlb-details-value\">Speedy 30 Damier Azur Tahitienne Handtasche<\/td>\n<\/tr>\n<tr>\n<td class=\"mlb-details-caption\">Colour<\/td>\n<td class=\"mlb-details-value\">Wei\u00df, Blau, Rosa<\/td>\n<\/tr>\n<tr>\n<td class=\"mlb-details-caption\">Hardware<\/td>\n<td class=\"mlb-details-value\">Gold<\/td>\n<\/tr>\n<tr>\n<td class=\"mlb-details-caption\">Year<\/td>\n<td class=\"mlb-details-value\">2017<\/td>\n<\/tr>\n<tr>\n<td class=\"mlb-details-caption\">Accessoires<\/td>\n<td class=\"mlb-details-value\">Rechnung, Box, Staubbeutel, abnehmbarer Schulterriemen, Schloss + Schl\u00fcssel, LV-Materialinfo<\/td>\n<\/tr>\n<tr>\n<td class=\"mlb-details-caption\">Condition<\/td>\n<td class=\"mlb-details-value\">Very good condition<\/td>\n<\/tr>\n<\/tbody>\n<\/table>","protected":false},"featured_media":16336,"template":"","meta":[],"product_brand":[],"product_cat":[87,154,68,1431,85,99],"product_tag":[],"class_list":{"0":"post-16129","1":"product","2":"type-product","3":"status-publish","4":"has-post-thumbnail","6":"product_cat-crossbodytaschen","7":"product_cat-designer","8":"product_cat-handtaschen","9":"product_cat-louisvuitton","10":"product_cat-schultertaschen","11":"product_cat-taschen","12":"product_shipping_class-bis2500","14":"first","15":"outofstock","16":"sold-individually","17":"shipping-taxable","18":"purchasable","19":"product-type-simple"},"_links":{"self":[{"href":"https:\/\/baselle.com\/en\/wp-json\/wp\/v2\/product\/16129","targetHints":{"allow":["GET"]}}],"collection":[{"href":"https:\/\/baselle.com\/en\/wp-json\/wp\/v2\/product"}],"about":[{"href":"https:\/\/baselle.com\/en\/wp-json\/wp\/v2\/types\/product"}],"wp:featuredmedia":[{"embeddable":true,"href":"https:\/\/baselle.com\/en\/wp-json\/wp\/v2\/media\/16336"}],"wp:attachment":[{"href":"https:\/\/baselle.com\/en\/wp-json\/wp\/v2\/media?parent=16129"}],"wp:term":[{"taxonomy":"product_brand","embeddable":true,"href":"https:\/\/baselle.com\/en\/wp-json\/wp\/v2\/product_brand?post=16129"},{"taxonomy":"product_cat","embeddable":true,"href":"https:\/\/baselle.com\/en\/wp-json\/wp\/v2\/product_cat?post=16129"},{"taxonomy":"product_tag","embeddable":true,"href":"https:\/\/baselle.com\/en\/wp-json\/wp\/v2\/product_tag?post=16129"}],"curies":[{"name":"wp","href":"https:\/\/api.w.org\/{rel}","templated":true}]}}