{"id":16077,"date":"2022-02-13T21:12:54","date_gmt":"2022-02-13T20:12:54","guid":{"rendered":"https:\/\/baselle.com\/?post_type=product&#038;p=16077"},"modified":"2022-05-24T21:01:25","modified_gmt":"2022-05-24T19:01:25","slug":"louis-vuitton-lockit-mm-taurillon-leder-handtasche-16077","status":"publish","type":"product","link":"https:\/\/baselle.com\/en\/product\/louis-vuitton-lockit-mm-taurillon-leder-handtasche-16077\/","title":{"rendered":"Louis Vuitton Lockit MM"},"content":{"rendered":"<p>\n<strong>Louis Vuitton Lockit MM Taurillon Leder Handtasche Beschreibung<\/strong> <\/p>\n<p>Diese originale Louis Vuitton Lockit MM Taurillon Leder Handtasche ist ein elegantes Lieblingsst\u00fcck f\u00fcr die moderne Frau. Die strukturierte Tote-Bag ist aus feinstem Kalbsleder gefertigt und verf\u00fcgt \u00fcber eine trapezf\u00f6rmige Silhouette. Weitere raffinierte Details sind die zentral gravierte LV-Signatur, sch\u00fctzende Taschenf\u00fc\u00dfe sowie silberfarbene Hardware-Akzente. <\/p>\n<p>Die weichen Ledergriffe sowie der abnehmbare und verstellbare Schulterriemen garantieren maximalen Tragekomfort im Alltag. Die Lockit MM kann bequem an der Hand, \u00fcber der Schulter oder diagonal am K\u00f6rper getragen werden. Das graue Mikrofaserinnenfutter umfasst ein Rei\u00dfverschlussfach und zwei Steckf\u00e4cher f\u00fcr die Aufbewahrung von Dingen des t\u00e4glichen Bedarfs.\n<\/p>\n<p>\n<strong>Very good condition:<\/strong><br \/>\nDiese Louis Vuitton Lockit MM Taurillon Leder Handtasche aus zweiter Hand ist insgesamt in einem sehr guten Zustand. Das Taurillon Leder sowie die silberfarbene Hardware sind in einem sehr gepflegten Zustand. Auch das Tascheninnere ist sauber, ohne Ger\u00fcche und weist keine L\u00f6cher\/Risse auf.\n<\/p>\n<p>\n<strong>Style:<\/strong> Schulter-\/Handtasche, Crossbody<br \/>\n<strong>Size:<\/strong> MM<br \/>\n<strong>Dimensions (approx.):<\/strong> Breite 46 cm (oben)\/ Breite 33 cm (unten) * H\u00f6he 30 cm * Tiefe 16 cm<br \/>\n<strong>Strap length (approx.):<\/strong> max. 113 cm\n<\/p>\n<p>\n<strong>Exterior material:<\/strong> calfskin leather<br \/>\n<strong>Interior Material<\/strong> microfibre lining\n<\/p>\n<p>The pictures represent the offered bag. The picture rights are held by MyLovelyBoutique.com. <\/p>\n<p>Follow us on <a href=\"https:\/\/www.instagram.com\/mylovelyboutique.de\/\" rel=\"noopener noreferrer\" target=\"_blank\"><span style=\"color: #96588a;\">Instagram<\/span><\/a> and get inspired.<\/p>","protected":false},"excerpt":{"rendered":"<table class=\"mlb-product-details\">\n<tbody>\n<tr>\n<td class=\"mlb-details-caption\">Model<\/td>\n<td class=\"mlb-details-value\">Lockit MM<\/td>\n<\/tr>\n<tr>\n<td class=\"mlb-details-caption\">Colour<\/td>\n<td class=\"mlb-details-value\">Black<\/td>\n<\/tr>\n<tr>\n<td class=\"mlb-details-caption\">Hardware<\/td>\n<td class=\"mlb-details-value\">Silver<\/td>\n<\/tr>\n<tr>\n<td class=\"mlb-details-caption\">Year<\/td>\n<td class=\"mlb-details-value\">2015<\/td>\n<\/tr>\n<tr>\n<td class=\"mlb-details-caption\">Accessoires<\/td>\n<td class=\"mlb-details-value\">Staubbeutel, Clochette, Schloss + Schl\u00fcssel, abnehmbarer Schulterriemen<\/td>\n<\/tr>\n<tr>\n<td class=\"mlb-details-caption\">Condition<\/td>\n<td class=\"mlb-details-value\">Very good condition<\/td>\n<\/tr>\n<\/tbody>\n<\/table>","protected":false},"featured_media":16078,"template":"","meta":[],"product_brand":[],"product_cat":[154,68,1431,85,99],"product_tag":[],"class_list":{"0":"post-16077","1":"product","2":"type-product","3":"status-publish","4":"has-post-thumbnail","6":"product_cat-designer","7":"product_cat-handtaschen","8":"product_cat-louisvuitton","9":"product_cat-schultertaschen","10":"product_cat-taschen","11":"product_shipping_class-bis2500","13":"first","14":"outofstock","15":"sold-individually","16":"shipping-taxable","17":"purchasable","18":"product-type-simple"},"_links":{"self":[{"href":"https:\/\/baselle.com\/en\/wp-json\/wp\/v2\/product\/16077","targetHints":{"allow":["GET"]}}],"collection":[{"href":"https:\/\/baselle.com\/en\/wp-json\/wp\/v2\/product"}],"about":[{"href":"https:\/\/baselle.com\/en\/wp-json\/wp\/v2\/types\/product"}],"wp:featuredmedia":[{"embeddable":true,"href":"https:\/\/baselle.com\/en\/wp-json\/wp\/v2\/media\/16078"}],"wp:attachment":[{"href":"https:\/\/baselle.com\/en\/wp-json\/wp\/v2\/media?parent=16077"}],"wp:term":[{"taxonomy":"product_brand","embeddable":true,"href":"https:\/\/baselle.com\/en\/wp-json\/wp\/v2\/product_brand?post=16077"},{"taxonomy":"product_cat","embeddable":true,"href":"https:\/\/baselle.com\/en\/wp-json\/wp\/v2\/product_cat?post=16077"},{"taxonomy":"product_tag","embeddable":true,"href":"https:\/\/baselle.com\/en\/wp-json\/wp\/v2\/product_tag?post=16077"}],"curies":[{"name":"wp","href":"https:\/\/api.w.org\/{rel}","templated":true}]}}