{"id":16061,"date":"2022-02-10T16:37:59","date_gmt":"2022-02-10T15:37:59","guid":{"rendered":"https:\/\/baselle.com\/?post_type=product&#038;p=16061"},"modified":"2022-03-28T17:13:21","modified_gmt":"2022-03-28T15:13:21","slug":"louis-vuitton-cherrywood-bb-16061","status":"publish","type":"product","link":"https:\/\/baselle.com\/en\/product\/louis-vuitton-cherrywood-bb-16061\/","title":{"rendered":"Louis Vuitton Cherrywood BB"},"content":{"rendered":"<p>\n<strong>Louis Vuitton Cherrywood BB Vernis Leder Handtasche Beschreibung<\/strong><\/p>\n<p>Diese originale Louis Vuitton Cherrywood BB Vernis Leder Handtasche besticht durch ihr zeitloses und dynamisches Design. Ob f\u00fcr eine Shoppingtour oder als elegantes Accessoire im Alltag, dieses strukturierte Modell eignet sich f\u00fcr zahlreiche Anl\u00e4sse. Sie ist aus modernem Lackleder sowie beschichtetem Monogram Canvas gefertigt und verf\u00fcgt \u00fcber goldfarbene Beschl\u00e4ge, einen Griff aus Rindsleder sowie einen abnehmbaren Schulterriemen.<\/p>\n<p>Der gravierte Push-Lock-Verschluss \u00f6ffnet sich zu einem roten Innenfutter mit einem Steckfach. Die Louis Vuitton Cherrywood BB Handtasche kann an der Hand oder durch den abnehmbaren und f\u00fcnffach verstellbaren Schulterriemen bequem \u00fcber der Schulter sowie diagonal am K\u00f6rper getragen werden.\n<\/p>\n<p>\n<strong>Excellent condition<\/strong><br \/>\nDiese Louis Vuitton Cherrywood BB Vernis Leder Handtasche aus zweiter Hand ist insgesamt in einem hervorragenden Zustand. Die Tasche wurde nur wenige Male getragen. Dementsprechend sind das Lackleder, das beschichtete Monogram Canvas und der Rindslederbesatz in einem gepflegten Zustand. Das Tascheninnere ist sauber, ohne Ger\u00fcche und weist keine L\u00f6cher\/Risse auf.\n<\/p>\n<p>\n<strong>Style:<\/strong> Shoulder bag, handbag, crossbody<br \/>\n<strong>Rucksackgr\u00f6\u00dfe:<\/strong> BB<br \/>\n<strong>Dimensions (approx.):<\/strong> Breite 21 cm * H\u00f6he 17 cm * Tiefe 8 cm\n<\/p>\n<p>\n<strong>Exterior material:<\/strong> Vernis Leder, Beschichtetes Canvas<br \/>\n<strong>Interior Material<\/strong> fabric lining\n<\/p>\n<p>The pictures represent the offered bag. The picture rights are held by MyLovelyBoutique.com.<\/p>\n<p>Follow us on <a href=\"https:\/\/www.instagram.com\/mylovelyboutique.de\/\" rel=\"noopener noreferrer\" target=\"_blank\"><span style=\"color: #96588a;\">Instagram<\/span><\/a> and get inspired. <\/p>","protected":false},"excerpt":{"rendered":"<table class=\"mlb-product-details\">\n<tbody>\n<tr>\n<td class=\"mlb-details-caption\">Model<\/td>\n<td class=\"mlb-details-value\">Cherrywood BB<\/td>\n<\/tr>\n<tr>\n<td class=\"mlb-details-caption\">Colour<\/td>\n<td class=\"mlb-details-value\">Rot, Braun<\/td>\n<\/tr>\n<tr>\n<td class=\"mlb-details-caption\">Hardware<\/td>\n<td class=\"mlb-details-value\">Gold<\/td>\n<\/tr>\n<tr>\n<td class=\"mlb-details-caption\">Year<\/td>\n<td class=\"mlb-details-value\">2018<\/td>\n<\/tr>\n<tr>\n<td class=\"mlb-details-caption\">Accessoires<\/td>\n<td class=\"mlb-details-value\">Rechnung, Box, Staubbeutel, verstellbarer Schulterriemen<\/td>\n<\/tr>\n<tr>\n<td class=\"mlb-details-caption\">Condition<\/td>\n<td class=\"mlb-details-value\">Excellent condition<\/td>\n<\/tr>\n<\/tbody>\n<\/table>","protected":false},"featured_media":16062,"template":"","meta":[],"product_brand":[],"product_cat":[87,154,68,1431,85,99],"product_tag":[],"class_list":{"0":"post-16061","1":"product","2":"type-product","3":"status-publish","4":"has-post-thumbnail","6":"product_cat-crossbodytaschen","7":"product_cat-designer","8":"product_cat-handtaschen","9":"product_cat-louisvuitton","10":"product_cat-schultertaschen","11":"product_cat-taschen","12":"product_shipping_class-bis2500","14":"first","15":"outofstock","16":"sold-individually","17":"shipping-taxable","18":"purchasable","19":"product-type-simple"},"_links":{"self":[{"href":"https:\/\/baselle.com\/en\/wp-json\/wp\/v2\/product\/16061","targetHints":{"allow":["GET"]}}],"collection":[{"href":"https:\/\/baselle.com\/en\/wp-json\/wp\/v2\/product"}],"about":[{"href":"https:\/\/baselle.com\/en\/wp-json\/wp\/v2\/types\/product"}],"wp:featuredmedia":[{"embeddable":true,"href":"https:\/\/baselle.com\/en\/wp-json\/wp\/v2\/media\/16062"}],"wp:attachment":[{"href":"https:\/\/baselle.com\/en\/wp-json\/wp\/v2\/media?parent=16061"}],"wp:term":[{"taxonomy":"product_brand","embeddable":true,"href":"https:\/\/baselle.com\/en\/wp-json\/wp\/v2\/product_brand?post=16061"},{"taxonomy":"product_cat","embeddable":true,"href":"https:\/\/baselle.com\/en\/wp-json\/wp\/v2\/product_cat?post=16061"},{"taxonomy":"product_tag","embeddable":true,"href":"https:\/\/baselle.com\/en\/wp-json\/wp\/v2\/product_tag?post=16061"}],"curies":[{"name":"wp","href":"https:\/\/api.w.org\/{rel}","templated":true}]}}