{"id":16026,"date":"2022-02-09T14:34:10","date_gmt":"2022-02-09T13:34:10","guid":{"rendered":"https:\/\/baselle.com\/?post_type=product&#038;p=16026"},"modified":"2022-03-28T17:13:13","modified_gmt":"2022-03-28T15:13:13","slug":"chanel-2-55-small-reissue-flap-bag-16026","status":"publish","type":"product","link":"https:\/\/baselle.com\/en\/product\/chanel-2-55-small-reissue-flap-bag-16026\/","title":{"rendered":"CHANEL 2.55 Mini Reissue"},"content":{"rendered":"<p>\n<strong>CHANEL 2.55 Reissue Mini Flap Bag 224<\/strong><\/p>\n<p>Diese originale CHANEL 2.55 Reissue Mini Flap Bag 224 Handtasche ist eine schicke und klassische Tasche im typisch zeitlosen Stil von Chanel. In ihrer kompakten Gr\u00f6\u00dfe eignet sie sich nicht nur perfekt als Abendtasche oder f\u00fcr besondere Anl\u00e4sse, sie bietet auch genug Platz f\u00fcr Portemonnaie, Schl\u00fcssel, Smartphone und Kosmetik und ist daher auch eine perfekte Begleitung f\u00fcr den Alltag. Die Reissue Bag 224 ist aus gestepptem Tweed gefertigt und verf\u00fcgt \u00fcber einen flexiblen Kettenriemen, ein Mademoiselle-Turnlock und goldfarbene Hardware-Akzente.<\/p>\n<p>Der Mademoiselle-Turnlock-Verschluss \u00f6ffnet sich zu einem beigen Lederfutter mit einem Rei\u00dfverschlussfach und einem Steckfach. Des weiteren befindet sich am Taschenr\u00fccken ein aufgesetztes Steckfach. Die Reissue Mini Flap Bag kann kurz oder lang \u00fcber der Schulter getragen werden, so dass maximaler Tragekomfort garantiert ist. Eine komfortable und kompakte Handtasche, die Chanels klassisches Design verk\u00f6rpert.\n<\/p>\n<p>\n<strong>Mint condition<\/strong><br \/>\nDiese CHANEL 2.55 Reissue Mini Flap Bag 224 Handtasche aus zweiter Hand ist in einem neuwertigen Zustand. Dementsprechend sind der Tweed-Stoff sowie die goldfarbene Hardware in einem einwandfreien Zustand. Auch das Tascheninnere ist sauber, ohne Ger\u00fcche und weist keine L\u00f6cher\/Risse auf.\n<\/p>\n<p>\n<strong>Style:<\/strong> Shoulder bag, crossbody<br \/>\n<strong>Size:<\/strong> Small<br \/>\n<strong>Dimensions (approx.):<\/strong> width 20 cm * height 13 cm * depth 8,5 cm<br \/>\n<strong>Shoulder chain:<\/strong> single = 110 cm; double = 63 cm\n<\/p>\n<p>\n<strong>Exterior material:<\/strong> Tweed<br \/>\n<strong>Interior Material<\/strong> leather\n<\/p>\n<p>The pictures represent the offered bag. The picture rights are held by MyLovelyBoutique.com. <\/p>\n<p>Follow us on <a href=\"https:\/\/www.instagram.com\/mylovelyboutique.de\/\" rel=\"noopener noreferrer\" target=\"_blank\"><span style=\"color: #96588a;\">Instagram<\/span><\/a> and get inspired. <\/p>","protected":false},"excerpt":{"rendered":"<br \/>\n<table class=\"mlb-product-details\">\n<tbody>\n<tr>\n<td class=\"mlb-details-caption\">Model<\/td>\n<td class=\"mlb-details-value\">2.55 Reissue Mini Flap Bag 224<\/td>\n<\/tr>\n<tr>\n<td class=\"mlb-details-caption\">Colour<\/td>\n<td class=\"mlb-details-value\">Bunt<\/td>\n<\/tr>\n<tr>\n<td class=\"mlb-details-caption\">Hardware<\/td>\n<td class=\"mlb-details-value\">Gold with ruthenium finish<\/td>\n<\/tr>\n<tr>\n<td class=\"mlb-details-caption\">Year<\/td>\n<td class=\"mlb-details-value\">2020<\/td>\n<\/tr>\n<tr>\n<td class=\"mlb-details-caption\">Accessoires<\/td>\n<td class=\"mlb-details-value\">Invoice, box, dustbag, authenticity card, serialnumber with hologram<\/td>\n<\/tr>\n<tr>\n<td class=\"mlb-details-caption\">Condition<\/td>\n<td class=\"mlb-details-value\">Mint condition<\/td>\n<\/tr>\n<\/tbody>\n<\/table>","protected":false},"featured_media":16044,"template":"","meta":[],"product_brand":[],"product_cat":[1430,87,154,86,85,99],"product_tag":[],"class_list":{"0":"post-16026","1":"product","2":"type-product","3":"status-publish","4":"has-post-thumbnail","6":"product_cat-chanel","7":"product_cat-crossbodytaschen","8":"product_cat-designer","9":"product_cat-kleinetaschen","10":"product_cat-schultertaschen","11":"product_cat-taschen","12":"product_shipping_class-bis5000","14":"first","15":"outofstock","16":"sold-individually","17":"shipping-taxable","18":"purchasable","19":"product-type-simple"},"_links":{"self":[{"href":"https:\/\/baselle.com\/en\/wp-json\/wp\/v2\/product\/16026","targetHints":{"allow":["GET"]}}],"collection":[{"href":"https:\/\/baselle.com\/en\/wp-json\/wp\/v2\/product"}],"about":[{"href":"https:\/\/baselle.com\/en\/wp-json\/wp\/v2\/types\/product"}],"wp:featuredmedia":[{"embeddable":true,"href":"https:\/\/baselle.com\/en\/wp-json\/wp\/v2\/media\/16044"}],"wp:attachment":[{"href":"https:\/\/baselle.com\/en\/wp-json\/wp\/v2\/media?parent=16026"}],"wp:term":[{"taxonomy":"product_brand","embeddable":true,"href":"https:\/\/baselle.com\/en\/wp-json\/wp\/v2\/product_brand?post=16026"},{"taxonomy":"product_cat","embeddable":true,"href":"https:\/\/baselle.com\/en\/wp-json\/wp\/v2\/product_cat?post=16026"},{"taxonomy":"product_tag","embeddable":true,"href":"https:\/\/baselle.com\/en\/wp-json\/wp\/v2\/product_tag?post=16026"}],"curies":[{"name":"wp","href":"https:\/\/api.w.org\/{rel}","templated":true}]}}