{"id":16011,"date":"2022-02-08T16:33:02","date_gmt":"2022-02-08T15:33:02","guid":{"rendered":"https:\/\/baselle.com\/?post_type=product&#038;p=16011"},"modified":"2023-08-17T16:59:01","modified_gmt":"2023-08-17T14:59:01","slug":"chanel-coco-boy-camera-bag-16011","status":"publish","type":"product","link":"https:\/\/baselle.com\/en\/product\/chanel-coco-boy-camera-bag-16011\/","title":{"rendered":"CHANEL Camera Bag"},"content":{"rendered":"<p><strong>CHANEL Coco Boy Camera Bag Handtasche Beschreibung<\/strong><\/p>\n<p>Diese originale CHANEL Coco Boy Camera Bag Handtasche ist eine komfortable und moderne Handtasche. In ihrer kompakten Gr\u00f6\u00dfe bietet sie ausreichend Platz f\u00fcr Portemonnaie, Schl\u00fcssel und Smartphone. Die Camera Bag ist aus schwarzem Kalbsleder in Vintage-Optik mit diagonalen und diamantierten Steppdetails gefertigt und verf\u00fcgt \u00fcber einen Kettenriemen, einen oversized CC-Anh\u00e4nger und silberfarbene Hardware-Akzente.<\/p>\n<p>Die Zwei-Wege-Rei\u00dfverschlussf\u00e4cher \u00f6ffnen sich zu einem burgunderroten, mit Stoff ausgekleideten Innenraum mit zwei seitlichen Rei\u00dfverschlusstaschen und einem Steckfach. Die Coco Boy Camera Bag kann \u00fcber der Schulter sowie Crossbody getragen werden, so dass maximaler Tragekomfort garantiert ist. <\/p>\n<p><strong>Very good condition:<\/strong><br \/>\nDiese CHANEL Coco Boy Camera Bag Handtasche aus zweiter Hand ist insgesamt in einem sehr guten Zustand. Das Kalbsleder &#8211; auch die Taschenecken &#8211; sind in einem sehr gepflegten Zustand. Das Tascheninnere ist ohne Ger\u00fcche und Besch\u00e4digungen, weist jedoch einen dezenten wei\u00dfen Fleck in einem Innenfach auf. Die silberfarbenen Hardware-Akzente sind in einem einwandfreien Zustand.<\/p>\n<p><strong>Style:<\/strong> Shoulder bag, crossbody<br \/>\n<strong>Size:<\/strong> Medium<br \/>\n<strong>Dimensions (approx.):<\/strong> Breite 26 cm * H\u00f6he 16 cm * Tiefe 8,5 cm<br \/>\n<strong>Shoulder chain:<\/strong> 118 cm<\/p>\n<p><strong>Exterior material:<\/strong> Kalbsleder in Vintage-Optik<br \/>\n<strong>Interior Material<\/strong> fabric lining<\/p>\n<p>The pictures represent the offered bag. The picture rights are held by MyLovelyBoutique.com.<\/p>\n<p>Follow us on <a href=\"https:\/\/www.instagram.com\/mylovelyboutique.de\/\" rel=\"noopener noreferrer\" target=\"_blank\"><span style=\"color: #96588a;\">Instagram<\/span><\/a> and get inspired. <\/p>","protected":false},"excerpt":{"rendered":"<p>&nbsp;<\/p>\n<table class=\"mlb-product-details\">\n<tbody>\n<tr>\n<td class=\"mlb-details-caption\">Model<\/td>\n<td class=\"mlb-details-value\">Coco Boy Camera Bag<\/td>\n<\/tr>\n<tr>\n<td class=\"mlb-details-caption\">Colour<\/td>\n<td class=\"mlb-details-value\">Black<\/td>\n<\/tr>\n<tr>\n<td class=\"mlb-details-caption\">Hardware<\/td>\n<td class=\"mlb-details-value\">Silver with ruthenium finish<\/td>\n<\/tr>\n<tr>\n<td class=\"mlb-details-caption\">Year<\/td>\n<td class=\"mlb-details-value\">2015<\/td>\n<\/tr>\n<tr>\n<td class=\"mlb-details-caption\">Accessoires<\/td>\n<td class=\"mlb-details-value\">Dustbag, authenticity card, serialnumber with hologram<\/td>\n<\/tr>\n<tr>\n<td class=\"mlb-details-caption\">Condition<\/td>\n<td class=\"mlb-details-value\">Very good condition<\/td>\n<\/tr>\n<\/tbody>\n<\/table>","protected":false},"featured_media":16014,"template":"","meta":[],"product_brand":[],"product_cat":[1430,87,154,85,99],"product_tag":[],"class_list":{"0":"post-16011","1":"product","2":"type-product","3":"status-publish","4":"has-post-thumbnail","6":"product_cat-chanel","7":"product_cat-crossbodytaschen","8":"product_cat-designer","9":"product_cat-schultertaschen","10":"product_cat-taschen","11":"product_shipping_class-bis2500","13":"first","14":"outofstock","15":"sold-individually","16":"shipping-taxable","17":"purchasable","18":"product-type-simple"},"_links":{"self":[{"href":"https:\/\/baselle.com\/en\/wp-json\/wp\/v2\/product\/16011","targetHints":{"allow":["GET"]}}],"collection":[{"href":"https:\/\/baselle.com\/en\/wp-json\/wp\/v2\/product"}],"about":[{"href":"https:\/\/baselle.com\/en\/wp-json\/wp\/v2\/types\/product"}],"wp:featuredmedia":[{"embeddable":true,"href":"https:\/\/baselle.com\/en\/wp-json\/wp\/v2\/media\/16014"}],"wp:attachment":[{"href":"https:\/\/baselle.com\/en\/wp-json\/wp\/v2\/media?parent=16011"}],"wp:term":[{"taxonomy":"product_brand","embeddable":true,"href":"https:\/\/baselle.com\/en\/wp-json\/wp\/v2\/product_brand?post=16011"},{"taxonomy":"product_cat","embeddable":true,"href":"https:\/\/baselle.com\/en\/wp-json\/wp\/v2\/product_cat?post=16011"},{"taxonomy":"product_tag","embeddable":true,"href":"https:\/\/baselle.com\/en\/wp-json\/wp\/v2\/product_tag?post=16011"}],"curies":[{"name":"wp","href":"https:\/\/api.w.org\/{rel}","templated":true}]}}