{"id":15929,"date":"2022-01-17T11:58:49","date_gmt":"2022-01-17T10:58:49","guid":{"rendered":"https:\/\/baselle.com\/?post_type=product&#038;p=15929"},"modified":"2025-12-19T07:53:57","modified_gmt":"2025-12-19T06:53:57","slug":"chanel-coco-handle-large-flap-bag-15929","status":"publish","type":"product","link":"https:\/\/baselle.com\/en\/product\/chanel-coco-handle-large-flap-bag-15929\/","title":{"rendered":"CHANEL Coco Handle"},"content":{"rendered":"<p>\n<strong>CHANEL Coco Handle Large Flap Bag Handtasche Beschreibung<\/strong><\/p>\n<p>Diese originale CHANEL Coco Handle Large Flap Bag Handtasche ist ein elegantes Lieblingsst\u00fcck aus dem Maison CHANEL f\u00fcr die moderne Frau. Sie ist aus schwarzem genarbten Kalbsleder gefertigt und verf\u00fcgt \u00fcber einen Ledergriff aus Reptilleder, einen abnehmbaren Lederkettenriemen mit Lederauflage, ein CC-Turnlock sowie goldene Hardware-Akzente.<\/p>\n<p>Die Coco Handle Bag Handtasche kann als Schultertasche oder an der Hand getragen werden. F\u00fcr maximalen Tragekomfort geht im Schulterbereich der abnehmbare Kettenriemen in weiches Leder \u00fcber. Die Klappe \u00f6ffnet sich zu einem mit schwarzen Textil gef\u00fctterten Tascheninneren, welches in zwei F\u00e4cher und ein Rei\u00dfverschlussmittelfach aufgeteilt ist. Darin befinden sich zwei Steckf\u00e4cher und ein weiteres Rei\u00dfverschlussfach. Am Taschenr\u00fccken befindet sich ein aufgesetztes Steckfach.\n<\/p>\n<p>\n<strong>Excellent condition<\/strong><br \/>\nDiese CHANEL Coco Handle Large Flap Bag Handtasche aus zweiter Hand ist insgesamt in einem hervorragenden Zustand. Dementsprechend sind das Leder sowie die goldfarbene Hardware in einem sehr gepflegten Zustand. Auch das Tascheninnere ist sauber, ohne Ger\u00fcche und weist keine L\u00f6cher\/Risse auf.\n<\/p>\n<p>\n<strong>Style:<\/strong> Handbag, shoulder bag<br \/>\n<strong>Size:<\/strong> Large<br \/>\n<strong>Dimensions (approx.):<\/strong> Breite 33 cm * H\u00f6he 21,5 cm * Tiefe 11 cm<br \/>\n<strong>Shoulder strap (approx.):<\/strong> 103 cm\n<\/p>\n<p>\n<strong>Exterior material:<\/strong> Grained calfskin leather<br \/>\n<strong>Interior Material<\/strong> fabric lining\n<\/p>\n<p>The pictures represent the offered bag. The picture rights are held by MyLovelyBoutique.com. <\/p>\n<p>Follow us on <a href=\"https:\/\/www.instagram.com\/mylovelyboutique.de\/\" rel=\"noopener noreferrer\" target=\"_blank\"><span style=\"color: #96588a;\">Instagram<\/span><\/a> and get inspired. <\/p>","protected":false},"excerpt":{"rendered":"<table class=\"mlb-product-details\">\n<tbody>\n<tr>\n<td class=\"mlb-details-caption\">Model<\/td>\n<td class=\"mlb-details-value\">Coco Handle Large Flap Bag<\/td>\n<\/tr>\n<tr>\n<td class=\"mlb-details-caption\">Colour<\/td>\n<td class=\"mlb-details-value\">Black<\/td>\n<\/tr>\n<tr>\n<td class=\"mlb-details-caption\">Hardware<\/td>\n<td class=\"mlb-details-value\">Gold with ruthenium finish<\/td>\n<\/tr>\n<tr>\n<td class=\"mlb-details-caption\">Year<\/td>\n<td class=\"mlb-details-value\">2019<\/td>\n<\/tr>\n<tr>\n<td class=\"mlb-details-caption\">Accessoires<\/td>\n<td class=\"mlb-details-value\">Dustbag, authenticity card, serialnumber with hologram<\/td>\n<\/tr>\n<tr>\n<td class=\"mlb-details-caption\">Condition<\/td>\n<td class=\"mlb-details-value\">Excellent condition<\/td>\n<\/tr>\n<\/tbody>\n<\/table>","protected":false},"featured_media":15971,"template":"","meta":[],"product_brand":[],"product_cat":[1430,154,68,85,99],"product_tag":[],"class_list":{"0":"post-15929","1":"product","2":"type-product","3":"status-publish","4":"has-post-thumbnail","6":"product_cat-chanel","7":"product_cat-designer","8":"product_cat-handtaschen","9":"product_cat-schultertaschen","10":"product_cat-taschen","11":"product_shipping_class-bis5000","13":"first","14":"outofstock","15":"sold-individually","16":"shipping-taxable","17":"purchasable","18":"product-type-simple"},"_links":{"self":[{"href":"https:\/\/baselle.com\/en\/wp-json\/wp\/v2\/product\/15929","targetHints":{"allow":["GET"]}}],"collection":[{"href":"https:\/\/baselle.com\/en\/wp-json\/wp\/v2\/product"}],"about":[{"href":"https:\/\/baselle.com\/en\/wp-json\/wp\/v2\/types\/product"}],"wp:featuredmedia":[{"embeddable":true,"href":"https:\/\/baselle.com\/en\/wp-json\/wp\/v2\/media\/15971"}],"wp:attachment":[{"href":"https:\/\/baselle.com\/en\/wp-json\/wp\/v2\/media?parent=15929"}],"wp:term":[{"taxonomy":"product_brand","embeddable":true,"href":"https:\/\/baselle.com\/en\/wp-json\/wp\/v2\/product_brand?post=15929"},{"taxonomy":"product_cat","embeddable":true,"href":"https:\/\/baselle.com\/en\/wp-json\/wp\/v2\/product_cat?post=15929"},{"taxonomy":"product_tag","embeddable":true,"href":"https:\/\/baselle.com\/en\/wp-json\/wp\/v2\/product_tag?post=15929"}],"curies":[{"name":"wp","href":"https:\/\/api.w.org\/{rel}","templated":true}]}}