{"id":15928,"date":"2022-01-16T17:56:25","date_gmt":"2022-01-16T16:56:25","guid":{"rendered":"https:\/\/baselle.com\/?post_type=product&#038;p=15928"},"modified":"2023-11-10T14:05:45","modified_gmt":"2023-11-10T13:05:45","slug":"louis-vuitton-twist-pm-epi-leder-schwarz-15928","status":"publish","type":"product","link":"https:\/\/baselle.com\/en\/product\/louis-vuitton-twist-pm-epi-leder-schwarz-15928\/","title":{"rendered":"Louis Vuitton Twist PM"},"content":{"rendered":"<p>\n<strong>Louis Vuitton Twist PM Epi Leder Handtasche Beschreibung<\/strong> <\/p>\n<p>Diese originale Louis Vuitton Twist PM Epi Leder Handtasche ist ein elegantes und kompaktes Modell, das sowohl tags\u00fcber wie auch als Abendtasche getragen werden kann. Diese strukturierte Handtasche ist aus robustem Epi-Leder gefertigt und verf\u00fcgt \u00fcber eine eckige Silhouette und silberne Hardware-Akzente.<\/p>\n<p>Durch den ikonischen Drehverschluss mit LV-Signatur l\u00e4sst sich die Twist PM zu einem schwarzen Innenfutter aus Mikrofaser \u00f6ffnen. Im Tascheninneren befinden sich ein Steckfach f\u00fcr den zugeh\u00f6rigen Taschenspiegel und ein weiteres Steckfach. Die Twist PM kann \u00fcber der Schulter sowie diagonal am K\u00f6rper getragen werden, so dass maximaler Tragekomfort garantiert ist. Diese wundersch\u00f6ne Schultertasche ist ein elegantes Lieblingsst\u00fcck f\u00fcr den t\u00e4glichen Gebrauch.\n<\/p>\n<p>\n<strong>Excellent condition<\/strong><br \/>\nDiese Louis Vuitton Twist PM Epi Leder Handtasche aus zweiter Hand ist insgesamt in einem hervorragenden Zustand. Die Tasche wurde kaum getragen, weshalb das Epi Rindsleder und die silbernen Hardware-Akzente in einem einwandfreien Zustand sind. Das Tascheninnere ist sauber, ohne Ger\u00fcche und weist keine L\u00f6cher\/Risse auf.\n<\/p>\n<p>\n<strong>Style:<\/strong> Shoulder bag, clutch, crossbody<br \/>\n<strong>Size:<\/strong> PM<br \/>\n<strong>Dimensions (approx.):<\/strong> Breite 19 cm * H\u00f6he 15 cm * Tiefe 9 cm\n<\/p>\n<p>\n<strong>Exterior material:<\/strong> Genarbtes Epi Rindsleder<br \/>\n<strong>Interior Material<\/strong> microfibre lining\n<\/p>\n<p>Die Bilder stellen die angebotene Tasche dar und sind Eigentum von MyLovelyBoutique. <\/p>\n<p>Follow us on <a href=\"https:\/\/www.instagram.com\/mylovelyboutique.de\/\" rel=\"noopener noreferrer\" target=\"_blank\"><span style=\"color: #96588a;\">Instagram<\/span><\/a> and get inspired. <\/p>","protected":false},"excerpt":{"rendered":"<table class=\"mlb-product-details\">\n<tbody>\n<tr>\n<td class=\"mlb-details-caption\">Model<\/td>\n<td class=\"mlb-details-value\">Twist PM Epi Leder<\/td>\n<\/tr>\n<tr>\n<td class=\"mlb-details-caption\">Colour<\/td>\n<td class=\"mlb-details-value\">Black<\/td>\n<\/tr>\n<tr>\n<td class=\"mlb-details-caption\">Hardware<\/td>\n<td class=\"mlb-details-value\">Silver<\/td>\n<\/tr>\n<tr>\n<td class=\"mlb-details-caption\">Year<\/td>\n<td class=\"mlb-details-value\">2020<\/td>\n<\/tr>\n<tr>\n<td class=\"mlb-details-caption\">Accessoires<\/td>\n<td class=\"mlb-details-value\">Rechnung, Box, Staubbeutel, LV-Materialinfo, LV-Booklet, Spiegel<\/td>\n<\/tr>\n<tr>\n<td class=\"mlb-details-caption\">Condition<\/td>\n<td class=\"mlb-details-value\">Excellent condition<\/td>\n<\/tr>\n<\/tbody>\n<\/table>","protected":false},"featured_media":15932,"template":"","meta":[],"product_brand":[],"product_cat":[87,154,86,1431,85,99],"product_tag":[],"class_list":{"0":"post-15928","1":"product","2":"type-product","3":"status-publish","4":"has-post-thumbnail","6":"product_cat-crossbodytaschen","7":"product_cat-designer","8":"product_cat-kleinetaschen","9":"product_cat-louisvuitton","10":"product_cat-schultertaschen","11":"product_cat-taschen","12":"product_shipping_class-bis2500","14":"first","15":"outofstock","16":"sold-individually","17":"shipping-taxable","18":"purchasable","19":"product-type-simple"},"_links":{"self":[{"href":"https:\/\/baselle.com\/en\/wp-json\/wp\/v2\/product\/15928","targetHints":{"allow":["GET"]}}],"collection":[{"href":"https:\/\/baselle.com\/en\/wp-json\/wp\/v2\/product"}],"about":[{"href":"https:\/\/baselle.com\/en\/wp-json\/wp\/v2\/types\/product"}],"wp:featuredmedia":[{"embeddable":true,"href":"https:\/\/baselle.com\/en\/wp-json\/wp\/v2\/media\/15932"}],"wp:attachment":[{"href":"https:\/\/baselle.com\/en\/wp-json\/wp\/v2\/media?parent=15928"}],"wp:term":[{"taxonomy":"product_brand","embeddable":true,"href":"https:\/\/baselle.com\/en\/wp-json\/wp\/v2\/product_brand?post=15928"},{"taxonomy":"product_cat","embeddable":true,"href":"https:\/\/baselle.com\/en\/wp-json\/wp\/v2\/product_cat?post=15928"},{"taxonomy":"product_tag","embeddable":true,"href":"https:\/\/baselle.com\/en\/wp-json\/wp\/v2\/product_tag?post=15928"}],"curies":[{"name":"wp","href":"https:\/\/api.w.org\/{rel}","templated":true}]}}