{"id":15904,"date":"2022-01-20T16:16:11","date_gmt":"2022-01-20T15:16:11","guid":{"rendered":"https:\/\/baselle.com\/?post_type=product&#038;p=15904"},"modified":"2022-11-02T13:08:24","modified_gmt":"2022-11-02T12:08:24","slug":"chanel-chevron-flap-bag-2","status":"publish","type":"product","link":"https:\/\/baselle.com\/en\/product\/chanel-chevron-flap-bag-2\/","title":{"rendered":"CHANEL Chevron Flap Bag"},"content":{"rendered":"<p>\n<strong>CHANEL Diamond Quilted Chevron Flap Bag Leder Handtasche Beschreibung<\/strong><\/p>\n<p>Diese originale CHANEL Diamond Quilted Chevron Flap Bag Leder Handtasche ist eine schicke und klassische Tasche in typisch zeitloser Form von Chanel. Der Mix aus Chevron- und Diamond-Stitching setzt bei diesem Modell ein ganz besonderes Highlight. Diese Flap Bag ist aus Kalbslackleder in Marineblau gefertigt und verf\u00fcgt \u00fcber einen gewebten Kettenriemen, ein CC-Verschluss sowie silberne Hardware Akzente. <\/p>\n<p>\u00dcber den CC-Verschluss \u00f6ffnet sich die Handtasche zu einem beigen Textilinnenfutter mit einem Rei\u00dfverschlussfach. Die CHANEL Chevron Flap Bag Handtasche kann als Schultertasche sowie diagonal am K\u00f6rper getragen werden, so dass maximaler Tragekomfort garantiert ist.\n<\/p>\n<p>\n<strong>Excellent condition<\/strong><br \/>\nDiese CHANEL Diamond Quilted Chevron Flap Bag Leder Handtasche aus zweiter Hand ist insgesamt in einem hervorragenden Zustand. Dementsprechend sind das Lackleder sowie die silberne Hardware in einem sehr gepflegten Zustand. Die Hardware ist zum Teil noch mit Schutzfolie versehen. Auch das Tascheninnere ist sauber, ohne Ger\u00fcche und weist keine L\u00f6cher\/Risse auf.\n<\/p>\n<p>\n<strong>Style:<\/strong> Shoulder bag, clutch, crossbody<br \/>\n<strong>Size:<\/strong> Medium<br \/>\n<strong>Dimensions (approx.):<\/strong> Breite 26,5 cm * H\u00f6he 17 cm * Tiefe 7,5 cm<br \/>\n<strong>Shoulder strap (approx.):<\/strong> einfach = 112 cm, doppelt = 64 cm\n<\/p>\n<p>\n<strong>Exterior material:<\/strong> Patent calfskin leather<br \/>\n<strong>Interior Material<\/strong> fabric lining\n<\/p>\n<p>The pictures represent the offered bag. The picture rights are held by MyLovelyBoutique.com. <\/p>\n<p>Follow us on <a href=\"https:\/\/www.instagram.com\/mylovelyboutique.de\/\" rel=\"noopener noreferrer\" target=\"_blank\"><span style=\"color: #96588a;\">Instagram<\/span><\/a> and get inspired. <\/p>","protected":false},"excerpt":{"rendered":"<table class=\"mlb-product-details\">\n<tbody>\n<tr>\n<td class=\"mlb-details-caption\">Model<\/td>\n<td class=\"mlb-details-value\">Diamond Quilted Chevron Flap Bag<\/td>\n<\/tr>\n<tr>\n<td class=\"mlb-details-caption\">Colour<\/td>\n<td class=\"mlb-details-value\">Marineblau<\/td>\n<\/tr>\n<tr>\n<td class=\"mlb-details-caption\">Hardware<\/td>\n<td class=\"mlb-details-value\">Silver<\/td>\n<\/tr>\n<tr>\n<td class=\"mlb-details-caption\">Year<\/td>\n<td class=\"mlb-details-value\">2017<\/td>\n<\/tr>\n<tr>\n<td class=\"mlb-details-caption\">Accessoires<\/td>\n<td class=\"mlb-details-value\">Dustbag, authenticity card, serialnumber with hologram<\/td>\n<\/tr>\n<tr>\n<td class=\"mlb-details-caption\">Condition<\/td>\n<td class=\"mlb-details-value\">Excellent condition<\/td>\n<\/tr>\n<\/tbody>\n<\/table>","protected":false},"featured_media":15992,"template":"","meta":[],"product_brand":[],"product_cat":[1430,87,154,85,99],"product_tag":[],"class_list":{"0":"post-15904","1":"product","2":"type-product","3":"status-publish","4":"has-post-thumbnail","6":"product_cat-chanel","7":"product_cat-crossbodytaschen","8":"product_cat-designer","9":"product_cat-schultertaschen","10":"product_cat-taschen","11":"product_shipping_class-bis5000","13":"first","14":"outofstock","15":"sold-individually","16":"shipping-taxable","17":"purchasable","18":"product-type-simple"},"_links":{"self":[{"href":"https:\/\/baselle.com\/en\/wp-json\/wp\/v2\/product\/15904","targetHints":{"allow":["GET"]}}],"collection":[{"href":"https:\/\/baselle.com\/en\/wp-json\/wp\/v2\/product"}],"about":[{"href":"https:\/\/baselle.com\/en\/wp-json\/wp\/v2\/types\/product"}],"wp:featuredmedia":[{"embeddable":true,"href":"https:\/\/baselle.com\/en\/wp-json\/wp\/v2\/media\/15992"}],"wp:attachment":[{"href":"https:\/\/baselle.com\/en\/wp-json\/wp\/v2\/media?parent=15904"}],"wp:term":[{"taxonomy":"product_brand","embeddable":true,"href":"https:\/\/baselle.com\/en\/wp-json\/wp\/v2\/product_brand?post=15904"},{"taxonomy":"product_cat","embeddable":true,"href":"https:\/\/baselle.com\/en\/wp-json\/wp\/v2\/product_cat?post=15904"},{"taxonomy":"product_tag","embeddable":true,"href":"https:\/\/baselle.com\/en\/wp-json\/wp\/v2\/product_tag?post=15904"}],"curies":[{"name":"wp","href":"https:\/\/api.w.org\/{rel}","templated":true}]}}