{"id":15863,"date":"2021-12-18T11:09:53","date_gmt":"2021-12-18T10:09:53","guid":{"rendered":"https:\/\/baselle.com\/?post_type=product&#038;p=15863"},"modified":"2022-02-10T16:39:44","modified_gmt":"2022-02-10T15:39:44","slug":"chanel-carry-chic-top-handle-flap-bag-white-15863","status":"publish","type":"product","link":"https:\/\/baselle.com\/en\/product\/chanel-carry-chic-top-handle-flap-bag-white-15863\/","title":{"rendered":"CHANEL Carry Chic Bag"},"content":{"rendered":"<p>\n<strong>CHANEL Small Carry Chic Top Handle Flap Bag Handtasche Beschreibung<\/strong><\/p>\n<p>Diese originale CHANEL Small Carry Chic Top Handle Flap Bag Handtasche ist ein elegantes Lieblingsst\u00fcck f\u00fcr den t\u00e4glichen Gebrauch. Durch die schlichte Form und dem kompakten Interieur ist dieses raffinierte Modell ein praktischer und stylischer Alltagsbegleiter. Der hellgoldene Griff mit CHANEL-Signatur setzt bei diesem Modell ein ganz besonderes Highlight. Die Carry Chic Flap Bag ist aus gestepptem Lammleder gefertigt und verf\u00fcgt \u00fcber gewebte Kettenriemen, einem CC-Turnlock sowie hellgoldene Hardware Akzente.<\/p>\n<p>Die CHANEL Charry Chic Bag kann als Schultertasche, diagonal am K\u00f6rper oder an der Hand getragen werden. F\u00fcr maximalen Tragekomfort geht im Schulterbereich der abnehmbare Kettenriemen in weiches Leder \u00fcber. Die Klappe \u00f6ffnet sich zu einem mit beigem Leder gef\u00fctterten Tascheninneren mit einem Rei\u00dfverschlussfach. Am Taschenr\u00fccken befindet sich ein weiteres aufgesetztes Steckfach.\n<\/p>\n<p>\n<strong>Very good condition:<\/strong><br \/>\nDiese CHANEL Small Carry Chic Top Handle Flap Bag Handtasche aus zweiter Hand ist insgesamt in einem sehr guten Zustand. Das gesteppte Lammleder sowie die goldfarbene Hardware sind in einem sehr gepflegten Zustand. Auch das Tascheninnere ist sauber, ohne Ger\u00fcche und weist keine L\u00f6cher\/Risse auf.\n<\/p>\n<p>\n<strong>Style:<\/strong> Shoulder bag, handbag, crossbody<br \/>\n<strong>Size:<\/strong> Small<br \/>\n<strong>Dimensions (approx.):<\/strong> Breite 20 cm * H\u00f6he 13 cm * Tiefe 7 cm<br \/>\n<strong>Shoulder strap (approx.):<\/strong> 113 cm\n<\/p>\n<p>\n<strong>Exterior material:<\/strong> Lambskin leather<br \/>\n<strong>Interior Material<\/strong> Leather lining\n<\/p>\n<p>The pictures represent the offered bag. The picture rights are held by MyLovelyBoutique.com. <\/p>\n<p>Follow us on <a href=\"https:\/\/www.instagram.com\/mylovelyboutique.de\/\" rel=\"noopener noreferrer\" target=\"_blank\"><span style=\"color: #96588a;\">Instagram<\/span><\/a> and get inspired. <\/p>","protected":false},"excerpt":{"rendered":"<table class=\"mlb-product-details\">\n<tbody>\n<tr>\n<td class=\"mlb-details-caption\">Model<\/td>\n<td class=\"mlb-details-value\">Small Carry Chic Flap Bag<\/td>\n<\/tr>\n<tr>\n<td class=\"mlb-details-caption\">Colour<\/td>\n<td class=\"mlb-details-value\">White<\/td>\n<\/tr>\n<tr>\n<td class=\"mlb-details-caption\">Hardware<\/td>\n<td class=\"mlb-details-value\">Light gold<\/td>\n<\/tr>\n<tr>\n<td class=\"mlb-details-caption\">Year<\/td>\n<td class=\"mlb-details-value\">2017<\/td>\n<\/tr>\n<tr>\n<td class=\"mlb-details-caption\">Accessoires<\/td>\n<td class=\"mlb-details-value\">Box, dustbag, authenticity card, serialnumber with hologram<\/td>\n<\/tr>\n<tr>\n<td class=\"mlb-details-caption\">Condition<\/td>\n<td class=\"mlb-details-value\">Very good condition<\/td>\n<\/tr>\n<\/tbody>\n<\/table>","protected":false},"featured_media":15883,"template":"","meta":[],"product_brand":[],"product_cat":[1430,87,154,68,86,85,99],"product_tag":[],"class_list":{"0":"post-15863","1":"product","2":"type-product","3":"status-publish","4":"has-post-thumbnail","6":"product_cat-chanel","7":"product_cat-crossbodytaschen","8":"product_cat-designer","9":"product_cat-handtaschen","10":"product_cat-kleinetaschen","11":"product_cat-schultertaschen","12":"product_cat-taschen","13":"product_shipping_class-bis5000","15":"first","16":"outofstock","17":"sold-individually","18":"shipping-taxable","19":"purchasable","20":"product-type-simple"},"_links":{"self":[{"href":"https:\/\/baselle.com\/en\/wp-json\/wp\/v2\/product\/15863","targetHints":{"allow":["GET"]}}],"collection":[{"href":"https:\/\/baselle.com\/en\/wp-json\/wp\/v2\/product"}],"about":[{"href":"https:\/\/baselle.com\/en\/wp-json\/wp\/v2\/types\/product"}],"wp:featuredmedia":[{"embeddable":true,"href":"https:\/\/baselle.com\/en\/wp-json\/wp\/v2\/media\/15883"}],"wp:attachment":[{"href":"https:\/\/baselle.com\/en\/wp-json\/wp\/v2\/media?parent=15863"}],"wp:term":[{"taxonomy":"product_brand","embeddable":true,"href":"https:\/\/baselle.com\/en\/wp-json\/wp\/v2\/product_brand?post=15863"},{"taxonomy":"product_cat","embeddable":true,"href":"https:\/\/baselle.com\/en\/wp-json\/wp\/v2\/product_cat?post=15863"},{"taxonomy":"product_tag","embeddable":true,"href":"https:\/\/baselle.com\/en\/wp-json\/wp\/v2\/product_tag?post=15863"}],"curies":[{"name":"wp","href":"https:\/\/api.w.org\/{rel}","templated":true}]}}