{"id":15861,"date":"2022-04-20T17:21:40","date_gmt":"2022-04-20T15:21:40","guid":{"rendered":"https:\/\/baselle.com\/?post_type=product&#038;p=15861"},"modified":"2022-05-16T15:53:42","modified_gmt":"2022-05-16T13:53:42","slug":"louis-vuitton-fleur-de-monogram-bag-charm-taschenschmuck-15861","status":"publish","type":"product","link":"https:\/\/baselle.com\/en\/product\/louis-vuitton-fleur-de-monogram-bag-charm-taschenschmuck-15861\/","title":{"rendered":"Louis Vuitton Fleur de Monogram"},"content":{"rendered":"<p><strong>Louis Vuitton Fleur de Monogram Bag Charm Taschenschmuck Beschreibung<\/strong><\/p>\n<p>Dieser originale Louis Vuitton Fleur de Monogram Bag Charm Taschenschmuck verzaubert durch seine wundersch\u00f6nen Details wie der ikonischen Monogram-Bl\u00fcte und der LV-Signatur. Er verf\u00fcgt \u00fcber einen Karabinerverschluss und ist sowohl als Taschenschmuck wie auch als Schl\u00fcsselanh\u00e4nger verwendbar. In jedem Fall ist dieses Schmuckst\u00fcck garantiert ein Eyecatcher!<\/p>\n<p><strong>Very good condition:<\/strong><br \/>\nDieser Louis Vuitton Fleur de Monogram Bag Charm Taschenschmuck aus zweiter Hand wurde getragen, ist jedoch insgesamt in einem sehr guten Zustand. <\/p>\n<p><strong>Dimensions (approx.):<\/strong> Gesamtl\u00e4nge = 14,5 cm<\/p>\n<p><strong>Material:<\/strong> Messing, Kunstharz<\/p>\n<p>The pictures represent the offered bag charm. The picture rights are held by MyLovelyBoutique.com. <\/p>\n<p>Follow us on <a href=\"https:\/\/www.instagram.com\/mylovelyboutique.de\/\" rel=\"noopener noreferrer\" target=\"_blank\"><span style=\"color: #96588a;\">Instagram<\/span><\/a> and get inspired.<\/p>","protected":false},"excerpt":{"rendered":"<table class=\"mlb-product-details\">\n<tbody>\n<tr>\n<td class=\"mlb-details-caption\">Model<\/td>\n<td class=\"mlb-details-value\">Fleur de Monogram Taschenschmuck<\/td>\n<\/tr>\n<tr>\n<td class=\"mlb-details-caption\">Colour<\/td>\n<td class=\"mlb-details-value\">Beige, Schwarz<\/td>\n<\/tr>\n<tr>\n<td class=\"mlb-details-caption\">Hardware<\/td>\n<td class=\"mlb-details-value\">Gold<\/td>\n<\/tr>\n<tr>\n<td class=\"mlb-details-caption\">Year<\/td>\n<td class=\"mlb-details-value\">2015<\/td>\n<\/tr>\n<tr>\n<td class=\"mlb-details-caption\">Accessoires<\/td>\n<td class=\"mlb-details-value\">Invoice, box, dustbag<\/td>\n<\/tr>\n<tr>\n<td class=\"mlb-details-caption\">Condition<\/td>\n<td class=\"mlb-details-value\">Very good condition<\/td>\n<\/tr>\n<\/tbody>\n<\/table>","protected":false},"featured_media":16451,"template":"","meta":[],"product_brand":[],"product_cat":[57,154,1431,92],"product_tag":[],"class_list":{"0":"post-15861","1":"product","2":"type-product","3":"status-publish","4":"has-post-thumbnail","6":"product_cat-accessories","7":"product_cat-designer","8":"product_cat-louisvuitton","9":"product_cat-taschenschmuck","10":"product_shipping_class-0-500","12":"first","13":"outofstock","14":"sold-individually","15":"shipping-taxable","16":"purchasable","17":"product-type-simple"},"_links":{"self":[{"href":"https:\/\/baselle.com\/en\/wp-json\/wp\/v2\/product\/15861","targetHints":{"allow":["GET"]}}],"collection":[{"href":"https:\/\/baselle.com\/en\/wp-json\/wp\/v2\/product"}],"about":[{"href":"https:\/\/baselle.com\/en\/wp-json\/wp\/v2\/types\/product"}],"wp:featuredmedia":[{"embeddable":true,"href":"https:\/\/baselle.com\/en\/wp-json\/wp\/v2\/media\/16451"}],"wp:attachment":[{"href":"https:\/\/baselle.com\/en\/wp-json\/wp\/v2\/media?parent=15861"}],"wp:term":[{"taxonomy":"product_brand","embeddable":true,"href":"https:\/\/baselle.com\/en\/wp-json\/wp\/v2\/product_brand?post=15861"},{"taxonomy":"product_cat","embeddable":true,"href":"https:\/\/baselle.com\/en\/wp-json\/wp\/v2\/product_cat?post=15861"},{"taxonomy":"product_tag","embeddable":true,"href":"https:\/\/baselle.com\/en\/wp-json\/wp\/v2\/product_tag?post=15861"}],"curies":[{"name":"wp","href":"https:\/\/api.w.org\/{rel}","templated":true}]}}