{"id":15836,"date":"2022-08-01T13:11:58","date_gmt":"2022-08-01T11:11:58","guid":{"rendered":"https:\/\/baselle.com\/?post_type=product&#038;p=15836"},"modified":"2025-08-29T14:36:03","modified_gmt":"2025-08-29T12:36:03","slug":"louis-vuitton-petite-boite-chapeau-monogram-reverse-canvas-15836","status":"publish","type":"product","link":"https:\/\/baselle.com\/en\/product\/louis-vuitton-petite-boite-chapeau-monogram-reverse-canvas-15836\/","title":{"rendered":"Louis Vuitton Petite Boite Chapeau"},"content":{"rendered":"<p>\n<strong>Louis Vuitton Petite Boite Chapeau Monogram Reverse Canvas Handtasche Beschreibung<\/strong><\/p>\n<p>Diese originale Louis Vuitton Petite Boite Chapeau Monogram Reverse Canvas Handtasche ist ein unverkennbares Modell im Design der ikonischen Hutschachtel. Inspiriert von dem Erbe des Hauses als Kofferhersteller besticht die Boite Chapeau durch moderne Eleganz. Sie verf\u00fcgt \u00fcber eine runde Silhouette, goldfarbene Beschl\u00e4ge, einen praktischen Griff und einen dekorativen Adressanh\u00e4nger. <\/p>\n<p>Das S-Schloss \u00f6ffnet sich zu einem hellbeigen Lederfutter mit Malletage-Motiv. Dieses ist unterteilt in ein Innenfach und ein Steckfach. Die Louis Vuitton Petite Boite Chapeau kann an der Hand oder durch den abnehmbaren, f\u00fcnffach verstellbaren Schulterriemen bequem \u00fcber der Schulter sowie diagonal am K\u00f6rper getragen werden. Ob f\u00fcr untertags oder als elegantes Abend-Accessoire, dieses klassische Modell eignet sich f\u00fcr zahlreiche Anl\u00e4sse.\n<\/p>\n<p>\n<strong>Very good condition:<\/strong><br \/>\nDiese Louis Vuitton Petite Boite Chapeau Monogram Reverse Canvas Handtasche aus zweiter Hand ist insgesamt in einem sehr guten Zustand. Das beschichtete Monogram Canvas sowie die goldfarbene Hardware sind in einem einwandfreien Zustand. Auf der R\u00fcckseite der Tasche befinden sich ein paar kleine Druckstellen, welche durch falsche Aufbewahrung entstanden sind. Das Tascheninnere ist sauber, ohne Ger\u00fcche und weist keine L\u00f6cher\/Risse auf. Der abnehmbare Schulterriemen ist neuwertig und unbenutzt, da dieser aufgrund Verlust nachbestellt wurde (die Rechnung (07\/2022) hierzu wird beigelegt).\n<\/p>\n<p>\n<strong>Style:<\/strong> Shoulder bag, handbag, crossbody<br \/>\n<strong>Size:<\/strong> PM<br \/>\n<strong>Dimensions (approx.):<\/strong> Breite 17,5 cm * H\u00f6he 16,5 cm * Tiefe 7,5 cm<br \/>\n<strong>Strap length (approx.):<\/strong> min. 110 cm, max. 122 cm\n<\/p>\n<p>\n<strong>Exterior material:<\/strong> Canvas, Rindsleder<br \/>\n<strong>Interior Material<\/strong> Lambskin leather\n<\/p>\n<p>The pictures represent the offered bag. The picture rights are held by BASELLE. <\/p>\n<p>Follow us on <a href=\"https:\/\/www.instagram.com\/baselle_com\/\" rel=\"noopener noreferrer\" target=\"_blank\"><span style=\"color: #96588a;\">Instagram<\/span><\/a> and get inspired. <\/p>","protected":false},"excerpt":{"rendered":"<table class=\"mlb-product-details\">\n<tbody>\n<tr>\n<td class=\"mlb-details-caption\">Model<\/td>\n<td class=\"mlb-details-value\">Petite Boite Chapeau Monogram Reverse<\/td>\n<\/tr>\n<tr>\n<td class=\"mlb-details-caption\">Colour<\/td>\n<td class=\"mlb-details-value\">Brown, Black<\/td>\n<\/tr>\n<tr>\n<td class=\"mlb-details-caption\">Hardware<\/td>\n<td class=\"mlb-details-value\">Gold<\/td>\n<\/tr>\n<tr>\n<td class=\"mlb-details-caption\">Year<\/td>\n<td class=\"mlb-details-value\">2017<\/td>\n<\/tr>\n<tr>\n<td class=\"mlb-details-caption\">Accessoires<\/td>\n<td class=\"mlb-details-value\">Staubbeutel, Adressanh\u00e4nger, abnehmbarer neuwertiger Schulterriemen (mit Rechnung 07\/2022)<\/td>\n<\/tr>\n<tr>\n<td class=\"mlb-details-caption\">Condition<\/td>\n<td class=\"mlb-details-value\">Very good condition<\/td>\n<\/tr>\n<\/tbody>\n<\/table>","protected":false},"featured_media":16854,"template":"","meta":[],"product_brand":[],"product_cat":[87,154,68,86,1431,85,99],"product_tag":[],"class_list":{"0":"post-15836","1":"product","2":"type-product","3":"status-publish","4":"has-post-thumbnail","6":"product_cat-crossbodytaschen","7":"product_cat-designer","8":"product_cat-handtaschen","9":"product_cat-kleinetaschen","10":"product_cat-louisvuitton","11":"product_cat-schultertaschen","12":"product_cat-taschen","13":"product_shipping_class-bis5000","15":"first","16":"outofstock","17":"sold-individually","18":"shipping-taxable","19":"purchasable","20":"product-type-simple"},"_links":{"self":[{"href":"https:\/\/baselle.com\/en\/wp-json\/wp\/v2\/product\/15836","targetHints":{"allow":["GET"]}}],"collection":[{"href":"https:\/\/baselle.com\/en\/wp-json\/wp\/v2\/product"}],"about":[{"href":"https:\/\/baselle.com\/en\/wp-json\/wp\/v2\/types\/product"}],"wp:featuredmedia":[{"embeddable":true,"href":"https:\/\/baselle.com\/en\/wp-json\/wp\/v2\/media\/16854"}],"wp:attachment":[{"href":"https:\/\/baselle.com\/en\/wp-json\/wp\/v2\/media?parent=15836"}],"wp:term":[{"taxonomy":"product_brand","embeddable":true,"href":"https:\/\/baselle.com\/en\/wp-json\/wp\/v2\/product_brand?post=15836"},{"taxonomy":"product_cat","embeddable":true,"href":"https:\/\/baselle.com\/en\/wp-json\/wp\/v2\/product_cat?post=15836"},{"taxonomy":"product_tag","embeddable":true,"href":"https:\/\/baselle.com\/en\/wp-json\/wp\/v2\/product_tag?post=15836"}],"curies":[{"name":"wp","href":"https:\/\/api.w.org\/{rel}","templated":true}]}}