{"id":15835,"date":"2021-12-17T11:18:56","date_gmt":"2021-12-17T10:18:56","guid":{"rendered":"https:\/\/baselle.com\/?post_type=product&#038;p=15835"},"modified":"2024-09-28T22:33:21","modified_gmt":"2024-09-28T20:33:21","slug":"louis-vuitton-lockme-ever-mm-greige-15835","status":"publish","type":"product","link":"https:\/\/baselle.com\/en\/product\/louis-vuitton-lockme-ever-mm-greige-15835\/","title":{"rendered":"Louis Vuitton Lockme Ever MM"},"content":{"rendered":"<p>\n<strong>Louis Vuitton Lockme Ever MM Leder Handtasche Beschreibung<\/strong> <\/p>\n<p>Diese originale Louis Vuitton Lockme Ever MM Leder Handtasche ist ein zeitlos elegantes und wundersch\u00f6nes Modell. Sie ist aus feinstem Kalbsleder gefertigt und verf\u00fcgt \u00fcber sch\u00fctzende Taschenf\u00fc\u00dfe, goldfarbene Beschl\u00e4ge und einen Drehverschluss mit LV-Signatur. <\/p>\n<p>Der weiche Ledergriff sowie der abnehmbare, f\u00fcnffach verstellbare Schulterriemen garantieren Dir maximalen Tragekomfort im Alltag. Durch den \u00dcberschlag \u00f6ffnet sich die Lockme Ever MM Handtasche zu einem zartrosanem Mikrofaserinnenfutter mit einem ger\u00e4umigen Hauptfach und zwei Steckf\u00e4chern.\n<\/p>\n<p>\n<strong>Excellent condition<\/strong><br \/>\nDiese Louis Vuitton Lockme Ever MM Leder Handtasche aus zweiter Hand ist insgesamt in einem hervorragenden Zustand. Die Tasche wurde im Herbst 2021 gekauft und aus diesem Grund nicht sehr lange getragen. Dementsprechend sind das Kalbsleder sowie die goldfarbene Hardware in einem sehr gepflegten Zustand. Auch das Tascheninnere ist sauber, ohne Ger\u00fcche und weist keine L\u00f6cher\/Risse auf.\n<\/p>\n<p>\n<strong>Style:<\/strong> Shoulder bag, handbag, crossbody<br \/>\n<strong>Size:<\/strong> MM<br \/>\n<strong>Dimensions (approx.):<\/strong> Breite 33,5 cm * H\u00f6he 21,5 cm * Tiefe 14,5 cm<br \/>\n<strong>Strap length (approx.):<\/strong> min. 85 cm, max. 97 cm\n<\/p>\n<p>\n<strong>Exterior material:<\/strong> Grained calfskin leather<br \/>\n<strong>Interior Material<\/strong> microfibre lining\n<\/p>\n<p>Die Bilder stellen die angebotene Tasche dar und sind Eigentum von BASELLE.com. <\/p>\n<p>Follow us on <a href=\"https:\/\/www.instagram.com\/baselle_com\/\" rel=\"noopener noreferrer\" target=\"_blank\"><strong>Instagram<\/strong><\/a> and get inspired. <\/p>","protected":false},"excerpt":{"rendered":"<table class=\"mlb-product-details\">\n<tbody>\n<tr>\n<td class=\"mlb-details-caption\">Model<\/td>\n<td class=\"mlb-details-value\">Lockme Ever MM<\/td>\n<\/tr>\n<tr>\n<td class=\"mlb-details-caption\">Colour<\/td>\n<td class=\"mlb-details-value\">Greige\/Beige<\/td>\n<\/tr>\n<tr>\n<td class=\"mlb-details-caption\">Hardware<\/td>\n<td class=\"mlb-details-value\">Gold<\/td>\n<\/tr>\n<tr>\n<td class=\"mlb-details-caption\">Year<\/td>\n<td class=\"mlb-details-value\">2021<\/td>\n<\/tr>\n<tr>\n<td class=\"mlb-details-caption\">Accessoires<\/td>\n<td class=\"mlb-details-value\">LV-Rechnung, Box, Staubbeutel, abnehmbarer Schulterriemen, LV Materialinfo, LV Produktinfo<\/td>\n<\/tr>\n<tr>\n<td class=\"mlb-details-caption\">Condition<\/td>\n<td class=\"mlb-details-value\">Excellent<\/td>\n<\/tr>\n<\/tbody>\n<\/table>","protected":false},"featured_media":15869,"template":"","meta":[],"product_brand":[],"product_cat":[154,68,1431,85,99],"product_tag":[],"class_list":{"0":"post-15835","1":"product","2":"type-product","3":"status-publish","4":"has-post-thumbnail","6":"product_cat-designer","7":"product_cat-handtaschen","8":"product_cat-louisvuitton","9":"product_cat-schultertaschen","10":"product_cat-taschen","11":"product_shipping_class-bis2500","13":"first","14":"outofstock","15":"sold-individually","16":"shipping-taxable","17":"purchasable","18":"product-type-simple"},"_links":{"self":[{"href":"https:\/\/baselle.com\/en\/wp-json\/wp\/v2\/product\/15835","targetHints":{"allow":["GET"]}}],"collection":[{"href":"https:\/\/baselle.com\/en\/wp-json\/wp\/v2\/product"}],"about":[{"href":"https:\/\/baselle.com\/en\/wp-json\/wp\/v2\/types\/product"}],"wp:featuredmedia":[{"embeddable":true,"href":"https:\/\/baselle.com\/en\/wp-json\/wp\/v2\/media\/15869"}],"wp:attachment":[{"href":"https:\/\/baselle.com\/en\/wp-json\/wp\/v2\/media?parent=15835"}],"wp:term":[{"taxonomy":"product_brand","embeddable":true,"href":"https:\/\/baselle.com\/en\/wp-json\/wp\/v2\/product_brand?post=15835"},{"taxonomy":"product_cat","embeddable":true,"href":"https:\/\/baselle.com\/en\/wp-json\/wp\/v2\/product_cat?post=15835"},{"taxonomy":"product_tag","embeddable":true,"href":"https:\/\/baselle.com\/en\/wp-json\/wp\/v2\/product_tag?post=15835"}],"curies":[{"name":"wp","href":"https:\/\/api.w.org\/{rel}","templated":true}]}}