{"id":15796,"date":"2021-12-10T15:23:28","date_gmt":"2021-12-10T14:23:28","guid":{"rendered":"https:\/\/baselle.com\/?post_type=product&#038;p=15796"},"modified":"2022-01-16T18:07:47","modified_gmt":"2022-01-16T17:07:47","slug":"hermes-victoira-35-taurillon-clemence-tabac-15796","status":"publish","type":"product","link":"https:\/\/baselle.com\/en\/product\/hermes-victoira-35-taurillon-clemence-tabac-15796\/","title":{"rendered":"Herm\u00e8s Victoria II 35"},"content":{"rendered":"<p>\n<strong>Herm\u00e8s Victoria II 35 Taurillon Clemence Leder Handtasche Beschreibung<\/strong><\/p>\n<p>Diese originale Herm\u00e8s Victoria II 35 Taurillon Clemence Leder Handtasche vereint schlichtes Design mit l\u00e4ssigem Tragekomfort. Sie ist aus Cl\u00e9mence-Jungstierleder gefertigt und verf\u00fcgt \u00fcber sch\u00fctzende Taschenf\u00fc\u00dfe, doppelte Ledergriffe und silberne Hardware-Akzente.  <\/p>\n<p>Die Victoria II Fourre-Tout 35 Handtasche \u00f6ffnet sich durch einen Doppelrei\u00dfverschluss zu einem hellen Stofffutter mit drei Steckf\u00e4chern. Die elegante Allzwecktasche kann an der Hand, in der Armbeuge oder \u00fcber der Schulter getragen werden und verspricht maximalen Tragekomfort.\n<\/p>\n<p>\n<strong>Very good condition:<\/strong><br \/>\nDiese Herm\u00e8s Victoria II 35 Taurillon Clemence Leder Handtasche aus zweiter Hand ist insgesamt in einem sehr guten Zustand. Das genarbte Leder sowie die silberne Hardware ist in einem sehr gepflegten Zustand. Das Tascheninnere ist sauber und weist keine L\u00f6cher\/Risse auf.\n<\/p>\n<p>\n<strong>Style:<\/strong> Shoulder bag, handbag<br \/>\n<strong>Size:<\/strong> NM<br \/>\n<strong>Dimensions (approx.):<\/strong> Breite 35 cm * H\u00f6he 23 cm * Tiefe 17 cm\n<\/p>\n<p>\n<strong>Exterior material:<\/strong> Cl\u00e9mence-Jungstierleder<br \/>\n<strong>Interior Material<\/strong> fabric lining\n<\/p>\n<p>The pictures represent the offered bag. The picture rights are held by MyLovelyBoutique.com. <\/p>\n<p>Follow us on <a href=\"https:\/\/www.instagram.com\/mylovelyboutique.de\/\" rel=\"noopener noreferrer\" target=\"_blank\"><span style=\"color: #96588a;\">Instagram<\/span><\/a> and get inspired. <\/p>","protected":false},"excerpt":{"rendered":"<table class=\"mlb-product-details\">\n<tbody>\n<tr>\n<td class=\"mlb-details-caption\">Model<\/td>\n<td class=\"mlb-details-value\">Victoria II Fourre-Tout 35<\/td>\n<\/tr>\n<tr>\n<td class=\"mlb-details-caption\">Colour<\/td>\n<td class=\"mlb-details-value\">Tabac Camel<\/td>\n<\/tr>\n<tr>\n<td class=\"mlb-details-caption\">Hardware<\/td>\n<td class=\"mlb-details-value\">Silver<\/td>\n<\/tr>\n<tr>\n<td class=\"mlb-details-caption\">Year<\/td>\n<td class=\"mlb-details-value\">2011<\/td>\n<\/tr>\n<tr>\n<td class=\"mlb-details-caption\">Accessoires<\/td>\n<td class=\"mlb-details-value\">Rechnung, Staubbeutel, Adressanh\u00e4nger, Clochette, Schloss + Schl\u00fcssel<\/td>\n<\/tr>\n<tr>\n<td class=\"mlb-details-caption\">Condition<\/td>\n<td class=\"mlb-details-value\">Very good condition<\/td>\n<\/tr>\n<\/tbody>\n<\/table>","protected":false},"featured_media":15811,"template":"","meta":[],"product_brand":[],"product_cat":[154,68,3671,85,99],"product_tag":[],"class_list":{"0":"post-15796","1":"product","2":"type-product","3":"status-publish","4":"has-post-thumbnail","6":"product_cat-designer","7":"product_cat-handtaschen","8":"product_cat-hermes","9":"product_cat-schultertaschen","10":"product_cat-taschen","11":"product_shipping_class-bis5000","13":"first","14":"outofstock","15":"sold-individually","16":"shipping-taxable","17":"purchasable","18":"product-type-simple"},"_links":{"self":[{"href":"https:\/\/baselle.com\/en\/wp-json\/wp\/v2\/product\/15796","targetHints":{"allow":["GET"]}}],"collection":[{"href":"https:\/\/baselle.com\/en\/wp-json\/wp\/v2\/product"}],"about":[{"href":"https:\/\/baselle.com\/en\/wp-json\/wp\/v2\/types\/product"}],"wp:featuredmedia":[{"embeddable":true,"href":"https:\/\/baselle.com\/en\/wp-json\/wp\/v2\/media\/15811"}],"wp:attachment":[{"href":"https:\/\/baselle.com\/en\/wp-json\/wp\/v2\/media?parent=15796"}],"wp:term":[{"taxonomy":"product_brand","embeddable":true,"href":"https:\/\/baselle.com\/en\/wp-json\/wp\/v2\/product_brand?post=15796"},{"taxonomy":"product_cat","embeddable":true,"href":"https:\/\/baselle.com\/en\/wp-json\/wp\/v2\/product_cat?post=15796"},{"taxonomy":"product_tag","embeddable":true,"href":"https:\/\/baselle.com\/en\/wp-json\/wp\/v2\/product_tag?post=15796"}],"curies":[{"name":"wp","href":"https:\/\/api.w.org\/{rel}","templated":true}]}}