{"id":15755,"date":"2021-11-29T09:58:12","date_gmt":"2021-11-29T08:58:12","guid":{"rendered":"https:\/\/baselle.com\/?post_type=product&#038;p=15755"},"modified":"2024-02-02T18:44:31","modified_gmt":"2024-02-02T17:44:31","slug":"louis-vuitton-nano-noe-monogram-canvas-15755","status":"publish","type":"product","link":"https:\/\/baselle.com\/en\/product\/louis-vuitton-nano-noe-monogram-canvas-15755\/","title":{"rendered":"Louis Vuitton Nano No\u00e9"},"content":{"rendered":"<p>\n<strong>Louis Vuitton Nano No\u00e9 Monogram Canvas Handtasche Beschreibung<\/strong><\/p>\n<p>Diese originale Louis Vuitton Nano No\u00e9 Monogram Canvas Handtasche ist das kleinere Modell der ber\u00fchmten N\u00e9oNo\u00e9 Handtasche, inspiriert von Gaston-Louis Vuittons Tragetasche f\u00fcr Champagner-Flaschen aus dem Jahr 1932. Die kompakte und leichte Nano No\u00e9 verf\u00fcgt \u00fcber goldfarbene Beschl\u00e4ge und Bes\u00e4tze aus naturbelassenem Rindsleder. <\/p>\n<p>Durch ein Zugband \u00f6ffnet sich die Nano No\u00e9 zu einem braunen Innenfutter mit Platz f\u00fcr Schl\u00fcssel, Geldb\u00f6rse und Smartphone. Die Louis Vuitton Nano No\u00e9 kann durch den langen Schulterriemen bequem \u00fcber der Schulter sowie diagonal am K\u00f6rper getragen werden.\n<\/p>\n<p>\n<strong>Mint condition<\/strong><br \/>\nDiese Louis Vuitton Nano No\u00e9 Monogram Canvas Handtasche aus zweiter Hand ist ungetragen und daher in einem neuwertigen Zustand. Das beschichtete Monogram Canvas, die naturbelassenen Rindslederbes\u00e4tze sowie die goldfarbene Hardware sind dementsprechend in einem einwandfreien Zustand. Das Tascheninnere ist sauber, ohne Ger\u00fcche und weist keine L\u00f6cher\/Risse auf.\n<\/p>\n<p>\n<strong>Style:<\/strong> Shoulder bag, clutch, crossbody<br \/>\n<strong>Size:<\/strong> PM<br \/>\n<strong>Dimensions (approx.):<\/strong> Breite 13 cm * H\u00f6he 16 cm * Tiefe 10 cm\n<\/p>\n<p>\n<strong>Exterior material:<\/strong> Canvas, Bes\u00e4tze aus naturbelassenem Rindsleder<br \/>\n<strong>Interior Material<\/strong> fabric lining\n<\/p>\n<p>The pictures represent the offered bag. The picture rights are held by MyLovelyBoutique.com. <\/p>\n<p>Follow us on <a href=\"https:\/\/www.instagram.com\/mylovelyboutique.de\/\" rel=\"noopener noreferrer\" target=\"_blank\"><span style=\"color: #96588a;\">Instagram<\/span><\/a> and get inspired. <\/p>","protected":false},"excerpt":{"rendered":"<table class=\"mlb-product-details\">\n<tbody>\n<tr>\n<td class=\"mlb-details-caption\">Model<\/td>\n<td class=\"mlb-details-value\">Nano No\u00e9 Monogram Canvas<\/td>\n<\/tr>\n<tr>\n<td class=\"mlb-details-caption\">Colour<\/td>\n<td class=\"mlb-details-value\">Brown<\/td>\n<\/tr>\n<tr>\n<td class=\"mlb-details-caption\">Hardware<\/td>\n<td class=\"mlb-details-value\">Gold<\/td>\n<\/tr>\n<tr>\n<td class=\"mlb-details-caption\">Year<\/td>\n<td class=\"mlb-details-value\">2020<\/td>\n<\/tr>\n<tr>\n<td class=\"mlb-details-caption\">Accessoires<\/td>\n<td class=\"mlb-details-value\">Box, Staubbeutel, LV-Materialinfo<\/td>\n<\/tr>\n<tr>\n<td class=\"mlb-details-caption\">Condition<\/td>\n<td class=\"mlb-details-value\">Mint condition<\/td>\n<\/tr>\n<\/tbody>\n<\/table>","protected":false},"featured_media":15758,"template":"","meta":[],"product_brand":[],"product_cat":[87,154,86,1431,85,99],"product_tag":[],"class_list":{"0":"post-15755","1":"product","2":"type-product","3":"status-publish","4":"has-post-thumbnail","6":"product_cat-crossbodytaschen","7":"product_cat-designer","8":"product_cat-kleinetaschen","9":"product_cat-louisvuitton","10":"product_cat-schultertaschen","11":"product_cat-taschen","12":"product_shipping_class-bis1000","14":"first","15":"outofstock","16":"sold-individually","17":"shipping-taxable","18":"purchasable","19":"product-type-simple"},"_links":{"self":[{"href":"https:\/\/baselle.com\/en\/wp-json\/wp\/v2\/product\/15755","targetHints":{"allow":["GET"]}}],"collection":[{"href":"https:\/\/baselle.com\/en\/wp-json\/wp\/v2\/product"}],"about":[{"href":"https:\/\/baselle.com\/en\/wp-json\/wp\/v2\/types\/product"}],"wp:featuredmedia":[{"embeddable":true,"href":"https:\/\/baselle.com\/en\/wp-json\/wp\/v2\/media\/15758"}],"wp:attachment":[{"href":"https:\/\/baselle.com\/en\/wp-json\/wp\/v2\/media?parent=15755"}],"wp:term":[{"taxonomy":"product_brand","embeddable":true,"href":"https:\/\/baselle.com\/en\/wp-json\/wp\/v2\/product_brand?post=15755"},{"taxonomy":"product_cat","embeddable":true,"href":"https:\/\/baselle.com\/en\/wp-json\/wp\/v2\/product_cat?post=15755"},{"taxonomy":"product_tag","embeddable":true,"href":"https:\/\/baselle.com\/en\/wp-json\/wp\/v2\/product_tag?post=15755"}],"curies":[{"name":"wp","href":"https:\/\/api.w.org\/{rel}","templated":true}]}}