{"id":15687,"date":"2021-11-13T11:42:15","date_gmt":"2021-11-13T10:42:15","guid":{"rendered":"https:\/\/baselle.com\/?post_type=product&#038;p=15687"},"modified":"2021-12-14T20:58:38","modified_gmt":"2021-12-14T19:58:38","slug":"louis-vuitton-horizon-50-damier-graphite-koffer-15687","status":"publish","type":"product","link":"https:\/\/baselle.com\/en\/product\/louis-vuitton-horizon-50-damier-graphite-koffer-15687\/","title":{"rendered":"Louis Vuitton Horizon 50"},"content":{"rendered":"<p>\n<strong>Louis Vuitton Horizon 50 Damier Graphite Canvas Koffer Beschreibung<\/strong><\/p>\n<p>Dieser originale Louis Vuitton Horizon 50 Damier Graphite Canvas Koffer ist ein praktischer und stilvoller Begleiter f\u00fcr Kurzreisen. Dieses Modell in Handgep\u00e4ckgr\u00f6\u00dfe ist aus leichtem Canvas und Aluminium gefertigt und verf\u00fcgt \u00fcber vier leichtg\u00e4ngige Rollen mit LV-Gravur, einen gro\u00dfen Teleskopgriff und ein TSA-Schloss. <\/p>\n<p>Der umlaufende Rei\u00dfverschluss \u00f6ffnet sich zu einem schwarzen Innenfutter aus Netzgewebe mit einem abgetrennten Rei\u00dfverschlussinnenfach. Der innovativ gestaltete Horzion 50 Koffer bietet durch sein flach gestaltetes Innere maximalen Stauraum in kompakter Gr\u00f6\u00dfe.\n<\/p>\n<p>\n<strong>Very good condition:<\/strong><br \/>\nDieser Louis Vuitton Horizon 50 Damier Graphite Canvas Koffer aus zweiter Hand ist insgesamt in einem sehr guten Zustand. Er wurde selten genutzt und hat dementsprechend kaum Gebrauchspuren. Die Seiten aus Aluminium sind noch mit Schutzfolie bedeckt, am Tragegriff selbst wurde die Folie entfernt. Das Innere des Koffers ist in einem einwandfreien Zustand. Es ist sauber, ohne Ger\u00fcche und weist keine L\u00f6cher\/Risse auf. Auf dem Adressanh\u00e4nger befindet sich ein Hotstamping.\n<\/p>\n<p>\n<strong>Details:<\/strong> 28 l Volumen, 2,8 kg Gewicht<br \/>\n<strong>Koffergr\u00f6\u00dfe:<\/strong> Handgep\u00e4ckgr\u00f6\u00dfe<br \/>\n<strong>Dimensions (approx.):<\/strong> Breite 36 cm * H\u00f6he 50 cm * Tiefe 19 cm\n<\/p>\n<p>\n<strong>Exterior material:<\/strong> Canvas, Aluminium, Rindslederbesatz<br \/>\n<strong>Interior Material<\/strong> Netzgewebe\n<\/p>\n<p>Die Bilder stellen den angebotenen Koffer dar und sind Eigentum von MyLovelyBoutique.com. <\/p>\n<p>Follow us on <a href=\"https:\/\/www.instagram.com\/mylovelyboutique.de\/\" rel=\"noopener noreferrer\" target=\"_blank\"><span style=\"color: #96588a;\">Instagram<\/span><\/a> and get inspired. <\/p>","protected":false},"excerpt":{"rendered":"<table class=\"mlb-product-details\">\n<tbody>\n<tr>\n<td class=\"mlb-details-caption\">Model<\/td>\n<td class=\"mlb-details-value\">Horizon 50 Damier Graphite<\/td>\n<\/tr>\n<tr>\n<td class=\"mlb-details-caption\">Colour<\/td>\n<td class=\"mlb-details-value\">Schwarz, Grau<\/td>\n<\/tr>\n<tr>\n<td class=\"mlb-details-caption\">Hardware<\/td>\n<td class=\"mlb-details-value\">Silver<\/td>\n<\/tr>\n<tr>\n<td class=\"mlb-details-caption\">Year<\/td>\n<td class=\"mlb-details-value\">2019<\/td>\n<\/tr>\n<tr>\n<td class=\"mlb-details-caption\">Accessoires<\/td>\n<td class=\"mlb-details-value\">Rechnung, Staubbeutel, Adressanh\u00e4nger<\/td>\n<\/tr>\n<tr>\n<td class=\"mlb-details-caption\">Condition<\/td>\n<td class=\"mlb-details-value\">Very good condition<\/td>\n<\/tr>\n<\/tbody>\n<\/table>","protected":false},"featured_media":15688,"template":"","meta":[],"product_brand":[],"product_cat":[154,68,1431,99],"product_tag":[],"class_list":{"0":"post-15687","1":"product","2":"type-product","3":"status-publish","4":"has-post-thumbnail","6":"product_cat-designer","7":"product_cat-handtaschen","8":"product_cat-louisvuitton","9":"product_cat-taschen","10":"product_shipping_class-bis2500","12":"first","13":"outofstock","14":"sold-individually","15":"shipping-taxable","16":"purchasable","17":"product-type-simple"},"_links":{"self":[{"href":"https:\/\/baselle.com\/en\/wp-json\/wp\/v2\/product\/15687","targetHints":{"allow":["GET"]}}],"collection":[{"href":"https:\/\/baselle.com\/en\/wp-json\/wp\/v2\/product"}],"about":[{"href":"https:\/\/baselle.com\/en\/wp-json\/wp\/v2\/types\/product"}],"wp:featuredmedia":[{"embeddable":true,"href":"https:\/\/baselle.com\/en\/wp-json\/wp\/v2\/media\/15688"}],"wp:attachment":[{"href":"https:\/\/baselle.com\/en\/wp-json\/wp\/v2\/media?parent=15687"}],"wp:term":[{"taxonomy":"product_brand","embeddable":true,"href":"https:\/\/baselle.com\/en\/wp-json\/wp\/v2\/product_brand?post=15687"},{"taxonomy":"product_cat","embeddable":true,"href":"https:\/\/baselle.com\/en\/wp-json\/wp\/v2\/product_cat?post=15687"},{"taxonomy":"product_tag","embeddable":true,"href":"https:\/\/baselle.com\/en\/wp-json\/wp\/v2\/product_tag?post=15687"}],"curies":[{"name":"wp","href":"https:\/\/api.w.org\/{rel}","templated":true}]}}