{"id":15666,"date":"2021-11-11T10:06:49","date_gmt":"2021-11-11T09:06:49","guid":{"rendered":"https:\/\/baselle.com\/?post_type=product&#038;p=15666"},"modified":"2021-11-24T09:42:41","modified_gmt":"2021-11-24T08:42:41","slug":"louis-vuitton-crafty-neonoe-mm-15666","status":"publish","type":"product","link":"https:\/\/baselle.com\/en\/product\/louis-vuitton-crafty-neonoe-mm-15666\/","title":{"rendered":"Louis Vuitton N\u00e9oNo\u00e9"},"content":{"rendered":"<p>\n<strong>Louis Vuitton Crafty N\u00e9oNo\u00e9 MM Handtasche Beschreibung<\/strong><\/p>\n<p>Diese originale Louis Vuitton Crafty N\u00e9oNo\u00e9 MM Handtasche ist ein limitiertes Modell der Crafty Kollektion 2020, welche sofort ausverkauft war. Sie besticht durch das \u00fcbergro\u00dfe Monogram-Motiv und einen geflochtenen Griff an der Oberseite. Sie ist aus genarbten Rindsleder gefertigt und verf\u00fcgt \u00fcber goldfarbene Beschl\u00e4ge. <\/p>\n<p>Durch ein Zugband \u00f6ffnet sich die N\u00e9oNo\u00e9 MM zu einem Mikrofaserinnenfutter mit einem ger\u00e4umigen Tascheninneren. Die abnehmbare Pochette kann sowohl als zus\u00e4tzliches Innenfach in der N\u00e9oNo\u00e9 verwendet, sowie herausgenommen und als Clutch getragen werden. Der verstellbare Schulterriemen und der Ledergriff bieten bei diesem Modell eine vielf\u00e4ltige Tragweise, so dass maximaler Tragekomfort garantiert ist.\n<\/p>\n<p>\n<strong>Mint condition<\/strong><br \/>\nDiese Louis Vuitton Crafty N\u00e9oNo\u00e9 MM Handtasche ist ungetragen und daher in einem neuwertigen Zustand. Das genarbte Rindsleder, die goldfarbenen Beschl\u00e4ge sowie das Innenfutter sind in einem einwandfreien Zustand.\n<\/p>\n<p>\n<strong>Style:<\/strong> Shoulder bag, clutch, crossbody<br \/>\n<strong>Size:<\/strong> MM<br \/>\n<strong>Dimensions (approx.):<\/strong> width 26 cm * height 26 cm * depth 17,5 cm\n<\/p>\n<p>\n<strong>Exterior material:<\/strong> cowhide leather<br \/>\n<strong>Interior Material<\/strong> microfibre lining\n<\/p>\n<p>The pictures represent the offered bag. The picture rights are held by MyLovelyBoutique.com.<\/p>\n<p>Follow us on <a href=\"https:\/\/www.instagram.com\/mylovelyboutique.de\/\" rel=\"noopener noreferrer\" target=\"_blank\"><span style=\"color: #96588a;\">Instagram<\/span><\/a> and get inspired. <\/p>","protected":false},"excerpt":{"rendered":"<table class=\"mlb-product-details\">\n<tbody>\n<tr>\n<td class=\"mlb-details-caption\">Model<\/td>\n<td class=\"mlb-details-value\">Crafty N\u00e9oNo\u00e9 MM Handtasche (M56888)<\/td>\n<\/tr>\n<tr>\n<td class=\"mlb-details-caption\">Colour<\/td>\n<td class=\"mlb-details-value\">Karamell<\/td>\n<\/tr>\n<tr>\n<td class=\"mlb-details-caption\">Hardware<\/td>\n<td class=\"mlb-details-value\">Gold<\/td>\n<\/tr>\n<tr>\n<td class=\"mlb-details-caption\">Year<\/td>\n<td class=\"mlb-details-value\">2020<\/td>\n<\/tr>\n<tr>\n<td class=\"mlb-details-caption\">Accessoires<\/td>\n<td class=\"mlb-details-value\">LV-Rechnung, Box, Staubbeutel, LV-Booklet, Pochette<\/td>\n<\/tr>\n<tr>\n<td class=\"mlb-details-caption\">Condition<\/td>\n<td class=\"mlb-details-value\">Mint condition<\/td>\n<\/tr>\n<\/tbody>\n<\/table>","protected":false},"featured_media":13625,"template":"","meta":[],"product_brand":[],"product_cat":[87,154,68,1431,85,99],"product_tag":[],"class_list":{"0":"post-15666","1":"product","2":"type-product","3":"status-publish","4":"has-post-thumbnail","6":"product_cat-crossbodytaschen","7":"product_cat-designer","8":"product_cat-handtaschen","9":"product_cat-louisvuitton","10":"product_cat-schultertaschen","11":"product_cat-taschen","12":"product_shipping_class-bis2500","14":"first","15":"outofstock","16":"shipping-taxable","17":"purchasable","18":"product-type-simple"},"_links":{"self":[{"href":"https:\/\/baselle.com\/en\/wp-json\/wp\/v2\/product\/15666","targetHints":{"allow":["GET"]}}],"collection":[{"href":"https:\/\/baselle.com\/en\/wp-json\/wp\/v2\/product"}],"about":[{"href":"https:\/\/baselle.com\/en\/wp-json\/wp\/v2\/types\/product"}],"wp:featuredmedia":[{"embeddable":true,"href":"https:\/\/baselle.com\/en\/wp-json\/wp\/v2\/media\/13625"}],"wp:attachment":[{"href":"https:\/\/baselle.com\/en\/wp-json\/wp\/v2\/media?parent=15666"}],"wp:term":[{"taxonomy":"product_brand","embeddable":true,"href":"https:\/\/baselle.com\/en\/wp-json\/wp\/v2\/product_brand?post=15666"},{"taxonomy":"product_cat","embeddable":true,"href":"https:\/\/baselle.com\/en\/wp-json\/wp\/v2\/product_cat?post=15666"},{"taxonomy":"product_tag","embeddable":true,"href":"https:\/\/baselle.com\/en\/wp-json\/wp\/v2\/product_tag?post=15666"}],"curies":[{"name":"wp","href":"https:\/\/api.w.org\/{rel}","templated":true}]}}