{"id":15659,"date":"2021-11-07T11:33:01","date_gmt":"2021-11-07T10:33:01","guid":{"rendered":"https:\/\/baselle.com\/?post_type=product&#038;p=15659"},"modified":"2021-12-07T10:12:27","modified_gmt":"2021-12-07T09:12:27","slug":"louis-vuitton-saint-placide-monogram-canvas-15659","status":"publish","type":"product","link":"https:\/\/baselle.com\/en\/product\/louis-vuitton-saint-placide-monogram-canvas-15659\/","title":{"rendered":"Louis Vuitton Saint Placide"},"content":{"rendered":"<p>\n<strong>Louis Vuitton Saint Placide Monogram Canvas Handtasche Beschreibung<\/strong><\/p>\n<p>Diese originale Louis Vuitton Saint Placide Monogram Canvas Handtasche ist eine schicke Lieblingstasche f\u00fcr die moderne Frau. Dieses Modell ist aus Monogram beschichtetem Canvas und Kalbsleder in Bordeaux gefertigt und verf\u00fcgt \u00fcber hinten aufgesetzten Nieten mit LV-Gravur sowie eine goldfarbene Schulterkette mit einem Polster aus Rindsleder. <\/p>\n<p>Der ikonische Magnetverschluss \u00f6ffnet sich zu einem bordeaux-farbenen Mikrofaserinnenfutter mit einem Rei\u00dfverschlussfach und einem Steckfach. Die Saint Placide kann kurz sowie lang \u00fcber der Schulter oder Crossbody getragen werden, so dass maximaler Tragekomfort garantiert ist. Eine wundersch\u00f6ne Handtasche, die sowohl zu jeder Jahreszeit sowie zu vielen Anl\u00e4ssen getragen werden kann.\n<\/p>\n<p>\n<strong>Excellent condition<\/strong><br \/>\nDiese Louis Vuitton Saint Placide Monogram Canvas Handtasche aus zweiter Hand ist insgesamt in einem hervorragenden Zustand. Sie wurde kaum getragen. Dementsprechend sind das beschichtete Canvas, das Kalbsleder und der Rindslederbesatz in einem einwandfreien Zustand. Die goldfarbene Hardware ist in einem sehr guten Zustand. Das Tascheninnere ist sauber, ohne Ger\u00fcche und weist keine L\u00f6cher\/Risse auf.\n<\/p>\n<p>\n<strong>Style:<\/strong> Shoulder bag, clutch, crossbody<br \/>\n<strong>Size:<\/strong> NM<br \/>\n<strong>Dimensions (approx.):<\/strong> Breite 25 cm * H\u00f6he 16,5 cm * Tiefe 7 cm<br \/>\n<strong>Shoulder strap (approx.)<\/strong> doppelt = 64 cm; einfach = 105 cm\n<\/p>\n<p>\n<strong>Exterior material:<\/strong> Canvas, Kalbsleder, Rindsleder<br \/>\n<strong>Interior Material<\/strong> microfibre lining\n<\/p>\n<p>The pictures represent the offered bag. The picture rights are held by MyLovelyBoutique.com. <\/p>\n<p>Follow us on <a href=\"https:\/\/www.instagram.com\/mylovelyboutique.de\/\" rel=\"noopener noreferrer\" target=\"_blank\"><span style=\"color: #96588a;\">Instagram<\/span><\/a> and get inspired. <\/p>","protected":false},"excerpt":{"rendered":"<table class=\"mlb-product-details\">\n<tbody>\n<tr>\n<td class=\"mlb-details-caption\">Model<\/td>\n<td class=\"mlb-details-value\">Saint Placide Monogram Canvas (M43715)<\/td>\n<\/tr>\n<tr>\n<td class=\"mlb-details-caption\">Colour<\/td>\n<td class=\"mlb-details-value\">Braun, Bordeaux<\/td>\n<\/tr>\n<tr>\n<td class=\"mlb-details-caption\">Hardware<\/td>\n<td class=\"mlb-details-value\">Gold<\/td>\n<\/tr>\n<tr>\n<td class=\"mlb-details-caption\">Year<\/td>\n<td class=\"mlb-details-value\">2017<\/td>\n<\/tr>\n<tr>\n<td class=\"mlb-details-caption\">Accessoires<\/td>\n<td class=\"mlb-details-value\">Box, Staubbeutel, LV-Booklet, LV-Materialinfo<\/td>\n<\/tr>\n<tr>\n<td class=\"mlb-details-caption\">Condition<\/td>\n<td class=\"mlb-details-value\">Excellent condition<\/td>\n<\/tr>\n<\/tbody>\n<\/table>","protected":false},"featured_media":13385,"template":"","meta":[],"product_brand":[],"product_cat":[87,154,1431,85,99],"product_tag":[],"class_list":{"0":"post-15659","1":"product","2":"type-product","3":"status-publish","4":"has-post-thumbnail","6":"product_cat-crossbodytaschen","7":"product_cat-designer","8":"product_cat-louisvuitton","9":"product_cat-schultertaschen","10":"product_cat-taschen","11":"product_shipping_class-bis2500","13":"first","14":"outofstock","15":"sold-individually","16":"shipping-taxable","17":"purchasable","18":"product-type-simple"},"_links":{"self":[{"href":"https:\/\/baselle.com\/en\/wp-json\/wp\/v2\/product\/15659","targetHints":{"allow":["GET"]}}],"collection":[{"href":"https:\/\/baselle.com\/en\/wp-json\/wp\/v2\/product"}],"about":[{"href":"https:\/\/baselle.com\/en\/wp-json\/wp\/v2\/types\/product"}],"wp:featuredmedia":[{"embeddable":true,"href":"https:\/\/baselle.com\/en\/wp-json\/wp\/v2\/media\/13385"}],"wp:attachment":[{"href":"https:\/\/baselle.com\/en\/wp-json\/wp\/v2\/media?parent=15659"}],"wp:term":[{"taxonomy":"product_brand","embeddable":true,"href":"https:\/\/baselle.com\/en\/wp-json\/wp\/v2\/product_brand?post=15659"},{"taxonomy":"product_cat","embeddable":true,"href":"https:\/\/baselle.com\/en\/wp-json\/wp\/v2\/product_cat?post=15659"},{"taxonomy":"product_tag","embeddable":true,"href":"https:\/\/baselle.com\/en\/wp-json\/wp\/v2\/product_tag?post=15659"}],"curies":[{"name":"wp","href":"https:\/\/api.w.org\/{rel}","templated":true}]}}