{"id":15534,"date":"2021-10-18T18:41:55","date_gmt":"2021-10-18T16:41:55","guid":{"rendered":"https:\/\/baselle.com\/?post_type=product&#038;p=15534"},"modified":"2021-11-07T11:34:25","modified_gmt":"2021-11-07T10:34:25","slug":"louis-vuitton-montaigne-gm-monogram-empreinte-leder-handtasche-15534","status":"publish","type":"product","link":"https:\/\/baselle.com\/en\/product\/louis-vuitton-montaigne-gm-monogram-empreinte-leder-handtasche-15534\/","title":{"rendered":"Louis Vuitton Montaigne GM"},"content":{"rendered":"<p>\n<strong>Louis Vuitton Montaigne GM Monogram Empreinte Leder Handtasche Beschreibung<\/strong><\/p>\n<p>Diese originale Louis Vuitton Montaigne GM Monogram Empreinte Leder Handtasche besticht durch ihr funktionales Design und ist perfekt f\u00fcr die moderne Frau. Ob f\u00fcr die Arbeit oder als elegantes Accessoire in der Freizeit, dieses strukturierte Modell eignet sich f\u00fcr zahlreiche Anl\u00e4sse. Sie ist aus Rindsleder mit gepr\u00e4gtem Louis Vuitton Monogram gefertigt und verf\u00fcgt \u00fcber eine eckige Silhouette, goldfarbene Hardware-Akzente, doppelt gerollte Ledergriffe sowie einen abnehmbaren Schulterriemen f\u00fcr maximalen Tragekomfort.<\/p>\n<p>Das rote Innenfutter mit Hakenverschluss umfasst ein mittleres Rei\u00dfverschlussfach und drei Steckf\u00e4cher f\u00fcr die Aufbewahrung von Dingen des t\u00e4glichen Bedarfs. Die Montaigne GM ist die perfekte Tasche f\u00fcr Alltag und Reisen, die dank einer Vielzahl von F\u00e4chern optimal f\u00fcr den t\u00e4glichen Gebrauch ist.\n<\/p>\n<p>\n<strong>Very good condition:<\/strong><br \/>\nDiese Louis Vuitton Montaigne GM Monogram Empreinte Leder Handtasche aus zweiter Hand ist insgesamt in einem sehr guten Zustand. Das genarbte Rindsleder sowie die goldfarbene Hardware sind in einem sehr gepflegten Zustand. Das Tascheninnere ist sauber, ohne Ger\u00fcche und weist keine L\u00f6cher\/Risse auf.\n<\/p>\n<p>\n<strong>Style:<\/strong> Shoulder bag, handbag<br \/>\n<strong>Size:<\/strong> GM<br \/>\n<strong>Dimensions (approx.):<\/strong> Breite 39 cm * H\u00f6he 28 cm * Tiefe 16 cm<br \/>\n<strong>Strap length (approx.):<\/strong> 75 cm\n<\/p>\n<p>\n<strong>Exterior material:<\/strong> cowhide leather<br \/>\n<strong>Interior Material<\/strong> fabric lining\n<\/p>\n<p>The pictures represent the offered bag. The picture rights are held by MyLovelyBoutique.com. <\/p>\n<p>Follow us on <a href=\"https:\/\/www.instagram.com\/mylovelyboutique.de\/\" rel=\"noopener noreferrer\" target=\"_blank\"><span style=\"color: #96588a;\">Instagram<\/span><\/a> and get inspired. <\/p>","protected":false},"excerpt":{"rendered":"<table class=\"mlb-product-details\">\n<tbody>\n<tr>\n<td class=\"mlb-details-caption\">Model<\/td>\n<td class=\"mlb-details-value\">Montaigne GM Monogram Empreinte<\/td>\n<\/tr>\n<tr>\n<td class=\"mlb-details-caption\">Colour<\/td>\n<td class=\"mlb-details-value\">Marine Rouge<\/td>\n<\/tr>\n<tr>\n<td class=\"mlb-details-caption\">Hardware<\/td>\n<td class=\"mlb-details-value\">Gold<\/td>\n<\/tr>\n<tr>\n<td class=\"mlb-details-caption\">Year<\/td>\n<td class=\"mlb-details-value\">2018<\/td>\n<\/tr>\n<tr>\n<td class=\"mlb-details-caption\">Accessoires<\/td>\n<td class=\"mlb-details-value\">Rechnung, Staubbeutel, abnehmbarer Schultterriemen, Clochette mit Schl\u00fcssel<\/td>\n<\/tr>\n<tr>\n<td class=\"mlb-details-caption\">Condition<\/td>\n<td class=\"mlb-details-value\">Very good condition<\/td>\n<\/tr>\n<\/tbody>\n<\/table>","protected":false},"featured_media":15558,"template":"","meta":[],"product_brand":[],"product_cat":[154,68,1431,85,99],"product_tag":[],"class_list":{"0":"post-15534","1":"product","2":"type-product","3":"status-publish","4":"has-post-thumbnail","6":"product_cat-designer","7":"product_cat-handtaschen","8":"product_cat-louisvuitton","9":"product_cat-schultertaschen","10":"product_cat-taschen","11":"product_shipping_class-bis2500","13":"first","14":"outofstock","15":"sold-individually","16":"shipping-taxable","17":"purchasable","18":"product-type-simple"},"_links":{"self":[{"href":"https:\/\/baselle.com\/en\/wp-json\/wp\/v2\/product\/15534","targetHints":{"allow":["GET"]}}],"collection":[{"href":"https:\/\/baselle.com\/en\/wp-json\/wp\/v2\/product"}],"about":[{"href":"https:\/\/baselle.com\/en\/wp-json\/wp\/v2\/types\/product"}],"wp:featuredmedia":[{"embeddable":true,"href":"https:\/\/baselle.com\/en\/wp-json\/wp\/v2\/media\/15558"}],"wp:attachment":[{"href":"https:\/\/baselle.com\/en\/wp-json\/wp\/v2\/media?parent=15534"}],"wp:term":[{"taxonomy":"product_brand","embeddable":true,"href":"https:\/\/baselle.com\/en\/wp-json\/wp\/v2\/product_brand?post=15534"},{"taxonomy":"product_cat","embeddable":true,"href":"https:\/\/baselle.com\/en\/wp-json\/wp\/v2\/product_cat?post=15534"},{"taxonomy":"product_tag","embeddable":true,"href":"https:\/\/baselle.com\/en\/wp-json\/wp\/v2\/product_tag?post=15534"}],"curies":[{"name":"wp","href":"https:\/\/api.w.org\/{rel}","templated":true}]}}