{"id":15533,"date":"2021-10-17T11:50:55","date_gmt":"2021-10-17T09:50:55","guid":{"rendered":"https:\/\/baselle.com\/?post_type=product&#038;p=15533"},"modified":"2022-12-07T14:31:15","modified_gmt":"2022-12-07T13:31:15","slug":"chanel-street-spirit-backpack-15533","status":"publish","type":"product","link":"https:\/\/baselle.com\/en\/product\/chanel-street-spirit-backpack-15533\/","title":{"rendered":"CHANEL Street Spirit Backpack"},"content":{"rendered":"<p>\n<strong>CHANEL Graffiti Printed Street Spirit Backpack Beschreibung<\/strong><\/p>\n<p>Dieser originale CHANEL Graffiti Printed Street Spirit Backpack ist ein sehr gefragtes Favourite-Piece aus der CHANEL M\u00e9tiers d\u2019Art Collection 2019. Die Kombination aus Pariser Eleganz, \u00e4gyptischen Mosaiken und l\u00e4ssigen Graffiti-Prints machen aus einem sportlichen Rucksack einen wahren Eyecatcher. Gefertigt ist der Rucksack aus Canvas und verf\u00fcgt \u00fcber gewebte Kettenriemen, einen gepolsterten Ledergriff sowie goldfarbene Hardware.<\/p>\n<p>Durch den Rei\u00dfverschluss \u00f6ffnet sich der CHANEL Graffiti Backpack zu einem bordeauxfarbenen Innenfutter mit einem Steckfach. Zus\u00e4tzlichen Stauraum bietet das aufgesetzte Rei\u00dfverschlussfach auf der Vorderseite Rucksacks.\n<\/p>\n<p>\n<strong>Mint condition<\/strong><br \/>\nDieser CHANEL Graffiti Printed Street Spirit Backpack aus zweiter Hand ist ungetragen. Dementsprechend ist er in einem neuwertigen Zustand ohne Gebrauchspuren. Das Canvas, das Tascheninnere sowie die goldfarbene Hardware sind daher in einem einwandfreien Zustand\n<\/p>\n<p>\n<strong>Style:<\/strong> Backpack<br \/>\n<strong>Size:<\/strong> Medium<br \/>\n<strong>Dimensions (approx.):<\/strong> Breite 27 cm * H\u00f6he 33 cm * Tiefe 16 cm\n<\/p>\n<p>\n<strong>Exterior material:<\/strong> Canvas<br \/>\n<strong>Interior Material<\/strong> fabric lining\n<\/p>\n<p>Die Bilder stellen den angebotenen Rucksack dar und sind Eigentum von MyLovelyBoutique.com. <\/p>\n<p>Follow us on <a href=\"https:\/\/www.instagram.com\/mylovelyboutique.de\/\" rel=\"noopener noreferrer\" target=\"_blank\"><span style=\"color: #96588a;\">Instagram<\/span><\/a> and get inspired. <\/p>","protected":false},"excerpt":{"rendered":"<table class=\"mlb-product-details\">\n<tbody>\n<tr>\n<td class=\"mlb-details-caption\">Model<\/td>\n<td class=\"mlb-details-value\">Graffiti Printed Street Spirit Backpack<\/td>\n<\/tr>\n<tr>\n<td class=\"mlb-details-caption\">Colour<\/td>\n<td class=\"mlb-details-value\">Gold, Bunt<\/td>\n<\/tr>\n<tr>\n<td class=\"mlb-details-caption\">Hardware<\/td>\n<td class=\"mlb-details-value\">Gold<\/td>\n<\/tr>\n<tr>\n<td class=\"mlb-details-caption\">Year<\/td>\n<td class=\"mlb-details-value\">2019<\/td>\n<\/tr>\n<tr>\n<td class=\"mlb-details-caption\">Accessoires<\/td>\n<td class=\"mlb-details-value\">Dustbag, authenticity card, serialnumber with hologram<\/td>\n<\/tr>\n<tr>\n<td class=\"mlb-details-caption\">Condition<\/td>\n<td class=\"mlb-details-value\">Mint condition<\/td>\n<\/tr>\n<\/tbody>\n<\/table>","protected":false},"featured_media":15539,"template":"","meta":[],"product_brand":[],"product_cat":[1430,154,88,99],"product_tag":[],"class_list":{"0":"post-15533","1":"product","2":"type-product","3":"status-publish","4":"has-post-thumbnail","6":"product_cat-chanel","7":"product_cat-designer","8":"product_cat-rucksaecke","9":"product_cat-taschen","10":"product_shipping_class-bis5000","12":"first","13":"outofstock","14":"sold-individually","15":"shipping-taxable","16":"purchasable","17":"product-type-simple"},"_links":{"self":[{"href":"https:\/\/baselle.com\/en\/wp-json\/wp\/v2\/product\/15533","targetHints":{"allow":["GET"]}}],"collection":[{"href":"https:\/\/baselle.com\/en\/wp-json\/wp\/v2\/product"}],"about":[{"href":"https:\/\/baselle.com\/en\/wp-json\/wp\/v2\/types\/product"}],"wp:featuredmedia":[{"embeddable":true,"href":"https:\/\/baselle.com\/en\/wp-json\/wp\/v2\/media\/15539"}],"wp:attachment":[{"href":"https:\/\/baselle.com\/en\/wp-json\/wp\/v2\/media?parent=15533"}],"wp:term":[{"taxonomy":"product_brand","embeddable":true,"href":"https:\/\/baselle.com\/en\/wp-json\/wp\/v2\/product_brand?post=15533"},{"taxonomy":"product_cat","embeddable":true,"href":"https:\/\/baselle.com\/en\/wp-json\/wp\/v2\/product_cat?post=15533"},{"taxonomy":"product_tag","embeddable":true,"href":"https:\/\/baselle.com\/en\/wp-json\/wp\/v2\/product_tag?post=15533"}],"curies":[{"name":"wp","href":"https:\/\/api.w.org\/{rel}","templated":true}]}}