{"id":15508,"date":"2021-10-01T14:03:49","date_gmt":"2021-10-01T12:03:49","guid":{"rendered":"https:\/\/baselle.com\/?post_type=product&#038;p=15508"},"modified":"2022-01-09T16:50:17","modified_gmt":"2022-01-09T15:50:17","slug":"louis-vuitton-spontini-mastic-monogram-empreinte-15508","status":"publish","type":"product","link":"https:\/\/baselle.com\/en\/product\/louis-vuitton-spontini-mastic-monogram-empreinte-15508\/","title":{"rendered":"Louis Vuitton Spontini Mastic"},"content":{"rendered":"<p>\n<strong>Louis Vuitton Spontini Mastic Monogram Empreinte Leder Handtasche Beschreibung<\/strong> <\/p>\n<p>Diese originale Louis Vuitton Spontini Mastic Monogram Empreinte Leder Handtasche ist ein elegantes Lieblingsst\u00fcck f\u00fcr die moderne Frau. Mit der abgerundeten Silhouette und dem ger\u00e4umigen Interieur ist diese strukturierte Schultertasche ein praktischer und stylischer Alltagsbegleiter. Sie ist aus charakteristischem Monogram Empreinte Rindsleder gefertigt und verf\u00fcgt \u00fcber goldfarbene Hardware-Akzente, sch\u00fctzende Taschenf\u00fc\u00dfe sowie einen abnehmbaren langen Schulterriemen. <\/p>\n<p>Das Modell \u00f6ffnet sich zu einem gro\u00dfen Innenfach mit zwei Steckf\u00e4chern und einem Rei\u00dfverschlussinnenfach. Auf der Vorderseite befindet sich ein weiteres Rei\u00dfverschlussfach. Die Spontini Mastic kann bequem an der Hand, \u00fcber der Schulter oder mit dem abnehmbaren Schulterriemen diagonal am K\u00f6rper getragen werden. Dies macht aus diesem schicken Modell eine Favourite-Bag f\u00fcr Arbeit und Alltag.\n<\/p>\n<p>\n<strong>Very good condition:<\/strong><br \/>\nDiese Louis Vuitton Spontini Mastic Monogram Empreinte Leder Handtasche aus zweiter Hand ist insgesamt in einem sehr guten Zustand. Die Tasche wurde mit Sorgfalt getragen, weshalb das gepr\u00e4gte Rindsleder in einem gepflegten Zustand ist. Die goldfarbenen Hardware-Akzente sind in einem guten Zustand. Das Tascheninnere ist sauber, ohne Ger\u00fcche und weist keine L\u00f6cher\/Risse auf.\n<\/p>\n<p>\n<strong>Style:<\/strong> Schulter-\/Handtasche, Crossbody<br \/>\n<strong>Size:<\/strong> MM<br \/>\n<strong>Dimensions (approx.):<\/strong> Breite 35 cm * H\u00f6he 27 cm * Tiefe 13 cm<br \/>\n<strong>Strap length:<\/strong>  110 cm\n<\/p>\n<p>\n<strong>Exterior material:<\/strong> Grained cowhide leather<br \/>\n<strong>Interior Material<\/strong> fabric lining\n<\/p>\n<p>The pictures represent the offered bag. The picture rights are held by MyLovelyBoutique.com. <\/p>\n<p>Follow us on <a href=\"https:\/\/www.instagram.com\/mylovelyboutique.de\/\" rel=\"noopener noreferrer\" target=\"_blank\"><span style=\"color: #96588a;\">Instagram<\/span><\/a> and get inspired. <\/p>","protected":false},"excerpt":{"rendered":"<table class=\"mlb-product-details\">\n<tbody>\n<tr>\n<td class=\"mlb-details-caption\">Model<\/td>\n<td class=\"mlb-details-value\">Spontini Mastic Mon. Empreinte<\/td>\n<\/tr>\n<tr>\n<td class=\"mlb-details-caption\">Colour<\/td>\n<td class=\"mlb-details-value\">Mastic<\/td>\n<\/tr>\n<tr>\n<td class=\"mlb-details-caption\">Hardware<\/td>\n<td class=\"mlb-details-value\">Gold<\/td>\n<\/tr>\n<tr>\n<td class=\"mlb-details-caption\">Year<\/td>\n<td class=\"mlb-details-value\">2016<\/td>\n<\/tr>\n<tr>\n<td class=\"mlb-details-caption\">Accessoires<\/td>\n<td class=\"mlb-details-value\">Rechnung, Staubbeutel, Schloss + Schl\u00fcssel, Clochette, LV-Booklet, LV-Produktinfo<\/td>\n<\/tr>\n<tr>\n<td class=\"mlb-details-caption\">Condition<\/td>\n<td class=\"mlb-details-value\">Very good condition<\/td>\n<\/tr>\n<\/tbody>\n<\/table>","protected":false},"featured_media":15511,"template":"","meta":[],"product_brand":[],"product_cat":[87,154,68,1431,85,99],"product_tag":[],"class_list":{"0":"post-15508","1":"product","2":"type-product","3":"status-publish","4":"has-post-thumbnail","6":"product_cat-crossbodytaschen","7":"product_cat-designer","8":"product_cat-handtaschen","9":"product_cat-louisvuitton","10":"product_cat-schultertaschen","11":"product_cat-taschen","12":"product_shipping_class-bis2500","14":"first","15":"outofstock","16":"sold-individually","17":"shipping-taxable","18":"purchasable","19":"product-type-simple"},"_links":{"self":[{"href":"https:\/\/baselle.com\/en\/wp-json\/wp\/v2\/product\/15508","targetHints":{"allow":["GET"]}}],"collection":[{"href":"https:\/\/baselle.com\/en\/wp-json\/wp\/v2\/product"}],"about":[{"href":"https:\/\/baselle.com\/en\/wp-json\/wp\/v2\/types\/product"}],"wp:featuredmedia":[{"embeddable":true,"href":"https:\/\/baselle.com\/en\/wp-json\/wp\/v2\/media\/15511"}],"wp:attachment":[{"href":"https:\/\/baselle.com\/en\/wp-json\/wp\/v2\/media?parent=15508"}],"wp:term":[{"taxonomy":"product_brand","embeddable":true,"href":"https:\/\/baselle.com\/en\/wp-json\/wp\/v2\/product_brand?post=15508"},{"taxonomy":"product_cat","embeddable":true,"href":"https:\/\/baselle.com\/en\/wp-json\/wp\/v2\/product_cat?post=15508"},{"taxonomy":"product_tag","embeddable":true,"href":"https:\/\/baselle.com\/en\/wp-json\/wp\/v2\/product_tag?post=15508"}],"curies":[{"name":"wp","href":"https:\/\/api.w.org\/{rel}","templated":true}]}}