{"id":15403,"date":"2021-09-17T17:57:23","date_gmt":"2021-09-17T15:57:23","guid":{"rendered":"https:\/\/baselle.com\/?post_type=product&#038;p=15403"},"modified":"2021-10-18T10:39:14","modified_gmt":"2021-10-18T08:39:14","slug":"chanel-filigree-caviar-leder-rucksack-schwarz-15403","status":"publish","type":"product","link":"https:\/\/baselle.com\/en\/product\/chanel-filigree-caviar-leder-rucksack-schwarz-15403\/","title":{"rendered":"CHANEL Filigree Backpack"},"content":{"rendered":"<p>\n<strong>CHANEL Filigree Cavair Leder Rucksack Beschreibung<\/strong><\/p>\n<p>Dieser originale CHANEL Filigree Caviar Leder Rucksack ist ein elegantes Lieblingsst\u00fcck aus dem Maison CHANEL f\u00fcr die moderne Frau. Er ist aus schwarzem genarbten Kalbsleder gefertigt und verf\u00fcgt \u00fcber einen Ledergriff, zwei verstellbare Lederkettenriemen, eine \u00fcbergro\u00dfe CC-Signatur sowie goldene Beschl\u00e4ge mit Ruthenium-Finish.<\/p>\n<p>Die Klappe \u00f6ffnet sich durch einen Magnetverschluss und Kordelzug zu einem mit schwarzem Leder gef\u00fctterten Tascheninneren, welches in ein gro\u00dfes Hauptfach und ein Rei\u00dfverschlussfach aufgeteilt ist. Zudem befindet sich ein Lederband mit Karabiner f\u00fcr Schl\u00fcsselbund etc. im Inneren des Rucksack. Am Taschenr\u00fccken befindet sich ein weiteres kelines Steckfach, welches sich mit einem Rei\u00dfverschluss \u00f6ffnen l\u00e4sst.\n<\/p>\n<p>\n<strong>Excellent condition<\/strong><br \/>\nDieser CHANEL Filigree Caviar Leder Rucksack aus zweiter Hand ist in einem hervorragenden Zustand. Dementsprechend sind das Leder sowie die goldfarbene Hardware in einem einwandfreien Zustand. Auch das Tascheninnere ist sauber, ohne Ger\u00fcche und weist keine L\u00f6cher\/Risse auf.\n<\/p>\n<p>\n<strong>Style:<\/strong> Backpack<br \/>\n<strong>Size:<\/strong> Medium<br \/>\n<strong>Dimensions (approx.):<\/strong> Breite 22 cm * H\u00f6he 26 cm * Tiefe 15 cm\n<\/p>\n<p>\n<strong>Exterior material:<\/strong> Grained calfskin leather<br \/>\n<strong>Interior Material<\/strong> Leather lining\n<\/p>\n<p>Die Bilder stellen den angebotenen Rucksack dar und sind Eigentum von MyLovelyBoutique.com. <\/p>\n<p>Follow us on <a href=\"https:\/\/www.instagram.com\/mylovelyboutique.de\/\" rel=\"noopener noreferrer\" target=\"_blank\"><span style=\"color: #96588a;\">Instagram<\/span><\/a> and get inspired. <\/p>","protected":false},"excerpt":{"rendered":"<table class=\"mlb-product-details\">\n<tbody>\n<tr>\n<td class=\"mlb-details-caption\">Model<\/td>\n<td class=\"mlb-details-value\">Filigree Backpack<\/td>\n<\/tr>\n<tr>\n<td class=\"mlb-details-caption\">Colour<\/td>\n<td class=\"mlb-details-value\">Black<\/td>\n<\/tr>\n<tr>\n<td class=\"mlb-details-caption\">Hardware<\/td>\n<td class=\"mlb-details-value\">Gold with ruthenium finish<\/td>\n<\/tr>\n<tr>\n<td class=\"mlb-details-caption\">Year<\/td>\n<td class=\"mlb-details-value\">2018<\/td>\n<\/tr>\n<tr>\n<td class=\"mlb-details-caption\">Accessoires<\/td>\n<td class=\"mlb-details-value\">Rechnung, Staubbeutel, Staubtuch, Authentizit\u00e4tskarte, Seriennummer mit Hologramm<\/td>\n<\/tr>\n<tr>\n<td class=\"mlb-details-caption\">Condition<\/td>\n<td class=\"mlb-details-value\">Excellent condition<\/td>\n<\/tr>\n<\/tbody>\n<\/table>","protected":false},"featured_media":15406,"template":"","meta":[],"product_brand":[],"product_cat":[1430,154,88,99],"product_tag":[],"class_list":{"0":"post-15403","1":"product","2":"type-product","3":"status-publish","4":"has-post-thumbnail","6":"product_cat-chanel","7":"product_cat-designer","8":"product_cat-rucksaecke","9":"product_cat-taschen","10":"product_shipping_class-bis5000","12":"first","13":"outofstock","14":"sold-individually","15":"shipping-taxable","16":"purchasable","17":"product-type-simple"},"_links":{"self":[{"href":"https:\/\/baselle.com\/en\/wp-json\/wp\/v2\/product\/15403","targetHints":{"allow":["GET"]}}],"collection":[{"href":"https:\/\/baselle.com\/en\/wp-json\/wp\/v2\/product"}],"about":[{"href":"https:\/\/baselle.com\/en\/wp-json\/wp\/v2\/types\/product"}],"wp:featuredmedia":[{"embeddable":true,"href":"https:\/\/baselle.com\/en\/wp-json\/wp\/v2\/media\/15406"}],"wp:attachment":[{"href":"https:\/\/baselle.com\/en\/wp-json\/wp\/v2\/media?parent=15403"}],"wp:term":[{"taxonomy":"product_brand","embeddable":true,"href":"https:\/\/baselle.com\/en\/wp-json\/wp\/v2\/product_brand?post=15403"},{"taxonomy":"product_cat","embeddable":true,"href":"https:\/\/baselle.com\/en\/wp-json\/wp\/v2\/product_cat?post=15403"},{"taxonomy":"product_tag","embeddable":true,"href":"https:\/\/baselle.com\/en\/wp-json\/wp\/v2\/product_tag?post=15403"}],"curies":[{"name":"wp","href":"https:\/\/api.w.org\/{rel}","templated":true}]}}