{"id":15363,"date":"2021-09-15T18:50:36","date_gmt":"2021-09-15T16:50:36","guid":{"rendered":"https:\/\/baselle.com\/?post_type=product&#038;p=15363"},"modified":"2021-11-14T07:25:50","modified_gmt":"2021-11-14T06:25:50","slug":"chanel-boy-bag-small-goat-hair-schwarz-15363","status":"publish","type":"product","link":"https:\/\/baselle.com\/en\/product\/chanel-boy-bag-small-goat-hair-schwarz-15363\/","title":{"rendered":"CHANEL Boy Bag"},"content":{"rendered":"<p>\n<strong>CHANEL Boy Bag Small Goat Hair Handtasche Beschreibung<\/strong><\/p>\n<p>Diese originale CHANEL Boy Bag Small Goat Hair Handtasche aus der CHANEL Fall\/Winter 2013 Collection besticht durch ihre robuste Form und ihre rebellische Attit\u00fcde. Dieses Modell ist aus Kalbsleder und weichem Ziegenhaar gefertigt und verf\u00fcgt \u00fcber eine Gliederkette mit verstellbaren Lederriemen, einem CC-Pushlock und silberne Hardware mit Ruthenium-Finish.<\/p>\n<p>Die graphische Schlie\u00dfe \u00f6ffnet sich zu einem roten Innenfutter aus Leder mit einem Steckfach. Die Small Boy Flap Bag kann \u00fcber der Schulter sowie diagonal am K\u00f6rper getragen werden, so dass maximaler Tragekomfort garantiert ist. Eine komfortable und elegante Handtasche, die inzwischen zu Chanels zeitlosen Klassikern z\u00e4hlt.\n<\/p>\n<p>\n<strong>Very good condition:<\/strong><br \/>\nDiese CHANEL Boy Bag Small Goat Hair Handtasche aus zweiter Hand ist insgesamt in einem sehr guten Zustand. Das Ziegenhaar, das Kalbsleder und die silbernen Hardware-Akzente sind in einem gepflegten Zustand. Auch das Tascheninnere ist sauber, ohne Ger\u00fcche und weist keine L\u00f6cher\/Risse auf.\n<\/p>\n<p>\n<strong>Style:<\/strong> Shoulder bag, clutch, crossbody<br \/>\n<strong>Size:<\/strong> Small<br \/>\n<strong>Dimensions (approx.):<\/strong> width 20,5 cm * height 12 cm * depth 8,5 cm<br \/>\n<strong>Strap length:<\/strong> single = 109 cm; double = 66 cm\n<\/p>\n<p>\n<strong>Exterior material:<\/strong> Kalbsleder, Ziegenhaar<br \/>\n<strong>Interior Material<\/strong> Leather lining\n<\/p>\n<p>The pictures represent the offered bag. The picture rights are held by MyLovelyBoutique.com. <\/p>\n<p>Follow us on <a href=\"https:\/\/www.instagram.com\/mylovelyboutique.de\/\" rel=\"noopener noreferrer\" target=\"_blank\"><span style=\"color: #96588a;\">Instagram<\/span><\/a> and get inspired. <\/p>","protected":false},"excerpt":{"rendered":"<br \/>\n<table class=\"mlb-product-details\">\n<tbody>\n<tr>\n<td class=\"mlb-details-caption\">Model<\/td>\n<td class=\"mlb-details-value\">Boy Bag Small Goat Hair<\/td>\n<\/tr>\n<tr>\n<td class=\"mlb-details-caption\">Colour<\/td>\n<td class=\"mlb-details-value\">Black<\/td>\n<\/tr>\n<tr>\n<td class=\"mlb-details-caption\">Hardware<\/td>\n<td class=\"mlb-details-value\">Silver with ruthenium finish<\/td>\n<\/tr>\n<tr>\n<td class=\"mlb-details-caption\">Year<\/td>\n<td class=\"mlb-details-value\">2013<\/td>\n<\/tr>\n<tr>\n<td class=\"mlb-details-caption\">Accessoires<\/td>\n<td class=\"mlb-details-value\">Staubbeutel, Staubtuch, Seriennummer mit Hologramm<\/td>\n<\/tr>\n<tr>\n<td class=\"mlb-details-caption\">Condition<\/td>\n<td class=\"mlb-details-value\">Very good condition<\/td>\n<\/tr>\n<\/tbody>\n<\/table>","protected":false},"featured_media":15366,"template":"","meta":[],"product_brand":[],"product_cat":[1430,87,154,86,85,99],"product_tag":[],"class_list":{"0":"post-15363","1":"product","2":"type-product","3":"status-publish","4":"has-post-thumbnail","6":"product_cat-chanel","7":"product_cat-crossbodytaschen","8":"product_cat-designer","9":"product_cat-kleinetaschen","10":"product_cat-schultertaschen","11":"product_cat-taschen","12":"product_shipping_class-bis5000","14":"first","15":"outofstock","16":"sold-individually","17":"shipping-taxable","18":"purchasable","19":"product-type-simple"},"_links":{"self":[{"href":"https:\/\/baselle.com\/en\/wp-json\/wp\/v2\/product\/15363","targetHints":{"allow":["GET"]}}],"collection":[{"href":"https:\/\/baselle.com\/en\/wp-json\/wp\/v2\/product"}],"about":[{"href":"https:\/\/baselle.com\/en\/wp-json\/wp\/v2\/types\/product"}],"wp:featuredmedia":[{"embeddable":true,"href":"https:\/\/baselle.com\/en\/wp-json\/wp\/v2\/media\/15366"}],"wp:attachment":[{"href":"https:\/\/baselle.com\/en\/wp-json\/wp\/v2\/media?parent=15363"}],"wp:term":[{"taxonomy":"product_brand","embeddable":true,"href":"https:\/\/baselle.com\/en\/wp-json\/wp\/v2\/product_brand?post=15363"},{"taxonomy":"product_cat","embeddable":true,"href":"https:\/\/baselle.com\/en\/wp-json\/wp\/v2\/product_cat?post=15363"},{"taxonomy":"product_tag","embeddable":true,"href":"https:\/\/baselle.com\/en\/wp-json\/wp\/v2\/product_tag?post=15363"}],"curies":[{"name":"wp","href":"https:\/\/api.w.org\/{rel}","templated":true}]}}