{"id":15358,"date":"2021-09-16T20:19:23","date_gmt":"2021-09-16T18:19:23","guid":{"rendered":"https:\/\/baselle.com\/?post_type=product&#038;p=15358"},"modified":"2023-11-27T17:35:28","modified_gmt":"2023-11-27T16:35:28","slug":"chanel-gabrielle-small-hobo-bag-tweed-15358","status":"publish","type":"product","link":"https:\/\/baselle.com\/en\/product\/chanel-gabrielle-small-hobo-bag-tweed-15358\/","title":{"rendered":"CHANEL Gabrielle Hobo Bag"},"content":{"rendered":"<p>\n<strong>CHANEL Gabrielle Small Hobo Bag Tweed Handtasche Beschreibung<\/strong><\/p>\n<p>Diese originale CHANEL Gabrielle Small Hobo Bag Tweed Handtasche besticht durch ihren zeitlosen und modernen Look. Sie ist aus aufwendig gelochtenem Tweed und einer festen Basis aus Kalbsleder gefertigt und verf\u00fcgt \u00fcber eine zweireihige Kette in verschiedenen Nuancen und den typischen Rei\u00dfverschlussschieber mit goldener CC-Signatur. <\/p>\n<p>Der Rei\u00dfverschluss \u00f6ffnet sich zu einem gleichfarbigen Textilinnenfutter mit einem Steckfach, einem Rei\u00dfverschlussfach und einem Lederband mit Karabiner zum Anbringen von Schl\u00fcssel etc. Die kleine Gabrielle Hobo Bag kann \u00fcber der Schulter sowie diagonal am K\u00f6rper getragen werden, so dass maximaler Tragekomfort garantiert ist. Eine Kreation Karl Lagerfelds, die sich einen festen Platz neben Chanels Klassikern gesichert hat.\n<\/p>\n<p>\n<strong>Very good condition:<\/strong><br \/>\nDiese CHANEL Gabrielle Small Hobo Bag Tweed Handtasche aus zweiter Hand ist insgesamt in einem sehr guten Zustand. Der Tweedstoff und das Kalbsleder sind in einem gepflegten Zustand. Auch die Hardware-Akzente sind in einem sehr guten Zustand. Das Tascheninnere ist sauber, ohne Ger\u00fcche und weist keine L\u00f6cher\/Risse auf.\n<\/p>\n<p>\n<strong>Style:<\/strong> Shoulder bag, clutch, crossbody<br \/>\n<strong>Size:<\/strong> Small<br \/>\n<strong>Dimensions (approx.):<\/strong> Breite 20 cm * H\u00f6he 15 cm * Tiefe 8 cm\n<\/p>\n<p>\n<strong>Exterior material:<\/strong> Kalbsleder, Tweedstoff<br \/>\n<strong>Interior Material<\/strong> fabric lining\n<\/p>\n<p>The pictures represent the offered bag. The picture rights are held by MyLovelyBoutique.com. <\/p>\n<p>Follow us on <a href=\"https:\/\/www.instagram.com\/mylovelyboutique.de\/\" rel=\"noopener noreferrer\" target=\"_blank\"><span style=\"color: #96588a;\">Instagram<\/span><\/a> and get inspired. <\/p>","protected":false},"excerpt":{"rendered":"<br \/>\n<table class=\"mlb-product-details\">\n<tbody>\n<tr>\n<td class=\"mlb-details-caption\">Model<\/td>\n<td class=\"mlb-details-value\">Gabrielle Small Hobo Bag Tweed<\/td>\n<\/tr>\n<tr>\n<td class=\"mlb-details-caption\">Colour<\/td>\n<td class=\"mlb-details-value\">Rotviolett<\/td>\n<\/tr>\n<tr>\n<td class=\"mlb-details-caption\">Hardware<\/td>\n<td class=\"mlb-details-value\">Gold\/Silber mit Ruthenium-Finish, Gold, Silber<\/td>\n<\/tr>\n<tr>\n<td class=\"mlb-details-caption\">Year<\/td>\n<td class=\"mlb-details-value\">2017<\/td>\n<\/tr>\n<tr>\n<td class=\"mlb-details-caption\">Accessoires<\/td>\n<td class=\"mlb-details-value\">Dustbag, authenticity card, serialnumber with hologram<\/td>\n<\/tr>\n<tr>\n<td class=\"mlb-details-caption\">Condition<\/td>\n<td class=\"mlb-details-value\">Very good condition<\/td>\n<\/tr>\n<\/tbody>\n<\/table>","protected":false},"featured_media":15390,"template":"","meta":[],"product_brand":[],"product_cat":[1430,87,154,86,85,99],"product_tag":[],"class_list":{"0":"post-15358","1":"product","2":"type-product","3":"status-publish","4":"has-post-thumbnail","6":"product_cat-chanel","7":"product_cat-crossbodytaschen","8":"product_cat-designer","9":"product_cat-kleinetaschen","10":"product_cat-schultertaschen","11":"product_cat-taschen","12":"product_shipping_class-bis5000","14":"first","15":"outofstock","16":"sold-individually","17":"shipping-taxable","18":"purchasable","19":"product-type-simple"},"_links":{"self":[{"href":"https:\/\/baselle.com\/en\/wp-json\/wp\/v2\/product\/15358","targetHints":{"allow":["GET"]}}],"collection":[{"href":"https:\/\/baselle.com\/en\/wp-json\/wp\/v2\/product"}],"about":[{"href":"https:\/\/baselle.com\/en\/wp-json\/wp\/v2\/types\/product"}],"wp:featuredmedia":[{"embeddable":true,"href":"https:\/\/baselle.com\/en\/wp-json\/wp\/v2\/media\/15390"}],"wp:attachment":[{"href":"https:\/\/baselle.com\/en\/wp-json\/wp\/v2\/media?parent=15358"}],"wp:term":[{"taxonomy":"product_brand","embeddable":true,"href":"https:\/\/baselle.com\/en\/wp-json\/wp\/v2\/product_brand?post=15358"},{"taxonomy":"product_cat","embeddable":true,"href":"https:\/\/baselle.com\/en\/wp-json\/wp\/v2\/product_cat?post=15358"},{"taxonomy":"product_tag","embeddable":true,"href":"https:\/\/baselle.com\/en\/wp-json\/wp\/v2\/product_tag?post=15358"}],"curies":[{"name":"wp","href":"https:\/\/api.w.org\/{rel}","templated":true}]}}