{"id":15310,"date":"2021-10-18T10:33:10","date_gmt":"2021-10-18T08:33:10","guid":{"rendered":"https:\/\/baselle.com\/?post_type=product&#038;p=15310"},"modified":"2022-02-17T23:52:14","modified_gmt":"2022-02-17T22:52:14","slug":"louis-vuitton-vivienne-skateboarder-bag-charm-15310","status":"publish","type":"product","link":"https:\/\/baselle.com\/en\/product\/louis-vuitton-vivienne-skateboarder-bag-charm-15310\/","title":{"rendered":"Louis Vuitton Viv. Skateboarder"},"content":{"rendered":"<p><strong>Louis Vuitton Vivienne Skateboarder Bag Charm Taschenschmuck Beschreibung<\/strong><\/p>\n<p>Dieser originale Louis Vuitton Vivienne Skateboarder Bag Charm Taschenschmuck ist als streng limitierte Edition eine absolute Rarit\u00e4t und daher ein hei\u00df begehrtes Sammlerst\u00fcck. Er verf\u00fcgt \u00fcber einen Karabinerverschluss sowie einen Schl\u00fcsselring. Ikonische Signaturen des Hauses wie der kleine Miniatur-Palm Springs Rucksack und die verspiegelte Grease-Sonnenbrille verleihen dem Vivienne Anh\u00e4nger ein charakteristisches Finish. Die verspielten Details machen diesen s\u00fc\u00dfen kleinen Anh\u00e4nger zu einem absoluten Lieblingsaccessoire.<\/p>\n<p><strong>Mint condition<\/strong><br \/>\nDieser Louis Vuitton Vivienne Skateboarder Bag Charm Taschenschmuck aus zweiter Hand ist ungetragen und daher in einem neuwertigen Zustand. <\/p>\n<p><strong>Dimensions (approx.):<\/strong> Gesamtl\u00e4nge = 14,5 cm<\/p>\n<p><strong>Material:<\/strong> Metall, Kunstharz<\/p>\n<p>The pictures represent the offered bag charm. The picture rights are held by MyLovelyBoutique.com. <\/p>\n<p>Follow us on <a href=\"https:\/\/www.instagram.com\/mylovelyboutique.de\/\" rel=\"noopener noreferrer\" target=\"_blank\"><span style=\"color: #96588a;\">Instagram<\/span><\/a> and get inspired.<\/p>","protected":false},"excerpt":{"rendered":"<table class=\"mlb-product-details\">\n<tbody>\n<tr>\n<td class=\"mlb-details-caption\">Model<\/td>\n<td class=\"mlb-details-value\">Vivienne Skateboarder Bag Charm<\/td>\n<\/tr>\n<tr>\n<td class=\"mlb-details-caption\">Colour<\/td>\n<td class=\"mlb-details-value\">Rot, Schwarz, Braun<\/td>\n<\/tr>\n<tr>\n<td class=\"mlb-details-caption\">Hardware<\/td>\n<td class=\"mlb-details-value\">Gold<\/td>\n<\/tr>\n<tr>\n<td class=\"mlb-details-caption\">Year<\/td>\n<td class=\"mlb-details-value\">2019<\/td>\n<\/tr>\n<tr>\n<td class=\"mlb-details-caption\">Accessoires<\/td>\n<td class=\"mlb-details-value\">Invoice, box, dustbag<\/td>\n<\/tr>\n<tr>\n<td class=\"mlb-details-caption\">Condition<\/td>\n<td class=\"mlb-details-value\">Mint condition<\/td>\n<\/tr>\n<\/tbody>\n<\/table>","protected":false},"featured_media":15314,"template":"","meta":[],"product_brand":[],"product_cat":[57,154,1431,92],"product_tag":[],"class_list":{"0":"post-15310","1":"product","2":"type-product","3":"status-publish","4":"has-post-thumbnail","6":"product_cat-accessories","7":"product_cat-designer","8":"product_cat-louisvuitton","9":"product_cat-taschenschmuck","10":"product_shipping_class-bis1000","12":"first","13":"outofstock","14":"sold-individually","15":"shipping-taxable","16":"purchasable","17":"product-type-simple"},"_links":{"self":[{"href":"https:\/\/baselle.com\/en\/wp-json\/wp\/v2\/product\/15310","targetHints":{"allow":["GET"]}}],"collection":[{"href":"https:\/\/baselle.com\/en\/wp-json\/wp\/v2\/product"}],"about":[{"href":"https:\/\/baselle.com\/en\/wp-json\/wp\/v2\/types\/product"}],"wp:featuredmedia":[{"embeddable":true,"href":"https:\/\/baselle.com\/en\/wp-json\/wp\/v2\/media\/15314"}],"wp:attachment":[{"href":"https:\/\/baselle.com\/en\/wp-json\/wp\/v2\/media?parent=15310"}],"wp:term":[{"taxonomy":"product_brand","embeddable":true,"href":"https:\/\/baselle.com\/en\/wp-json\/wp\/v2\/product_brand?post=15310"},{"taxonomy":"product_cat","embeddable":true,"href":"https:\/\/baselle.com\/en\/wp-json\/wp\/v2\/product_cat?post=15310"},{"taxonomy":"product_tag","embeddable":true,"href":"https:\/\/baselle.com\/en\/wp-json\/wp\/v2\/product_tag?post=15310"}],"curies":[{"name":"wp","href":"https:\/\/api.w.org\/{rel}","templated":true}]}}