{"id":15152,"date":"2022-04-21T17:31:37","date_gmt":"2022-04-21T15:31:37","guid":{"rendered":"https:\/\/baselle.com\/?post_type=product&#038;p=15152"},"modified":"2022-06-21T11:54:56","modified_gmt":"2022-06-21T09:54:56","slug":"louis-vuitton-elisabeth-monogram-escale-stiftetui-15152","status":"publish","type":"product","link":"https:\/\/baselle.com\/en\/product\/louis-vuitton-elisabeth-monogram-escale-stiftetui-15152\/","title":{"rendered":"Louis Vuitton Elisabeth Stiftetui"},"content":{"rendered":"<p>\n<strong>Louis Vuitton Elisabeth Monogram Escale Stiftetui Beschreibung<\/strong> <\/p>\n<p>Dieses originale Louis Vuitton Elisabeth Monogram Escale Stiftetui ist ein streng limitiertes Modell aus dem Jahr 2020. Dieses Must-Have f\u00fcrs B\u00fcro bietet ausreichend Platz f\u00fcr Stifte und l\u00e4sst sich durch einen praktischen Rei\u00dfverschluss mit \u00fcbergro\u00dfer LV-Signatur \u00f6ffnen.\n<\/p>\n<p>\n<strong>Mint condition<\/strong><br \/>\nDieses Louis Vuitton Elisabeth Monogram Escale Stiftetui aus zweiter Hand ist ungetragen und daher in einem neuwertigen Zustand. Das beschichtete Canvas, das Rindsleder sowie das Innenfutter sind daher in einem einwandfreien Zustand.\n<\/p>\n<p>\n<strong>Stiftetuigr\u00f6\u00dfe:<\/strong> Mittel<br \/>\n<strong>Dimensions (approx.):<\/strong> Breite 22 cm * H\u00f6he 6 cm * Tiefe 6 cm\n<\/p>\n<p>\n<strong>Exterior material:<\/strong> Coated canvas, cowhide leather<br \/>\n<strong>Interior Material<\/strong> microfibre lining\n<\/p>\n<p>Die Bilder stellen das angebotene Stiftetui dar und sind Eigentum von MyLovelyBoutique.com. <\/p>\n<p>Follow us on <a href=\"https:\/\/www.instagram.com\/mylovelyboutique.de\/\" rel=\"noopener noreferrer\" target=\"_blank\"><span style=\"color: #96588a;\">Instagram<\/span><\/a> and get inspired. <\/p>","protected":false},"excerpt":{"rendered":"<table class=\"mlb-product-details\">\n<tbody>\n<tr>\n<td class=\"mlb-details-caption\">Model<\/td>\n<td class=\"mlb-details-value\">Elisabeth Monogram Escale Pastel Stiftetui<\/td>\n<\/tr>\n<tr>\n<td class=\"mlb-details-caption\">Colour<\/td>\n<td class=\"mlb-details-value\">Rosa, Bunt<\/td>\n<\/tr>\n<tr>\n<td class=\"mlb-details-caption\">Hardware<\/td>\n<td class=\"mlb-details-value\">Silver<\/td>\n<\/tr>\n<tr>\n<td class=\"mlb-details-caption\">Year<\/td>\n<td class=\"mlb-details-value\">2020<\/td>\n<\/tr>\n<tr>\n<td class=\"mlb-details-caption\">Accessoires<\/td>\n<td class=\"mlb-details-value\">Rechnung, Staubbeutel, LV-Materialinfo<\/td>\n<\/tr>\n<tr>\n<td class=\"mlb-details-caption\">Condition<\/td>\n<td class=\"mlb-details-value\">Mint condition<\/td>\n<\/tr>\n<\/tbody>\n<\/table>","protected":false},"featured_media":15300,"template":"","meta":[],"product_brand":[],"product_cat":[57,154,90,1431],"product_tag":[],"class_list":{"0":"post-15152","1":"product","2":"type-product","3":"status-publish","4":"has-post-thumbnail","6":"product_cat-accessories","7":"product_cat-designer","8":"product_cat-kleinlederwaren","9":"product_cat-louisvuitton","10":"product_shipping_class-0-500","12":"first","13":"outofstock","14":"sold-individually","15":"shipping-taxable","16":"purchasable","17":"product-type-simple"},"_links":{"self":[{"href":"https:\/\/baselle.com\/en\/wp-json\/wp\/v2\/product\/15152","targetHints":{"allow":["GET"]}}],"collection":[{"href":"https:\/\/baselle.com\/en\/wp-json\/wp\/v2\/product"}],"about":[{"href":"https:\/\/baselle.com\/en\/wp-json\/wp\/v2\/types\/product"}],"wp:featuredmedia":[{"embeddable":true,"href":"https:\/\/baselle.com\/en\/wp-json\/wp\/v2\/media\/15300"}],"wp:attachment":[{"href":"https:\/\/baselle.com\/en\/wp-json\/wp\/v2\/media?parent=15152"}],"wp:term":[{"taxonomy":"product_brand","embeddable":true,"href":"https:\/\/baselle.com\/en\/wp-json\/wp\/v2\/product_brand?post=15152"},{"taxonomy":"product_cat","embeddable":true,"href":"https:\/\/baselle.com\/en\/wp-json\/wp\/v2\/product_cat?post=15152"},{"taxonomy":"product_tag","embeddable":true,"href":"https:\/\/baselle.com\/en\/wp-json\/wp\/v2\/product_tag?post=15152"}],"curies":[{"name":"wp","href":"https:\/\/api.w.org\/{rel}","templated":true}]}}