{"id":15151,"date":"2021-08-25T10:38:23","date_gmt":"2021-08-25T08:38:23","guid":{"rendered":"https:\/\/baselle.com\/?post_type=product&#038;p=15151"},"modified":"2022-05-31T22:05:11","modified_gmt":"2022-05-31T20:05:11","slug":"louis-vuitton-zippy-coin-geldboerse-epi-leder-love-lock-15151","status":"publish","type":"product","link":"https:\/\/baselle.com\/en\/product\/louis-vuitton-zippy-coin-geldboerse-epi-leder-love-lock-15151\/","title":{"rendered":"Louis Vuitton Zippy Coin Purse"},"content":{"rendered":"<p>\n<strong>Louis Vuitton Zippy Coin Geldb\u00f6rse Epi Leder Love Lock Beschreibung<\/strong> <\/p>\n<p>Diese originale Louis Vuitton Zippy Coin Geldb\u00f6rse Epi Leder Love Lock ist aus der streng limitierten Kollektion aus dem Jahr 2019, die sofort ausverkauft war. Sie besticht durch das Zusammenspiel aus schlichtem Schwarz und goldenen Charms, die sofort ins Auge fallen. Die kleine Geldb\u00f6rse ist aus genarbten Epi Rindsleder gefertigt und verf\u00fcgt \u00fcber goldfarbene Beschl\u00e4ge. In ihrer kompakten Gr\u00f6\u00dfe passt sie hervorragend in jede kleine Handtasche und bietet dennoch genug Platz f\u00fcr Kreditkarten, Kleingeld sowie gefaltete Geldscheine.\n<\/p>\n<p>\n<strong>Very good condition:<\/strong><br \/>\nDiese Louis Vuitton Zippy Coin Geldb\u00f6rse Epi Leder Love Lock aus zweiter Hand ist insgesamt in einem sehr guten Zustand. Das Epi Rindsleder ist in einem einwandfreien Zustand. Die goldfarbenen Hardware-Akzente sind nach wie vor in einem sch\u00f6nen gl\u00e4nzenden Zustand. Das Lederinnenfutter ist sauber und weist weder Flecken, Risse noch Ger\u00fcche auf.\n<\/p>\n<p>\n<strong>Wallet size:<\/strong>  small<br \/>\n<strong>Dimensions (approx.):<\/strong> Breite 11 cm * H\u00f6he 8,5 cm * Tiefe 2 cm\n<\/p>\n<p>\n<strong>Exterior material:<\/strong> Epi cowhide leather<br \/>\n<strong>Interior Material<\/strong> cowhide leather\n<\/p>\n<p>The pictures represent the offered wallet. The picture rights are held by MyLovelyBoutique.com. <\/p>\n<p>Follow us on <a href=\"https:\/\/www.instagram.com\/mylovelyboutique.de\/\" rel=\"noopener noreferrer\" target=\"_blank\"><span style=\"color: #96588a;\">Instagram<\/span><\/a> and get inspired. <\/p>","protected":false},"excerpt":{"rendered":"<table class=\"mlb-product-details\">\n<tbody>\n<tr>\n<td class=\"mlb-details-caption\">Model<\/td>\n<td class=\"mlb-details-value\">Zippy Coin Geldb\u00f6rse Epi Leder Love Lock<\/td>\n<\/tr>\n<tr>\n<td class=\"mlb-details-caption\">Colour<\/td>\n<td class=\"mlb-details-value\">Black<\/td>\n<\/tr>\n<tr>\n<td class=\"mlb-details-caption\">Hardware<\/td>\n<td class=\"mlb-details-value\">Gold<\/td>\n<\/tr>\n<tr>\n<td class=\"mlb-details-caption\">Year<\/td>\n<td class=\"mlb-details-value\">2019<\/td>\n<\/tr>\n<tr>\n<td class=\"mlb-details-caption\">Accessoires<\/td>\n<td class=\"mlb-details-value\">Rechnung, Box, Staubbeutel, LV-Booklet, LV-Materialinfo<\/td>\n<\/tr>\n<tr>\n<td class=\"mlb-details-caption\">Condition<\/td>\n<td class=\"mlb-details-value\">Very good condition<\/td>\n<\/tr>\n<\/tbody>\n<\/table>","protected":false},"featured_media":15202,"template":"","meta":[],"product_brand":[],"product_cat":[57,154,90,1431,89],"product_tag":[],"class_list":{"0":"post-15151","1":"product","2":"type-product","3":"status-publish","4":"has-post-thumbnail","6":"product_cat-accessories","7":"product_cat-designer","8":"product_cat-kleinlederwaren","9":"product_cat-louisvuitton","10":"product_cat-portemonnaie","11":"product_shipping_class-0-500","13":"first","14":"outofstock","15":"sold-individually","16":"shipping-taxable","17":"purchasable","18":"product-type-simple"},"_links":{"self":[{"href":"https:\/\/baselle.com\/en\/wp-json\/wp\/v2\/product\/15151","targetHints":{"allow":["GET"]}}],"collection":[{"href":"https:\/\/baselle.com\/en\/wp-json\/wp\/v2\/product"}],"about":[{"href":"https:\/\/baselle.com\/en\/wp-json\/wp\/v2\/types\/product"}],"wp:featuredmedia":[{"embeddable":true,"href":"https:\/\/baselle.com\/en\/wp-json\/wp\/v2\/media\/15202"}],"wp:attachment":[{"href":"https:\/\/baselle.com\/en\/wp-json\/wp\/v2\/media?parent=15151"}],"wp:term":[{"taxonomy":"product_brand","embeddable":true,"href":"https:\/\/baselle.com\/en\/wp-json\/wp\/v2\/product_brand?post=15151"},{"taxonomy":"product_cat","embeddable":true,"href":"https:\/\/baselle.com\/en\/wp-json\/wp\/v2\/product_cat?post=15151"},{"taxonomy":"product_tag","embeddable":true,"href":"https:\/\/baselle.com\/en\/wp-json\/wp\/v2\/product_tag?post=15151"}],"curies":[{"name":"wp","href":"https:\/\/api.w.org\/{rel}","templated":true}]}}