{"id":15150,"date":"2022-09-16T12:26:30","date_gmt":"2022-09-16T10:26:30","guid":{"rendered":"https:\/\/baselle.com\/?post_type=product&#038;p=15150"},"modified":"2023-10-15T15:41:00","modified_gmt":"2023-10-15T13:41:00","slug":"chanel-cooc-handle-medium-flap-bag-15150","status":"publish","type":"product","link":"https:\/\/baselle.com\/en\/product\/chanel-cooc-handle-medium-flap-bag-15150\/","title":{"rendered":"CHANEL Coco Handle"},"content":{"rendered":"<p>\n<strong>CHANEL Coco Handle Medium Flap Bag Description<\/strong><\/p>\n<p>Diese originale CHANEL Coco Handle Medium Flap Bag Handtasche ist ein elegantes Lieblingsst\u00fcck aus dem Maison CHANEL f\u00fcr die moderne Frau. Sie ist aus dunkelblauem genarbten Kalbsleder gefertigt und verf\u00fcgt \u00fcber einen Ledergriff, einen abnehmbaren Lederkettenriemen mit Lederauflage, ein CC-Turnlock sowie hellgoldene Hardware-Akzente.<\/p>\n<p>Die Coco Handle Bag Handtasche kann als Schultertasche, Crossbody oder an der Hand getragen werden. F\u00fcr maximalen Tragekomfort geht im Schulterbereich der abnehmbare Kettenriemen in weiches Leder \u00fcber. Die Klappe \u00f6ffnet sich zu einem mit dunkelblauen Textil gef\u00fctterten Tascheninneren, welches in zwei F\u00e4cher und ein Rei\u00dfverschlussmittelfach aufgeteilt ist. Darin befinden sich zwei Steckf\u00e4cher und ein weiteres Rei\u00dfverschlussfach. Am Taschenr\u00fccken befindet sich ein aufgesetztes Steckfach.\n<\/p>\n<p>\n<strong>Mint condition<\/strong><br \/>\nDiese CHANEL Coco Handle Medium Flap Bag Handtasche aus zweiter Hand ist in einem neuwertigen Zustand. Dementsprechend sind das Leder sowie die goldfarbene Hardware in einem einwandfreien Zustand. Auch das Tascheninnere ist sauber, ohne Ger\u00fcche und weist keine L\u00f6cher\/Risse auf.\n<\/p>\n<p>\n<strong>Style:<\/strong> Shoulder bag, handbag, crossbody<br \/>\n<strong>Size:<\/strong> Medium<br \/>\n<strong>Dimensions (approx.):<\/strong> width 30 cm * height 18 cm * depth 11 cm<br \/>\n<strong>Shoulder strap (approx.):<\/strong> 103 cm\n<\/p>\n<p>\n<strong>Exterior material:<\/strong> Grained calfskin leather<br \/>\n<strong>Interior Material<\/strong> Leather lining\n<\/p>\n<p>The pictures represent the offered bag. The picture rights are held by MyLovelyBoutique.com. <\/p>\n<p>Follow us on <a href=\"https:\/\/www.instagram.com\/mylovelyboutique.de\/\" rel=\"noopener noreferrer\" target=\"_blank\"><span style=\"color: #96588a;\">Instagram<\/span><\/a> and get inspired. <\/p>","protected":false},"excerpt":{"rendered":"<table class=\"mlb-product-details\">\n<tbody>\n<tr>\n<td class=\"mlb-details-caption\">Model<\/td>\n<td class=\"mlb-details-value\">Coco Handle Medium Bag<\/td>\n<\/tr>\n<tr>\n<td class=\"mlb-details-caption\">Colour<\/td>\n<td class=\"mlb-details-value\">Marine\/Dark Blue<\/td>\n<\/tr>\n<tr>\n<td class=\"mlb-details-caption\">Hardware<\/td>\n<td class=\"mlb-details-value\">Light gold<\/td>\n<\/tr>\n<tr>\n<td class=\"mlb-details-caption\">Year<\/td>\n<td class=\"mlb-details-value\">2020<\/td>\n<\/tr>\n<tr>\n<td class=\"mlb-details-caption\">Accessoires<\/td>\n<td class=\"mlb-details-value\">Rechnung, Box, Staubbeutel, Staubtuch, Authentizit\u00e4tskarte, Seriennummer mit Hologramm<\/td>\n<\/tr>\n<tr>\n<td class=\"mlb-details-caption\">Condition<\/td>\n<td class=\"mlb-details-value\">Mint condition<\/td>\n<\/tr>\n<\/tbody>\n<\/table>","protected":false},"featured_media":15258,"template":"","meta":[],"product_brand":[],"product_cat":[1430,87,154,68,85,99],"product_tag":[],"class_list":{"0":"post-15150","1":"product","2":"type-product","3":"status-publish","4":"has-post-thumbnail","6":"product_cat-chanel","7":"product_cat-crossbodytaschen","8":"product_cat-designer","9":"product_cat-handtaschen","10":"product_cat-schultertaschen","11":"product_cat-taschen","12":"product_shipping_class-bis5000","14":"first","15":"outofstock","16":"sold-individually","17":"shipping-taxable","18":"purchasable","19":"product-type-simple"},"_links":{"self":[{"href":"https:\/\/baselle.com\/en\/wp-json\/wp\/v2\/product\/15150","targetHints":{"allow":["GET"]}}],"collection":[{"href":"https:\/\/baselle.com\/en\/wp-json\/wp\/v2\/product"}],"about":[{"href":"https:\/\/baselle.com\/en\/wp-json\/wp\/v2\/types\/product"}],"wp:featuredmedia":[{"embeddable":true,"href":"https:\/\/baselle.com\/en\/wp-json\/wp\/v2\/media\/15258"}],"wp:attachment":[{"href":"https:\/\/baselle.com\/en\/wp-json\/wp\/v2\/media?parent=15150"}],"wp:term":[{"taxonomy":"product_brand","embeddable":true,"href":"https:\/\/baselle.com\/en\/wp-json\/wp\/v2\/product_brand?post=15150"},{"taxonomy":"product_cat","embeddable":true,"href":"https:\/\/baselle.com\/en\/wp-json\/wp\/v2\/product_cat?post=15150"},{"taxonomy":"product_tag","embeddable":true,"href":"https:\/\/baselle.com\/en\/wp-json\/wp\/v2\/product_tag?post=15150"}],"curies":[{"name":"wp","href":"https:\/\/api.w.org\/{rel}","templated":true}]}}