{"id":15149,"date":"2021-08-24T12:05:57","date_gmt":"2021-08-24T10:05:57","guid":{"rendered":"https:\/\/baselle.com\/?post_type=product&#038;p=15149"},"modified":"2022-08-01T13:16:44","modified_gmt":"2022-08-01T11:16:44","slug":"chanel-trendy-cc-large-top-handle-flap-bag-15149","status":"publish","type":"product","link":"https:\/\/baselle.com\/en\/product\/chanel-trendy-cc-large-top-handle-flap-bag-15149\/","title":{"rendered":"CHANEL Trendy CC Large"},"content":{"rendered":"<p>\n<strong>CHANEL Trendy CC Large Top Handle Flap Bag Handtasche Beschreibung<\/strong><\/p>\n<p>Diese originale CHANEL Trendy CC Large Top Handle Flap Bag Handtasche hat sich zu einer begehrten Tasche aus dem Maison CHANEL entwickelt. Sie ist aus schwarzem gesteppten Lammleder gefertigt und verf\u00fcgt \u00fcber eine mit &#8220;CHANEL&#8221; gravierte Platte, einen Ledergriff und Lederkettenriemen sowie goldenfarbene Hardware-Akzente.<\/p>\n<p>Die CHANEL Trendy CC kann als Schultertasche oder an der Hand getragen werden. F\u00fcr maximalen Tragekomfort geht im Schulterbereich der abnehmbare Kettenriemen in weiches Leder \u00fcber. Die Klappe \u00f6ffnet sich zu einem mit Leder gef\u00fctterten Tascheninneren, welches in drei F\u00e4cher aufgeteilt ist. Darin befinden sich zwei Steckf\u00e4cher und ein Rei\u00dfverschlussfach. Am Taschenr\u00fccken befindet sich ein weiteres aufgesetztes Steckfach.\n<\/p>\n<p>\n<strong>Excellent condition<\/strong><br \/>\nDiese CHANEL Trendy CC Large Top Handle Flap Bag Handtasche aus zweiter Hand ist insgesamt in einem hervorragenden Zustand. Dementsprechend sind das gesteppte Lammleder sowie die goldfarbene Hardware in einem einwandfreien Zustand. Auch das Tascheninnere ist sauber, ohne Ger\u00fcche und weist keine L\u00f6cher\/Risse auf.\n<\/p>\n<p>\n<strong>Style:<\/strong> Handbag, shoulder bag<br \/>\n<strong>Size:<\/strong> Large<br \/>\n<strong>Dimensions (approx.):<\/strong> Breite 33 cm * H\u00f6he 26 cm * Tiefe 13 cm<br \/>\n<strong>Shoulder strap (approx.):<\/strong> 95 cm\n<\/p>\n<p>\n<strong>Exterior material:<\/strong> Lambskin leather<br \/>\n<strong>Interior Material<\/strong> Leather lining\n<\/p>\n<p>The pictures represent the offered bag. The picture rights are held by MyLovelyBoutique.com. <\/p>\n<p>Follow us on <a href=\"https:\/\/www.instagram.com\/mylovelyboutique.de\/\" rel=\"noopener noreferrer\" target=\"_blank\"><span style=\"color: #96588a;\">Instagram<\/span><\/a> and get inspired. <\/p>","protected":false},"excerpt":{"rendered":"<table class=\"mlb-product-details\">\n<tbody>\n<tr>\n<td class=\"mlb-details-caption\">Model<\/td>\n<td class=\"mlb-details-value\">Trendy CC Large Top Handle Flap Bag<\/td>\n<\/tr>\n<tr>\n<td class=\"mlb-details-caption\">Colour<\/td>\n<td class=\"mlb-details-value\">Black<\/td>\n<\/tr>\n<tr>\n<td class=\"mlb-details-caption\">Hardware<\/td>\n<td class=\"mlb-details-value\">Gold<\/td>\n<\/tr>\n<tr>\n<td class=\"mlb-details-caption\">Year<\/td>\n<td class=\"mlb-details-value\">2016<\/td>\n<\/tr>\n<tr>\n<td class=\"mlb-details-caption\">Accessoires<\/td>\n<td class=\"mlb-details-value\">Rechnung, Box, Staubbeutel, Staubtuch, Authentizit\u00e4tskarte, Seriennummer mit Hologramm<\/td>\n<\/tr>\n<tr>\n<td class=\"mlb-details-caption\">Condition<\/td>\n<td class=\"mlb-details-value\">Excellent condition<\/td>\n<\/tr>\n<\/tbody>\n<\/table>","protected":false},"featured_media":15176,"template":"","meta":[],"product_brand":[],"product_cat":[1430,154,68,85,99],"product_tag":[],"class_list":{"0":"post-15149","1":"product","2":"type-product","3":"status-publish","4":"has-post-thumbnail","6":"product_cat-chanel","7":"product_cat-designer","8":"product_cat-handtaschen","9":"product_cat-schultertaschen","10":"product_cat-taschen","11":"product_shipping_class-bis5000","13":"first","14":"outofstock","15":"sold-individually","16":"shipping-taxable","17":"purchasable","18":"product-type-simple"},"_links":{"self":[{"href":"https:\/\/baselle.com\/en\/wp-json\/wp\/v2\/product\/15149","targetHints":{"allow":["GET"]}}],"collection":[{"href":"https:\/\/baselle.com\/en\/wp-json\/wp\/v2\/product"}],"about":[{"href":"https:\/\/baselle.com\/en\/wp-json\/wp\/v2\/types\/product"}],"wp:featuredmedia":[{"embeddable":true,"href":"https:\/\/baselle.com\/en\/wp-json\/wp\/v2\/media\/15176"}],"wp:attachment":[{"href":"https:\/\/baselle.com\/en\/wp-json\/wp\/v2\/media?parent=15149"}],"wp:term":[{"taxonomy":"product_brand","embeddable":true,"href":"https:\/\/baselle.com\/en\/wp-json\/wp\/v2\/product_brand?post=15149"},{"taxonomy":"product_cat","embeddable":true,"href":"https:\/\/baselle.com\/en\/wp-json\/wp\/v2\/product_cat?post=15149"},{"taxonomy":"product_tag","embeddable":true,"href":"https:\/\/baselle.com\/en\/wp-json\/wp\/v2\/product_tag?post=15149"}],"curies":[{"name":"wp","href":"https:\/\/api.w.org\/{rel}","templated":true}]}}