{"id":15121,"date":"2021-08-19T14:10:04","date_gmt":"2021-08-19T12:10:04","guid":{"rendered":"https:\/\/baselle.com\/?post_type=product&#038;p=15121"},"modified":"2021-09-21T17:38:08","modified_gmt":"2021-09-21T15:38:08","slug":"chanel-brieftasche-mit-reissverschluss-15121","status":"publish","type":"product","link":"https:\/\/baselle.com\/en\/product\/chanel-brieftasche-mit-reissverschluss-15121\/","title":{"rendered":"CHANEL Portemonnaie"},"content":{"rendered":"<p>\n<strong>CHANEL Brieftasche mit Rei\u00dfverschluss Beschreibung<\/strong> <\/p>\n<p>Diese originale CHANEL Brieftasche mit Rei\u00dfverschluss bietet Platz f\u00fcr Kreditkarten, Kleingeld sowie Geldscheine und l\u00e4sst sich durch einen praktischen Rundum-Zipper \u00f6ffnen.\n<\/p>\n<p>\n<strong>Excellent condition<\/strong><br \/>\nDiese CHANEL Brieftasche mit Rei\u00dfverschluss aus zweiter Hand wurde kaum getragen und ist daher in einem hervorragenden Zustand.\n<\/p>\n<p>\n<strong>Wallet size:<\/strong>  Medium<br \/>\n<strong>Dimensions (approx.):<\/strong> Breite 16 cm * H\u00f6he 8,5 cm * Tiefe 2 cm\n<\/p>\n<p>\n<strong>Exterior material:<\/strong> Lambskin leather<br \/>\n<strong>Interior Material<\/strong> leather\n<\/p>\n<p>The pictures represent the offered wallet. The picture rights are held by MyLovelyBoutique.com. <\/p>\n<p>Follow us on <a href=\"https:\/\/www.instagram.com\/mylovelyboutique.de\/\" rel=\"noopener noreferrer\" target=\"_blank\"><span style=\"color: #96588a;\">Instagram<\/span><\/a> and get inspired. <\/p>","protected":false},"excerpt":{"rendered":"<table class=\"mlb-product-details\">\n<tbody>\n<tr>\n<td class=\"mlb-details-caption\">Model<\/td>\n<td class=\"mlb-details-value\">Brieftasche mit Rei\u00dfverschluss<\/td>\n<\/tr>\n<tr>\n<td class=\"mlb-details-caption\">Colour<\/td>\n<td class=\"mlb-details-value\">Black<\/td>\n<\/tr>\n<tr>\n<td class=\"mlb-details-caption\">Hardware<\/td>\n<td class=\"mlb-details-value\">Gold<\/td>\n<\/tr>\n<tr>\n<td class=\"mlb-details-caption\">Year<\/td>\n<td class=\"mlb-details-value\">2018<\/td>\n<\/tr>\n<tr>\n<td class=\"mlb-details-caption\">Accessoires<\/td>\n<td class=\"mlb-details-value\">Box, dustbag, serialnumber with hologram<\/td>\n<\/tr>\n<tr>\n<td class=\"mlb-details-caption\">Condition<\/td>\n<td class=\"mlb-details-value\">Excellent<\/td>\n<\/tr>\n<\/tbody>\n<\/table>","protected":false},"featured_media":15122,"template":"","meta":[],"product_brand":[],"product_cat":[57,1430,154,90,89],"product_tag":[],"class_list":{"0":"post-15121","1":"product","2":"type-product","3":"status-publish","4":"has-post-thumbnail","6":"product_cat-accessories","7":"product_cat-chanel","8":"product_cat-designer","9":"product_cat-kleinlederwaren","10":"product_cat-portemonnaie","11":"product_shipping_class-bis1000","13":"first","14":"outofstock","15":"sold-individually","16":"shipping-taxable","17":"purchasable","18":"product-type-simple"},"_links":{"self":[{"href":"https:\/\/baselle.com\/en\/wp-json\/wp\/v2\/product\/15121","targetHints":{"allow":["GET"]}}],"collection":[{"href":"https:\/\/baselle.com\/en\/wp-json\/wp\/v2\/product"}],"about":[{"href":"https:\/\/baselle.com\/en\/wp-json\/wp\/v2\/types\/product"}],"wp:featuredmedia":[{"embeddable":true,"href":"https:\/\/baselle.com\/en\/wp-json\/wp\/v2\/media\/15122"}],"wp:attachment":[{"href":"https:\/\/baselle.com\/en\/wp-json\/wp\/v2\/media?parent=15121"}],"wp:term":[{"taxonomy":"product_brand","embeddable":true,"href":"https:\/\/baselle.com\/en\/wp-json\/wp\/v2\/product_brand?post=15121"},{"taxonomy":"product_cat","embeddable":true,"href":"https:\/\/baselle.com\/en\/wp-json\/wp\/v2\/product_cat?post=15121"},{"taxonomy":"product_tag","embeddable":true,"href":"https:\/\/baselle.com\/en\/wp-json\/wp\/v2\/product_tag?post=15121"}],"curies":[{"name":"wp","href":"https:\/\/api.w.org\/{rel}","templated":true}]}}