{"id":15105,"date":"2021-08-23T10:18:45","date_gmt":"2021-08-23T08:18:45","guid":{"rendered":"https:\/\/baselle.com\/?post_type=product&#038;p=15105"},"modified":"2021-09-17T17:58:39","modified_gmt":"2021-09-17T15:58:39","slug":"chanel-classic-tweed-double-flap-bag-15105","status":"publish","type":"product","link":"https:\/\/baselle.com\/en\/product\/chanel-classic-tweed-double-flap-bag-15105\/","title":{"rendered":"CHANEL Tweed Flap Bag"},"content":{"rendered":"<p>\n<strong>CHANEL Classic Tweed Double Flap Bag Handtasche Beschreibung<\/strong><\/p>\n<p>Diese originale CHANEL Classic Tweed Double Flap Bag Handtasche ist eine schicke und klassische Tasche im typisch zeitlosen Stil von Chanel. In ihrer mittleren Gr\u00f6\u00dfe eignet sie sich perfekt als Everyday-Bag, denn sie bietet Platz f\u00fcr Portemonnaie, Schl\u00fcssel, Smartphone und Kosmetik. Sie ist aus hochwertig gewebten Tweedstoff gefertigt und verf\u00fcgt \u00fcber gewebte Kettenriemen, einem CC-Turnlock und silberfarbener Hardware.  <\/p>\n<p>Der CC-Turnlock-Verschluss und die Klappe mit Druckknopfverschluss \u00f6ffnen sich zu einem schwarzen Lederfutter, aufgeteilt in ein Hauptfach, zwei Steckf\u00e4cher und ein vorne aufgesetztes Steckfach. Des weiteren befindet sich unter der Lasche ein kleines Rei\u00dfverschlussfach und am Taschenr\u00fccken ein aufgesetztes Steckfach. Die Double Flap Bag kann kurz oder lang \u00fcber der Schulter getragen werden, so dass maximaler Tragekomfort garantiert ist. Eine komfortable und schlichte Handtasche, die Chanels klassisches Design verk\u00f6rpert.\n<\/p>\n<p>\n<strong>Very good condition:<\/strong><br \/>\nDiese CHANEL Classic Tweed Double Flap Bag Handtasche aus zweiter Hand ist insgesamt in einem sehr guten Zustand. Der Tweedstoff ist in einem sch\u00f6nen gepflegten Zustand. Das Tascheninnere ist sauber, ohne Ger\u00fcche und weist keine L\u00f6cher\/Risse auf.\n<\/p>\n<p>\n<strong>Style:<\/strong> Shoulder Bag<br \/>\n<strong>Size:<\/strong> Medium<br \/>\n<strong>Dimensions (approx.):<\/strong> Breite 25,5 cm * H\u00f6he 15,5 cm * Tiefe 7 cm<br \/>\n<strong>Strap length:<\/strong> einfach = 90 cm, doppelt = 55 cm\n<\/p>\n<p>\n<strong>Exterior material:<\/strong> Tweed<br \/>\n<strong>Interior Material<\/strong> Leather lining\n<\/p>\n<p>The pictures represent the offered bag. The picture rights are held by MyLovelyBoutique.com. <\/p>\n<p>Follow us on <a href=\"https:\/\/www.instagram.com\/mylovelyboutique.de\/\" rel=\"noopener noreferrer\" target=\"_blank\"><span style=\"color: #96588a;\">Instagram<\/span><\/a> and get inspired. <\/p>","protected":false},"excerpt":{"rendered":"<br \/>\n<table class=\"mlb-product-details\">\n<tbody>\n<tr>\n<td class=\"mlb-details-caption\">Model<\/td>\n<td class=\"mlb-details-value\">Classic Tweed Double Flap Bag<\/td>\n<\/tr>\n<tr>\n<td class=\"mlb-details-caption\">Colour<\/td>\n<td class=\"mlb-details-value\">Black, brown<\/td>\n<\/tr>\n<tr>\n<td class=\"mlb-details-caption\">Hardware<\/td>\n<td class=\"mlb-details-value\">Silver<\/td>\n<\/tr>\n<tr>\n<td class=\"mlb-details-caption\">Year<\/td>\n<td class=\"mlb-details-value\">2011<\/td>\n<\/tr>\n<tr>\n<td class=\"mlb-details-caption\">Accessoires<\/td>\n<td class=\"mlb-details-value\">Box, dustbag, serialnumber with hologram<\/td>\n<\/tr>\n<tr>\n<td class=\"mlb-details-caption\">Condition<\/td>\n<td class=\"mlb-details-value\">Very good condition<\/td>\n<\/tr>\n<\/tbody>\n<\/table>","protected":false},"featured_media":15155,"template":"","meta":[],"product_brand":[],"product_cat":[1430,87,154,85,99],"product_tag":[],"class_list":{"0":"post-15105","1":"product","2":"type-product","3":"status-publish","4":"has-post-thumbnail","6":"product_cat-chanel","7":"product_cat-crossbodytaschen","8":"product_cat-designer","9":"product_cat-schultertaschen","10":"product_cat-taschen","11":"product_shipping_class-bis5000","13":"first","14":"outofstock","15":"sold-individually","16":"shipping-taxable","17":"purchasable","18":"product-type-simple"},"_links":{"self":[{"href":"https:\/\/baselle.com\/en\/wp-json\/wp\/v2\/product\/15105","targetHints":{"allow":["GET"]}}],"collection":[{"href":"https:\/\/baselle.com\/en\/wp-json\/wp\/v2\/product"}],"about":[{"href":"https:\/\/baselle.com\/en\/wp-json\/wp\/v2\/types\/product"}],"wp:featuredmedia":[{"embeddable":true,"href":"https:\/\/baselle.com\/en\/wp-json\/wp\/v2\/media\/15155"}],"wp:attachment":[{"href":"https:\/\/baselle.com\/en\/wp-json\/wp\/v2\/media?parent=15105"}],"wp:term":[{"taxonomy":"product_brand","embeddable":true,"href":"https:\/\/baselle.com\/en\/wp-json\/wp\/v2\/product_brand?post=15105"},{"taxonomy":"product_cat","embeddable":true,"href":"https:\/\/baselle.com\/en\/wp-json\/wp\/v2\/product_cat?post=15105"},{"taxonomy":"product_tag","embeddable":true,"href":"https:\/\/baselle.com\/en\/wp-json\/wp\/v2\/product_tag?post=15105"}],"curies":[{"name":"wp","href":"https:\/\/api.w.org\/{rel}","templated":true}]}}