{"id":15100,"date":"2021-08-20T11:33:25","date_gmt":"2021-08-20T09:33:25","guid":{"rendered":"https:\/\/baselle.com\/?post_type=product&#038;p=15100"},"modified":"2022-11-25T14:38:01","modified_gmt":"2022-11-25T13:38:01","slug":"louis-vuitton-beaubourg-hobo-mm-schwarz-15100","status":"publish","type":"product","link":"https:\/\/baselle.com\/en\/product\/louis-vuitton-beaubourg-hobo-mm-schwarz-15100\/","title":{"rendered":"Louis Vuitton Beaubourg Hobo"},"content":{"rendered":"<p>\n<strong>Louis Vuitton Beaubourg Hobo Mahina Leder Handtasche Beschreibung<\/strong><\/p>\n<p>Diese originale Louis Vuitton Beaubourg Hobo Mahina Leder Handtasche vereint elegantes Design mit l\u00e4ssigem Tragekomfort. Sie ist aus Monogram perforierten Mahina Leder gefertigt und verf\u00fcgt \u00fcber einen geflochtenen Ledergriff und silberne Hardware-Akzente. Der abnehmbare und in der L\u00e4nge verstellbare Schulterriemen verspricht maximalen Tragekomfort und macht die Beaubourg zum idealen Begleiter f\u00fcr unterwegs. <\/p>\n<p>Die Handtasche \u00f6ffnet sich durch einen Doppelrei\u00dfverschluss zu einem schwarzem Innenraum aus Mikrofaser mit einem Rei\u00dfverschlussfach sowie zwei Steckf\u00e4chern. Ihre vielen praktischen Details machen die Louis Vuitton Beaubourg Hobo Handtasche zum eleganten Lieblingsst\u00fcck f\u00fcr den t\u00e4glichen Gebrauch.\n<\/p>\n<p>\n<strong>Excellent condition<\/strong><br \/>\nDiese Louis Vuitton Beaubourg Hobo Mahina Leder Handtasche aus zweiter Hand ist insgesamt in einem hervorragenden Zustand. Die Tasche wurde kaum getragen. Dementsprechend sind das Kalbsleder mit der Mahina Lochpr\u00e4gung sowie die silberne Hardware in einem sehr gepflegten Zustand. Das Tascheninnere ist sauber und weist keine L\u00f6cher\/Risse auf.\n<\/p>\n<p>\n<strong>Style:<\/strong> Schulter-\/Handtasche, Crossbody<br \/>\n<strong>Size:<\/strong> MM<br \/>\n<strong>Dimensions (approx.):<\/strong> Breite 32 cm * H\u00f6he 26 cm * Tiefe 17 cm\n<\/p>\n<p>\n<strong>Exterior material:<\/strong> Perforiertes Mahina Kalbsleder<br \/>\n<strong>Interior Material<\/strong> microfibre lining\n<\/p>\n<p>The pictures represent the offered bag. The picture rights are held by MyLovelyBoutique.com. <\/p>\n<p>Follow us on <a href=\"https:\/\/www.instagram.com\/mylovelyboutique.de\/\" rel=\"noopener noreferrer\" target=\"_blank\"><span style=\"color: #96588a;\">Instagram<\/span><\/a> and get inspired. <\/p>","protected":false},"excerpt":{"rendered":"<table class=\"mlb-product-details\">\n<tbody>\n<tr>\n<td class=\"mlb-details-caption\">Model<\/td>\n<td class=\"mlb-details-value\">Beaubourg Hobo MM<\/td>\n<\/tr>\n<tr>\n<td class=\"mlb-details-caption\">Colour<\/td>\n<td class=\"mlb-details-value\">Black<\/td>\n<\/tr>\n<tr>\n<td class=\"mlb-details-caption\">Hardware<\/td>\n<td class=\"mlb-details-value\">Silver<\/td>\n<\/tr>\n<tr>\n<td class=\"mlb-details-caption\">Year<\/td>\n<td class=\"mlb-details-value\">2020<\/td>\n<\/tr>\n<tr>\n<td class=\"mlb-details-caption\">Accessoires<\/td>\n<td class=\"mlb-details-value\">LV-Rechnung, Box, Staubbeutel, LV-Anh\u00e4nger, Adressanh\u00e4nger, abnehmbarer Schulterriemen<\/td>\n<\/tr>\n<tr>\n<td class=\"mlb-details-caption\">Condition<\/td>\n<td class=\"mlb-details-value\">Excellent condition<\/td>\n<\/tr>\n<\/tbody>\n<\/table>","protected":false},"featured_media":15137,"template":"","meta":[],"product_brand":[],"product_cat":[87,154,68,1431,85,99],"product_tag":[],"class_list":{"0":"post-15100","1":"product","2":"type-product","3":"status-publish","4":"has-post-thumbnail","6":"product_cat-crossbodytaschen","7":"product_cat-designer","8":"product_cat-handtaschen","9":"product_cat-louisvuitton","10":"product_cat-schultertaschen","11":"product_cat-taschen","12":"product_shipping_class-bis5000","14":"first","15":"outofstock","16":"sold-individually","17":"shipping-taxable","18":"purchasable","19":"product-type-simple"},"_links":{"self":[{"href":"https:\/\/baselle.com\/en\/wp-json\/wp\/v2\/product\/15100","targetHints":{"allow":["GET"]}}],"collection":[{"href":"https:\/\/baselle.com\/en\/wp-json\/wp\/v2\/product"}],"about":[{"href":"https:\/\/baselle.com\/en\/wp-json\/wp\/v2\/types\/product"}],"wp:featuredmedia":[{"embeddable":true,"href":"https:\/\/baselle.com\/en\/wp-json\/wp\/v2\/media\/15137"}],"wp:attachment":[{"href":"https:\/\/baselle.com\/en\/wp-json\/wp\/v2\/media?parent=15100"}],"wp:term":[{"taxonomy":"product_brand","embeddable":true,"href":"https:\/\/baselle.com\/en\/wp-json\/wp\/v2\/product_brand?post=15100"},{"taxonomy":"product_cat","embeddable":true,"href":"https:\/\/baselle.com\/en\/wp-json\/wp\/v2\/product_cat?post=15100"},{"taxonomy":"product_tag","embeddable":true,"href":"https:\/\/baselle.com\/en\/wp-json\/wp\/v2\/product_tag?post=15100"}],"curies":[{"name":"wp","href":"https:\/\/api.w.org\/{rel}","templated":true}]}}