{"id":15042,"date":"2021-08-04T15:00:27","date_gmt":"2021-08-04T13:00:27","guid":{"rendered":"https:\/\/baselle.com\/?post_type=product&#038;p=15042"},"modified":"2022-11-15T09:52:55","modified_gmt":"2022-11-15T08:52:55","slug":"louis-vuitton-venus-monogram-canvas-raisin-15042","status":"publish","type":"product","link":"https:\/\/baselle.com\/en\/product\/louis-vuitton-venus-monogram-canvas-raisin-15042\/","title":{"rendered":"Louis Vuitton Venus Raisin"},"content":{"rendered":"<p>\n<strong>Louis Vuitton Venus Monogram Canvas Handtasche Beschreibung<\/strong><\/p>\n<p>Diese originale Louis Vuitton Venus Monogram Canvas Handtasche ist eine stilvolle und zugleich funktionale Handtasche f\u00fcr den Alltag. Sie besticht durch ihren auff\u00e4lligen Kontrast aus traditionellem Monogram Canvas und bordeaux-farbenem Rindsleder. Die Toron-Griffe sowie der abnehmbare Schulterriemen garantieren Dir maximalen Tragekomfort im Alltag.<\/p>\n<p>Durch einen Karabiner \u00f6ffnet sich die Tasche zu einem roten Innenraum aus Mikrofaser mit einem Rei\u00dfverschluss-Mittelfach und zwei Steckf\u00e4chern. Zus\u00e4tzlichen Stauraum bieten die beidseitig aufgesetzten Steckf\u00e4cher auf der Vorder- sowie R\u00fcckseite der Tasche. Diese lassen sich durch einen Magnetverschluss bzw. durch das angebrachte Schloss \u00f6ffnen lassen. Dieses legere Modell ist ein stilvolles Accessoire f\u00fcr die moderne Frau.\n<\/p>\n<p>\n<strong>Excellent condition<\/strong><br \/>\nDiese Louis Vuitton Venus Monogram Canvas Handtasche aus zweiter Hand ist insgesamt in einem hervorragenden Zustand. Das Monogram Canvas sowie die Leder-Bes\u00e4tze sind in einem sehr gepflegten Zustand. Die goldenen Hardware-Akzente sind in einem einwandfreien Zustand. Das Tascheninnere ist sauber und weist keine L\u00f6cher\/Risse auf.\n<\/p>\n<p>\n<strong>Style:<\/strong> shoulder bag, handbag<br \/>\n<strong>Size:<\/strong> MM<br \/>\n<strong>Dimensions (approx.):<\/strong> Breite 37 cm * H\u00f6he 23 cm * Tiefe 14 cm<br \/>\n<strong>Strap length (approx.):<\/strong> 95 cm\n<\/p>\n<p>\n<strong>Exterior material:<\/strong> Monogram Canvas, cowhide leather<br \/>\n<strong>Interior Material<\/strong> microfibre lining\n<\/p>\n<p>The pictures represent the offered bag. The picture rights are held by MyLovelyBoutique.com.<\/p>\n<p>Follow us on <a href=\"https:\/\/www.instagram.com\/mylovelyboutique.de\/\" rel=\"noopener noreferrer\" target=\"_blank\"><span style=\"color: #96588a;\">Instagram<\/span><\/a> and get inspired. <\/p>","protected":false},"excerpt":{"rendered":"<table class=\"mlb-product-details\">\n<tbody>\n<tr>\n<td class=\"mlb-details-caption\">Model<\/td>\n<td class=\"mlb-details-value\">Venus Monogram Canvas Raisin<\/td>\n<\/tr>\n<tr>\n<td class=\"mlb-details-caption\">Colour<\/td>\n<td class=\"mlb-details-value\">Braun, Rot<\/td>\n<\/tr>\n<tr>\n<td class=\"mlb-details-caption\">Hardware<\/td>\n<td class=\"mlb-details-value\">Gold<\/td>\n<\/tr>\n<tr>\n<td class=\"mlb-details-caption\">Year<\/td>\n<td class=\"mlb-details-value\">2017<\/td>\n<\/tr>\n<tr>\n<td class=\"mlb-details-caption\">Accessoires<\/td>\n<td class=\"mlb-details-value\">Rechnung, Staubbeutel, abnehmbarer Schulterriemen, Schloss + Schl\u00fcssel, Clochette<\/td>\n<\/tr>\n<tr>\n<td class=\"mlb-details-caption\">Condition<\/td>\n<td class=\"mlb-details-value\">Excellent condition<\/td>\n<\/tr>\n<\/tbody>\n<\/table>","protected":false},"featured_media":15046,"template":"","meta":[],"product_brand":[],"product_cat":[154,68,1431,85,99],"product_tag":[],"class_list":{"0":"post-15042","1":"product","2":"type-product","3":"status-publish","4":"has-post-thumbnail","6":"product_cat-designer","7":"product_cat-handtaschen","8":"product_cat-louisvuitton","9":"product_cat-schultertaschen","10":"product_cat-taschen","11":"product_shipping_class-bis2500","13":"first","14":"outofstock","15":"sold-individually","16":"shipping-taxable","17":"purchasable","18":"product-type-simple"},"_links":{"self":[{"href":"https:\/\/baselle.com\/en\/wp-json\/wp\/v2\/product\/15042","targetHints":{"allow":["GET"]}}],"collection":[{"href":"https:\/\/baselle.com\/en\/wp-json\/wp\/v2\/product"}],"about":[{"href":"https:\/\/baselle.com\/en\/wp-json\/wp\/v2\/types\/product"}],"wp:featuredmedia":[{"embeddable":true,"href":"https:\/\/baselle.com\/en\/wp-json\/wp\/v2\/media\/15046"}],"wp:attachment":[{"href":"https:\/\/baselle.com\/en\/wp-json\/wp\/v2\/media?parent=15042"}],"wp:term":[{"taxonomy":"product_brand","embeddable":true,"href":"https:\/\/baselle.com\/en\/wp-json\/wp\/v2\/product_brand?post=15042"},{"taxonomy":"product_cat","embeddable":true,"href":"https:\/\/baselle.com\/en\/wp-json\/wp\/v2\/product_cat?post=15042"},{"taxonomy":"product_tag","embeddable":true,"href":"https:\/\/baselle.com\/en\/wp-json\/wp\/v2\/product_tag?post=15042"}],"curies":[{"name":"wp","href":"https:\/\/api.w.org\/{rel}","templated":true}]}}