{"id":14995,"date":"2021-07-26T13:45:58","date_gmt":"2021-07-26T11:45:58","guid":{"rendered":"https:\/\/baselle.com\/?post_type=product&#038;p=14995"},"modified":"2023-03-04T11:55:12","modified_gmt":"2023-03-04T10:55:12","slug":"chanel-chevron-chain-bucket-bag-beige-14995","status":"publish","type":"product","link":"https:\/\/baselle.com\/en\/product\/chanel-chevron-chain-bucket-bag-beige-14995\/","title":{"rendered":"CHANEL Bucket Bag"},"content":{"rendered":"<p>\n<strong>CHANEL Chevron Chain Bucket Bag Beschreibung<\/strong><\/p>\n<p>Diese originale CHANEL Chevron Chain Bucket Bag vereint elegantes Design mit l\u00e4ssigem Tragekomfort. Sie ist aus weichem Schafleder gefertigt und verf\u00fcgt \u00fcber einen Schultergurt mit Kettenriemen, zwei seitliche Au\u00dfentaschen und silberfarbene Hardware mit Ruthenium-Finish. <\/p>\n<p>Der Kordel-Verschluss \u00f6ffnet sich zu einem hellbeigen Innenfutter mit einem Rei\u00dfverschlussfach, ein Steckfach sowie einem Lederband mit Karabiner. Die Drawstring Bag kann bequem an der Hand, \u00fcber der Schulter sowie diagonal am K\u00f6rper getragen werden, so dass maximaler Tragekomfort garantiert ist.\n<\/p>\n<p>\n<strong>Very good condition:<\/strong><br \/>\nDiese CHANEL Chevron Chain Bucket Bag aus zweiter Hand ist insgesamt in einem sehr guten Zustand. Das Schafleder ist rundum in einem gepflegten Zustand. Die silbernen Hardware-Akzente sind in einem guten Zustand. Das Tascheninnere ist sauber, ohne Ger\u00fcche und weist keine L\u00f6cher\/Risse auf.<\/p>\n<p>\n<strong>Style:<\/strong> Shoulder bag, handbag, crossbody<br \/>\n<strong>Rucksackgr\u00f6\u00dfe:<\/strong> Medium<br \/>\n<strong>Dimensions (approx.):<\/strong> Breite 28 cm * H\u00f6he 24 cm * Tiefe 16 cm<br \/>\n<strong>Shoulder chain:<\/strong> 108 cm\n<\/p>\n<p>\n<strong>Exterior material:<\/strong> Sheepskin<br \/>\n<strong>Interior Material<\/strong> fabric lining\n<\/p>\n<p>The pictures represent the offered bag. The picture rights are held by MyLovelyBoutique.com. <\/p>\n<p>Follow us on <a href=\"https:\/\/www.instagram.com\/mylovelyboutique.de\/\" rel=\"noopener noreferrer\" target=\"_blank\"><span style=\"color: #96588a;\">Instagram<\/span><\/a> and get inspired.<\/p>","protected":false},"excerpt":{"rendered":"<table class=\"mlb-product-details\">\n<tbody>\n<tr>\n<td class=\"mlb-details-caption\">Model<\/td>\n<td class=\"mlb-details-value\">Chevron Chain Bucket Bag<\/td>\n<\/tr>\n<tr>\n<td class=\"mlb-details-caption\">Colour<\/td>\n<td class=\"mlb-details-value\">Hellbeige<\/td>\n<\/tr>\n<tr>\n<td class=\"mlb-details-caption\">Hardware<\/td>\n<td class=\"mlb-details-value\">Silver<\/td>\n<\/tr>\n<tr>\n<td class=\"mlb-details-caption\">Year<\/td>\n<td class=\"mlb-details-value\">2017<\/td>\n<\/tr>\n<tr>\n<td class=\"mlb-details-caption\">Accessoires<\/td>\n<td class=\"mlb-details-value\">Staubbeutel, Staubtuch, Seriennummer mit Hologramm<\/td>\n<\/tr>\n<tr>\n<td class=\"mlb-details-caption\">Condition<\/td>\n<td class=\"mlb-details-value\">Very good condition<\/td>\n<\/tr>\n<\/tbody>\n<\/table>","protected":false},"featured_media":14996,"template":"","meta":[],"product_brand":[],"product_cat":[1430,87,154,68,85,99],"product_tag":[],"class_list":{"0":"post-14995","1":"product","2":"type-product","3":"status-publish","4":"has-post-thumbnail","6":"product_cat-chanel","7":"product_cat-crossbodytaschen","8":"product_cat-designer","9":"product_cat-handtaschen","10":"product_cat-schultertaschen","11":"product_cat-taschen","12":"product_shipping_class-bis5000","14":"first","15":"outofstock","16":"sold-individually","17":"shipping-taxable","18":"purchasable","19":"product-type-simple"},"_links":{"self":[{"href":"https:\/\/baselle.com\/en\/wp-json\/wp\/v2\/product\/14995","targetHints":{"allow":["GET"]}}],"collection":[{"href":"https:\/\/baselle.com\/en\/wp-json\/wp\/v2\/product"}],"about":[{"href":"https:\/\/baselle.com\/en\/wp-json\/wp\/v2\/types\/product"}],"wp:featuredmedia":[{"embeddable":true,"href":"https:\/\/baselle.com\/en\/wp-json\/wp\/v2\/media\/14996"}],"wp:attachment":[{"href":"https:\/\/baselle.com\/en\/wp-json\/wp\/v2\/media?parent=14995"}],"wp:term":[{"taxonomy":"product_brand","embeddable":true,"href":"https:\/\/baselle.com\/en\/wp-json\/wp\/v2\/product_brand?post=14995"},{"taxonomy":"product_cat","embeddable":true,"href":"https:\/\/baselle.com\/en\/wp-json\/wp\/v2\/product_cat?post=14995"},{"taxonomy":"product_tag","embeddable":true,"href":"https:\/\/baselle.com\/en\/wp-json\/wp\/v2\/product_tag?post=14995"}],"curies":[{"name":"wp","href":"https:\/\/api.w.org\/{rel}","templated":true}]}}