{"id":14956,"date":"2021-07-27T13:49:24","date_gmt":"2021-07-27T11:49:24","guid":{"rendered":"https:\/\/baselle.com\/?post_type=product&#038;p=14956"},"modified":"2021-08-17T13:16:41","modified_gmt":"2021-08-17T11:16:41","slug":"louis-vuitton-lockme-bucket-bag-black-14956","status":"publish","type":"product","link":"https:\/\/baselle.com\/en\/product\/louis-vuitton-lockme-bucket-bag-black-14956\/","title":{"rendered":"Louis Vuitton Lockme Bucket"},"content":{"rendered":"<p>\n<strong>Louis Vuitton Lockme Bucket Bag Leder Handtasche Beschreibung<\/strong><\/p>\n<p>Diese originale Louis Vuitton Lockme Bucket Bag Leder Handtasche ist ein elegantes Lieblingsst\u00fcck f\u00fcr die moderne Frau. Das schlichte Design und das ger\u00e4umige Interieur machen aus diesem Modell die perfekte Alltagsbegleitung. Diese stilvolle Tasche ist aus geschmeidigem, genarbten Kalbsleder gefertigt und verf\u00fcgt \u00fcber eine eckige Silhouette. Weitere raffinierte Details sind der verstellbare Lederriemen, ein gro\u00dfes LV-Logo, eine abnehmbare Clochette mit verstecktem Schl\u00fcsselring sowie silberfarbene Beschl\u00e4ge.  <\/p>\n<p>Der Drehverschluss mit LV Signatur \u00f6ffnet sich zu einem pinken gro\u00dfz\u00fcgigen Inneren aus Mikrofaser mit einem Rei\u00dfverschlussfach und einem Steckfach. Die Louis Vuitton Lockme Bucket Bag kann durch den verstellbaren Schulterriemen bequem \u00fcber der Schulter sowie diagonal am K\u00f6rper getragen werden.\n<\/p>\n<p>\n<strong>Excellent condition<\/strong><br \/>\nDiese Louis Vuitton Lockme Bucket Bag Leder Handtasche aus zweiter Hand ist insgesamt in einem hervorragenden Zustand. Das genarbte Kalbsleder, auch die Ecken, sowie die silberfarbene Hardware sind in einem sehr gepflegten Zustand. Das Tascheninnere ist sauber, ohne Ger\u00fcche und weist keine L\u00f6cher\/Risse auf. An der Clochette befindet sich r\u00fcckseitig ein Hotstamping.\n<\/p>\n<p>\n<strong>Style:<\/strong> Hand-\/Schultertasche, Crossbody<br \/>\n<strong>Size:<\/strong> NM<br \/>\n<strong>Dimensions (approx.):<\/strong> Breite 26 cm * H\u00f6he 27 cm * Tiefe 16 cm<br \/>\n<strong>Strap length:<\/strong> min. 62 cm, max. 105 cm\n<\/p>\n<p>\n<strong>Exterior material:<\/strong> Grained calfskin leather<br \/>\n<strong>Interior Material<\/strong> microfibre lining\n<\/p>\n<p>The pictures represent the offered bag. The picture rights are held by MyLovelyBoutique.com.<\/p>\n<p>Follow us on <a href=\"https:\/\/www.instagram.com\/mylovelyboutique.de\/\" rel=\"noopener noreferrer\" target=\"_blank\"><span style=\"color: #96588a;\">Instagram<\/span><\/a> and get inspired. <\/p>","protected":false},"excerpt":{"rendered":"<table class=\"mlb-product-details\">\n<tbody>\n<tr>\n<td class=\"mlb-details-caption\">Model<\/td>\n<td class=\"mlb-details-value\">Louis Vuitton Lockme Bucket Bag<\/td>\n<\/tr>\n<tr>\n<td class=\"mlb-details-caption\">Colour<\/td>\n<td class=\"mlb-details-value\">Black<\/td>\n<\/tr>\n<tr>\n<td class=\"mlb-details-caption\">Hardware<\/td>\n<td class=\"mlb-details-value\">Silver<\/td>\n<\/tr>\n<tr>\n<td class=\"mlb-details-caption\">Year<\/td>\n<td class=\"mlb-details-value\">2018<\/td>\n<\/tr>\n<tr>\n<td class=\"mlb-details-caption\">Accessoires<\/td>\n<td class=\"mlb-details-value\">Rechnung, Staubbeutel, Clochette mit Schl\u00fcsselring<\/td>\n<\/tr>\n<tr>\n<td class=\"mlb-details-caption\">Condition<\/td>\n<td class=\"mlb-details-value\">Excellent condition<\/td>\n<\/tr>\n<\/tbody>\n<\/table>","protected":false},"featured_media":15012,"template":"","meta":[],"product_brand":[],"product_cat":[87,154,68,1431,85,99],"product_tag":[],"class_list":{"0":"post-14956","1":"product","2":"type-product","3":"status-publish","4":"has-post-thumbnail","6":"product_cat-crossbodytaschen","7":"product_cat-designer","8":"product_cat-handtaschen","9":"product_cat-louisvuitton","10":"product_cat-schultertaschen","11":"product_cat-taschen","12":"product_shipping_class-bis2500","14":"first","15":"outofstock","16":"sold-individually","17":"shipping-taxable","18":"purchasable","19":"product-type-simple"},"_links":{"self":[{"href":"https:\/\/baselle.com\/en\/wp-json\/wp\/v2\/product\/14956","targetHints":{"allow":["GET"]}}],"collection":[{"href":"https:\/\/baselle.com\/en\/wp-json\/wp\/v2\/product"}],"about":[{"href":"https:\/\/baselle.com\/en\/wp-json\/wp\/v2\/types\/product"}],"wp:featuredmedia":[{"embeddable":true,"href":"https:\/\/baselle.com\/en\/wp-json\/wp\/v2\/media\/15012"}],"wp:attachment":[{"href":"https:\/\/baselle.com\/en\/wp-json\/wp\/v2\/media?parent=14956"}],"wp:term":[{"taxonomy":"product_brand","embeddable":true,"href":"https:\/\/baselle.com\/en\/wp-json\/wp\/v2\/product_brand?post=14956"},{"taxonomy":"product_cat","embeddable":true,"href":"https:\/\/baselle.com\/en\/wp-json\/wp\/v2\/product_cat?post=14956"},{"taxonomy":"product_tag","embeddable":true,"href":"https:\/\/baselle.com\/en\/wp-json\/wp\/v2\/product_tag?post=14956"}],"curies":[{"name":"wp","href":"https:\/\/api.w.org\/{rel}","templated":true}]}}