{"id":14953,"date":"2021-08-03T23:04:35","date_gmt":"2021-08-03T21:04:35","guid":{"rendered":"https:\/\/baselle.com\/?post_type=product&#038;p=14953"},"modified":"2022-02-18T12:58:34","modified_gmt":"2022-02-18T11:58:34","slug":"louis-vuitton-tournon-hobo-bag-leder-handtasche-bordeaux-14953","status":"publish","type":"product","link":"https:\/\/baselle.com\/en\/product\/louis-vuitton-tournon-hobo-bag-leder-handtasche-bordeaux-14953\/","title":{"rendered":"Louis Vuitton Tournon"},"content":{"rendered":"<p>\n<strong>Louis Vuitton Tournon Hobo Bag Description<\/strong> <\/p>\n<p>Diese originale Louis Vuitton Tournon Hobo Bag Leder Handtasche ist ein elegantes Lieblingsst\u00fcck f\u00fcr die moderne Frau. Die strukturierte Business-Bag ist aus feinstem Kalbsleder gefertigt und verf\u00fcgt \u00fcber eine eckige Silhouette. Weitere raffinierte Details sind die verspielten Lederknoten, ein lederbezogenes LV-Logo, sch\u00fctzende Taschenf\u00fc\u00dfe sowie goldfarbene Hardware-Akzente. Zudem garantiert der gerollte Ledergriff f\u00fcr maximalen Tragekomfort im Alltag.<\/p>\n<p>Das Tascheninnere der Louis Vuitton Tournon ist aus weichem Kalbsleder in Pink gefertigt, worin sich ein Rei\u00dfverschlussfach befindet, welches perfekt f\u00fcr das Aufbewahren Deiner wichtigsten Dinge ist.\n<\/p>\n<p>\n<strong>Excellent condition<\/strong><br \/>\nThis pre-loved Louis Vuitton Tournon Hobo leather handbag is in excellent overall condition. The Taurillon leather, including the corners, and the gold-tone hardware are in very good condition. The linig of the bag is clean, odour-free and shows no holes or tears.\n<\/p>\n<p>\n<strong>Style:<\/strong> Handbag, shoulder bag<br \/>\n<strong>Size:<\/strong> GM<br \/>\n<strong>Dimensions (approx.):<\/strong> width 33 cm * height 30 cm * depth 17 cm\n<\/p>\n<p>\n<strong>Exterior material:<\/strong> calfskin leather<br \/>\n<strong>Interior Material<\/strong> calfskin leather\n<\/p>\n<p>The pictures represent the offered bag. The picture rights are held by MyLovelyBoutique.com. <\/p>\n<p>Follow us on <a href=\"https:\/\/www.instagram.com\/mylovelyboutique.de\/\" rel=\"noopener noreferrer\" target=\"_blank\"><span style=\"color: #96588a;\">Instagram<\/span><\/a> and get inspired.<\/p>","protected":false},"excerpt":{"rendered":"<table class=\"mlb-product-details\">\n<tbody>\n<tr>\n<td class=\"mlb-details-caption\">Model<\/td>\n<td class=\"mlb-details-value\">Tournon Hobo Bag <\/td>\n<\/tr>\n<tr>\n<td class=\"mlb-details-caption\">Colour<\/td>\n<td class=\"mlb-details-value\">Bordeaux<\/td>\n<\/tr>\n<tr>\n<td class=\"mlb-details-caption\">Hardware<\/td>\n<td class=\"mlb-details-value\">Gold<\/td>\n<\/tr>\n<tr>\n<td class=\"mlb-details-caption\">Year<\/td>\n<td class=\"mlb-details-value\">2015<\/td>\n<\/tr>\n<tr>\n<td class=\"mlb-details-caption\">Accessoires<\/td>\n<td class=\"mlb-details-value\">Staubbeutel, LV-Booklet<\/td>\n<\/tr>\n<tr>\n<td class=\"mlb-details-caption\">Condition<\/td>\n<td class=\"mlb-details-value\">Excellent condition<\/td>\n<\/tr>\n<\/tbody>\n<\/table>","protected":false},"featured_media":15030,"template":"","meta":[],"product_brand":[],"product_cat":[154,68,1431,85,99],"product_tag":[],"class_list":{"0":"post-14953","1":"product","2":"type-product","3":"status-publish","4":"has-post-thumbnail","6":"product_cat-designer","7":"product_cat-handtaschen","8":"product_cat-louisvuitton","9":"product_cat-schultertaschen","10":"product_cat-taschen","11":"product_shipping_class-bis2500","13":"first","14":"outofstock","15":"sold-individually","16":"shipping-taxable","17":"purchasable","18":"product-type-simple"},"_links":{"self":[{"href":"https:\/\/baselle.com\/en\/wp-json\/wp\/v2\/product\/14953","targetHints":{"allow":["GET"]}}],"collection":[{"href":"https:\/\/baselle.com\/en\/wp-json\/wp\/v2\/product"}],"about":[{"href":"https:\/\/baselle.com\/en\/wp-json\/wp\/v2\/types\/product"}],"wp:featuredmedia":[{"embeddable":true,"href":"https:\/\/baselle.com\/en\/wp-json\/wp\/v2\/media\/15030"}],"wp:attachment":[{"href":"https:\/\/baselle.com\/en\/wp-json\/wp\/v2\/media?parent=14953"}],"wp:term":[{"taxonomy":"product_brand","embeddable":true,"href":"https:\/\/baselle.com\/en\/wp-json\/wp\/v2\/product_brand?post=14953"},{"taxonomy":"product_cat","embeddable":true,"href":"https:\/\/baselle.com\/en\/wp-json\/wp\/v2\/product_cat?post=14953"},{"taxonomy":"product_tag","embeddable":true,"href":"https:\/\/baselle.com\/en\/wp-json\/wp\/v2\/product_tag?post=14953"}],"curies":[{"name":"wp","href":"https:\/\/api.w.org\/{rel}","templated":true}]}}