{"id":14810,"date":"2021-05-25T16:08:23","date_gmt":"2021-05-25T14:08:23","guid":{"rendered":"https:\/\/baselle.com\/?post_type=product&#038;p=14810"},"modified":"2021-06-22T21:59:05","modified_gmt":"2021-06-22T19:59:05","slug":"louis-vuitton-neonoe-monogram-giant-escale-pastell","status":"publish","type":"product","link":"https:\/\/baselle.com\/en\/product\/louis-vuitton-neonoe-monogram-giant-escale-pastell\/","title":{"rendered":"Louis Vuitton N\u00e9oNo\u00e9"},"content":{"rendered":"<p>\n<strong>Louis Vuitton N\u00e9oNo\u00e9 Monogram Giant Escale Handtasche Beschreibung<\/strong><\/p>\n<p>Diese originale Louis Vuitton N\u00e9oNo\u00e9 Monogram Giant Escale Handtasche ist eine begehrtes Modell aus der Louis Vuitton Escale-Kollektion. Dieses neu interpretierte Modell besticht durch das Kn\u00fcpfbatik-Motiv und das wundersch\u00f6ne Zusammenspiel ihrer Pastellfarben. Sie ist aus Monogram beschichtetem Canvas und Rindslederbes\u00e4tzen gefertigt und verf\u00fcgt \u00fcber silberfarbene Beschl\u00e4ge. <\/p>\n<p>Durch ein Zugband \u00f6ffnet sich die N\u00e9oNo\u00e9 MM zu einem Mikrofaserinnenfutter mit zwei Innenf\u00e4chern und einem mittleren Rei\u00dfverschlussfach. Durch den verstellbaren Schulterriemen l\u00e4sst sie sich bequem \u00fcber der Schulter oder diagonal am K\u00f6rper tragen, so dass maximaler Tragekomfort garantiert ist. Die wundersch\u00f6ne N\u00e9oNo\u00e9 in Pastellfarben ist ein absolutes Lieblingspiece mit Sammlerwert.\n<\/p>\n<p>\n<strong>Mint condition<\/strong><br \/>\nDiese Louis Vuitton N\u00e9oNo\u00e9 Monogram Giant Escale Handtasche ist ungetragen und daher in einem neuwertigen Zustand. Das beschichtete Monogram Canvas, die silberfarbenen Beschl\u00e4ge sowie das Innenfutter sind in einem einwandfreien Zustand.\n<\/p>\n<p>\n<strong>Style:<\/strong> Shoulder bag, clutch, crossbody<br \/>\n<strong>Size:<\/strong> MM<br \/>\n<strong>Dimensions (approx.):<\/strong> width 26 cm * height 26 cm * depth 17,5 cm\n<\/p>\n<p>\n<strong>Exterior material:<\/strong> Beschichtetes Monogram Canvas, Rindsleder<br \/>\n<strong>Interior Material<\/strong> microfibre lining\n<\/p>\n<p>The pictures represent the offered bag. The picture rights are held by MyLovelyBoutique.com.<\/p>\n<p>Follow us on <a href=\"https:\/\/www.instagram.com\/mylovelyboutique.de\/\" rel=\"noopener noreferrer\" target=\"_blank\"><span style=\"color: #96588a;\">Instagram<\/span><\/a> and get inspired. <\/p>","protected":false},"excerpt":{"rendered":"<table class=\"mlb-product-details\">\n<tbody>\n<tr>\n<td class=\"mlb-details-caption\">Model<\/td>\n<td class=\"mlb-details-value\">N\u00e9oNo\u00e9 MM Monogram Giant Escale (M45124)<\/td>\n<\/tr>\n<tr>\n<td class=\"mlb-details-caption\">Colour<\/td>\n<td class=\"mlb-details-value\">Pastell, Bunt<\/td>\n<\/tr>\n<tr>\n<td class=\"mlb-details-caption\">Hardware<\/td>\n<td class=\"mlb-details-value\">Silver<\/td>\n<\/tr>\n<tr>\n<td class=\"mlb-details-caption\">Year<\/td>\n<td class=\"mlb-details-value\">2020<\/td>\n<\/tr>\n<tr>\n<td class=\"mlb-details-caption\">Accessoires<\/td>\n<td class=\"mlb-details-value\">LV-Rechnung, Box, Staubbeutel, LV-Booklet, LV-Materialinfo<\/td>\n<\/tr>\n<tr>\n<td class=\"mlb-details-caption\">Condition<\/td>\n<td class=\"mlb-details-value\">Mint condition<\/td>\n<\/tr>\n<\/tbody>\n<\/table>","protected":false},"featured_media":12974,"template":"","meta":[],"product_brand":[],"product_cat":[87,154,68,1431,85,99],"product_tag":[],"class_list":{"0":"post-14810","1":"product","2":"type-product","3":"status-publish","4":"has-post-thumbnail","6":"product_cat-crossbodytaschen","7":"product_cat-designer","8":"product_cat-handtaschen","9":"product_cat-louisvuitton","10":"product_cat-schultertaschen","11":"product_cat-taschen","12":"product_shipping_class-bis2500","14":"first","15":"outofstock","16":"sold-individually","17":"shipping-taxable","18":"purchasable","19":"product-type-simple"},"_links":{"self":[{"href":"https:\/\/baselle.com\/en\/wp-json\/wp\/v2\/product\/14810","targetHints":{"allow":["GET"]}}],"collection":[{"href":"https:\/\/baselle.com\/en\/wp-json\/wp\/v2\/product"}],"about":[{"href":"https:\/\/baselle.com\/en\/wp-json\/wp\/v2\/types\/product"}],"wp:featuredmedia":[{"embeddable":true,"href":"https:\/\/baselle.com\/en\/wp-json\/wp\/v2\/media\/12974"}],"wp:attachment":[{"href":"https:\/\/baselle.com\/en\/wp-json\/wp\/v2\/media?parent=14810"}],"wp:term":[{"taxonomy":"product_brand","embeddable":true,"href":"https:\/\/baselle.com\/en\/wp-json\/wp\/v2\/product_brand?post=14810"},{"taxonomy":"product_cat","embeddable":true,"href":"https:\/\/baselle.com\/en\/wp-json\/wp\/v2\/product_cat?post=14810"},{"taxonomy":"product_tag","embeddable":true,"href":"https:\/\/baselle.com\/en\/wp-json\/wp\/v2\/product_tag?post=14810"}],"curies":[{"name":"wp","href":"https:\/\/api.w.org\/{rel}","templated":true}]}}